{"id":4036,"date":"2023-11-20T17:22:50","date_gmt":"2023-11-20T16:22:50","guid":{"rendered":"https:\/\/tmandoutdoor.com\/produit\/graisse-imperiale-a-godillot-blond\/"},"modified":"2025-07-15T22:30:31","modified_gmt":"2025-07-15T20:30:31","slug":"graisse-imperiale-a-godillot-blond","status":"publish","type":"product","link":"https:\/\/tmandoutdoor.com\/de\/produkt\/graisse-imperiale-a-godillot-blond\/","title":{"rendered":"Graisse Imp\u00e9riale A.Godillot (blond)"},"content":{"rendered":"<p>Auf der Basis von echtem Rinderfu\u00df\u00f6l, Mineral- und Pflanzen\u00f6len sowie Rindertalg, Bienen-, Carnauba- und Mineralwachs.<\/p>\n<p>Inhalt: 100 ml<\/p>\n<p><strong>Gebrauchsanweisung<\/strong><\/p>\n<p>Mithilfe einer B\u00fcrste oder eines Lappens einen d\u00fcnnen Film verteilen, einreiben und dann polieren.<br \/>\nMacht die Haut wasserdicht, n\u00e4hrt sie tiefenwirksam und macht sie geschmeidig.<br \/>\nDringt schnell in das Leder ein, ohne dass zu viel gerieben werden muss, bleibt nicht auf der Oberfl\u00e4che, so dass keine Flecken auf der Kleidung entstehen.<br \/>\nAnwendbar auf Stilettos, Stiefeln, S\u00e4tteln, Geschirr, dicken Jacken (Feuerwehr- und Bikerstil&#8230;), Stra\u00dfen-, Wander- und Arbeitsschuhen, ge\u00f6lten M\u00e4nteln.<br \/>\nZur Verwendung auf Glattleder, genarbtem Leder, Fettleder, M\u00e4nteln und ge\u00f6lten Stoffen (Barbour-Stil).<br \/>\nAnwendbar auf Leder mit Membranen vom Typ Gore-tex, Sympatex (Zertifizierung Centre Technique du Cuir in Lyon), ohne dass dies die Wasserdampfdurchl\u00e4ssigkeit beeintr\u00e4chtigt.<\/p>\n<p><strong>Nicht auf Velours-, Lamm- und Nubukleder anwenden.<\/strong><\/p>\n<p><strong>Sicherheitsdatenblatt unten verf\u00fcgbar.<\/strong><\/p>\n<p><span style=\"color: #484848;font-family: Arial, Helvetica, sans-serif;font-size: 13px\">Nicht vertragliches Foto<\/span><\/p>\n<p><span style=\"color: #484848;font-family: Arial, Helvetica, sans-serif;font-size: 13px\">Wird ohne Gaumenb\u00fcrste geliefert<\/span><\/p>\n","protected":false},"excerpt":{"rendered":"<p>Echtes traditionelles blondes Fett aus <strong>franz\u00f6sischer Herstellung<\/strong>.<\/p>\n<p>Empfohlen <strong>zum <\/strong><strong>Weichmachen, N\u00e4hren, Pflegen und<\/strong><strong> Impr\u00e4gnieren<\/strong> von Schuhen, Stiefeln, S\u00e4tteln, Zaumzeug, Geschirren aus nat\u00fcrlichem und leicht gef\u00e4rbtem Leder.<\/p>\n<p>Anwendbar auf Glattleder, Fettleder und sogar auf Leder mit Membranen vom Typ Gore-Tex, Sympatex (Zertifizierung durch das Centre Technique du Cuir in Lyon).<\/p>\n","protected":false},"featured_media":14967,"comment_status":"closed","ping_status":"closed","template":"","meta":[],"product_brand":[],"product_cat":[408],"product_tag":[],"marque":[386],"class_list":{"0":"post-4036","1":"product","2":"type-product","3":"status-publish","4":"has-post-thumbnail","6":"product_cat-zubehor-schuhe","7":"product_shipping_class-shipping-de","8":"marque-a-godillot","10":"first","11":"instock","12":"taxable","13":"shipping-taxable","14":"purchasable","15":"product-type-simple"},"aioseo_notices":[],"_links":{"self":[{"href":"https:\/\/tmandoutdoor.com\/de\/wp-json\/wp\/v2\/product\/4036","targetHints":{"allow":["GET"]}}],"collection":[{"href":"https:\/\/tmandoutdoor.com\/de\/wp-json\/wp\/v2\/product"}],"about":[{"href":"https:\/\/tmandoutdoor.com\/de\/wp-json\/wp\/v2\/types\/product"}],"replies":[{"embeddable":true,"href":"https:\/\/tmandoutdoor.com\/de\/wp-json\/wp\/v2\/comments?post=4036"}],"wp:featuredmedia":[{"embeddable":true,"href":"https:\/\/tmandoutdoor.com\/de\/wp-json\/wp\/v2\/media\/14967"}],"wp:attachment":[{"href":"https:\/\/tmandoutdoor.com\/de\/wp-json\/wp\/v2\/media?parent=4036"}],"wp:term":[{"taxonomy":"product_brand","embeddable":true,"href":"https:\/\/tmandoutdoor.com\/de\/wp-json\/wp\/v2\/product_brand?post=4036"},{"taxonomy":"product_cat","embeddable":true,"href":"https:\/\/tmandoutdoor.com\/de\/wp-json\/wp\/v2\/product_cat?post=4036"},{"taxonomy":"product_tag","embeddable":true,"href":"https:\/\/tmandoutdoor.com\/de\/wp-json\/wp\/v2\/product_tag?post=4036"},{"taxonomy":"marque","embeddable":true,"href":"https:\/\/tmandoutdoor.com\/de\/wp-json\/wp\/v2\/marque?post=4036"}],"curies":[{"name":"wp","href":"https:\/\/api.w.org\/{rel}","templated":true}]}}