{"id":4033,"date":"2023-11-20T17:22:50","date_gmt":"2023-11-20T16:22:50","guid":{"rendered":"https:\/\/tmandoutdoor.com\/produit\/imperiales-ochsenfussoel-a-godillot\/"},"modified":"2025-07-15T22:30:07","modified_gmt":"2025-07-15T20:30:07","slug":"imperiales-ochsenfussoel-a-godillot","status":"publish","type":"product","link":"https:\/\/tmandoutdoor.com\/de\/produkt\/imperiales-ochsenfussoel-a-godillot\/","title":{"rendered":"Imperiales Ochsenfu\u00df\u00f6l A.Godillot"},"content":{"rendered":"<p><strong>Echtes Rinderfu\u00df\u00f6l, 100% REIN.<\/strong><\/p>\n<p>Hergestellt im alten Stil durch Kochen der Rinderf\u00fc\u00dfe und Gewinnung des \u00d6ls.<br \/>\nDieses \u00d6l friert bei niedriger Temperatur ein, was Ihnen seine Reinheit garantiert.<\/p>\n<p>Die Alten benutzten dieses Produkt nur, um das Leder weich zu machen und zu n\u00e4hren.<br \/>\nAchtung dieses Produkt ist sehr stark und hat einen hohen S\u00e4uregehalt.<br \/>\nAuf sehr trockenem Leder oder abwechselnd mit dem Imperialen Fett A.Godillot zu verwenden.<\/p>\n<p style=\"text-align: center;\"><span style=\"color: #d0121a;\"><strong>Warnung<\/strong><\/span><\/p>\n<p style=\"text-align: center;\"><span style=\"color: #d0121a;\"><strong>H\u00fcten Sie sich vor Bezeichnungen wie &#8220;Typ Rinderfu\u00df&#8221; oder &#8220;Qualit\u00e4t Rinderfu\u00df&#8221;, die in Wirklichkeit nur pflanzliche \u00d6le sind (lesen Sie die Zusammensetzung auf dem Etikett), oder \u00d6le mit geringem Anteil Rinderfu\u00df, die mit pflanzlichen oder mineralischen \u00d6len gestreckt sind; oder auch tierische \u00d6le aus anderer Herkunft als Rinderfu\u00df. D\u02bcwegen ihres niedrigen Preises.<\/strong><\/span><br \/>\n<span style=\"color: #d0121a;\"><strong>Weder in Frankreich noch in der EU gibt es Gesetze, die den Weiterverkauf dieser Art von Produkten verbieten.<\/strong><\/span><\/p>\n","protected":false},"excerpt":{"rendered":"<p style=\"text-align: center;\"><strong>Echtes Rinderfu\u00df\u00f6l: 100% rein und nat\u00fcrlich<\/strong><\/p>\n<p><strong>Franz\u00f6sische Herstellung<\/strong><\/p>\n<p>\u00d6l, um dickes oder sehr trockenes Leder geschmeidig zu machen, zu n\u00e4hren und zu impr\u00e4gnieren.<\/p>\n<p>Perfekt f\u00fcr die Pflege von Schuhen, Stiefeln, S\u00e4tteln, Zaumzeug, Ledertaschen&#8230;<\/p>\n","protected":false},"featured_media":7317,"comment_status":"closed","ping_status":"closed","template":"","meta":[],"product_brand":[],"product_cat":[280,408],"product_tag":[],"marque":[],"class_list":{"0":"post-4033","1":"product","2":"type-product","3":"status-publish","4":"has-post-thumbnail","6":"product_cat-zubehoer","7":"product_cat-zubehor-schuhe","8":"product_shipping_class-shipping-de","10":"first","11":"instock","12":"taxable","13":"shipping-taxable","14":"purchasable","15":"product-type-variable"},"aioseo_notices":[],"_links":{"self":[{"href":"https:\/\/tmandoutdoor.com\/de\/wp-json\/wp\/v2\/product\/4033","targetHints":{"allow":["GET"]}}],"collection":[{"href":"https:\/\/tmandoutdoor.com\/de\/wp-json\/wp\/v2\/product"}],"about":[{"href":"https:\/\/tmandoutdoor.com\/de\/wp-json\/wp\/v2\/types\/product"}],"replies":[{"embeddable":true,"href":"https:\/\/tmandoutdoor.com\/de\/wp-json\/wp\/v2\/comments?post=4033"}],"wp:featuredmedia":[{"embeddable":true,"href":"https:\/\/tmandoutdoor.com\/de\/wp-json\/wp\/v2\/media\/7317"}],"wp:attachment":[{"href":"https:\/\/tmandoutdoor.com\/de\/wp-json\/wp\/v2\/media?parent=4033"}],"wp:term":[{"taxonomy":"product_brand","embeddable":true,"href":"https:\/\/tmandoutdoor.com\/de\/wp-json\/wp\/v2\/product_brand?post=4033"},{"taxonomy":"product_cat","embeddable":true,"href":"https:\/\/tmandoutdoor.com\/de\/wp-json\/wp\/v2\/product_cat?post=4033"},{"taxonomy":"product_tag","embeddable":true,"href":"https:\/\/tmandoutdoor.com\/de\/wp-json\/wp\/v2\/product_tag?post=4033"},{"taxonomy":"marque","embeddable":true,"href":"https:\/\/tmandoutdoor.com\/de\/wp-json\/wp\/v2\/marque?post=4033"}],"curies":[{"name":"wp","href":"https:\/\/api.w.org\/{rel}","templated":true}]}}