{"id":40004,"date":"2026-03-26T15:14:23","date_gmt":"2026-03-26T14:14:23","guid":{"rendered":"https:\/\/tmandoutdoor.com\/produit\/rucksack-45l-franzoesische-armee-original\/"},"modified":"2026-03-27T13:53:43","modified_gmt":"2026-03-27T12:53:43","slug":"rucksack-45l-franzoesische-armee-original","status":"publish","type":"product","link":"https:\/\/tmandoutdoor.com\/de\/produkt\/rucksack-45l-franzoesische-armee-original\/","title":{"rendered":"Felin Wanderrucksack 45 Liter Franz\u00f6sische Armee"},"content":{"rendered":"<p>Dieser 45 Liter Wanderrucksack bietet die perfekte Kombination aus Leichtigkeit, Komfort und taktischer Modularit\u00e4t. Er ist ideal f\u00fcr Trekking, Biwak und Outdoor-Expeditionen und passt sich an alle Ihre Tragebed\u00fcrfnisse in den Bergen oder im Gel\u00e4nde an. <\/p>\n<h2 id=\"sac-a-dos-ergonomique-confort-et-portage-optimises\">Ergonomisch geformter Rucksack: optimaler Komfort und Tragekomfort<\/h2>\n<p><strong>Hauptteil mit mehreren Tragegriffen<\/strong>, die nicht in die Hand einschneiden, wenn die Tasche beladen ist. Einfache Handhabung mit Handschuhen. Zwei Tragem\u00f6glichkeiten: als Rucksack oder am Griff, so dass Sie die Gewichtsverteilung je nach Wandergebiet variieren k\u00f6nnen.  <\/p>\n<p><strong>Lasthaltevorrichtung<\/strong> an der Oberseite des Rucksacks und an den Schultertr\u00e4gern f\u00fcr ein optimales Gleichgewicht. Kompressionsriemen, um das Volumen des Rucksacks an Ihre Belastung anzupassen. Alle Einstellriemen sind mit einem Aufrollsystem ausgestattet, um ein Schwingen w\u00e4hrend des Gehens zu verhindern.  <\/p>\n<p>Stabilit\u00e4t und Komfort werden durch den <strong>verstellbaren Lendengurt<\/strong> und den <strong>Brustgurt<\/strong> gew\u00e4hrleistet, die sich an Ihre K\u00f6rperform anpassen lassen. <strong>Ergonomisch geformte<\/strong>, verst\u00e4rkte <strong>Schultergurte<\/strong> mit Handauflagegriffen f\u00fcr bequemes Tragen beim Wandern.<\/p>\n<h2 id=\"systeme-molle-complet-et-modularite-du-sac\">Vollst\u00e4ndiges MOLLE-System und Modularit\u00e4t der Tasche<\/h2>\n<p><strong>MOLLE-Streifen<\/strong> an allen Au\u00dfenseiten des Rucksacks und am H\u00fcftgurt, die die M\u00f6glichkeit bieten, eine Markierungsausr\u00fcstung (EBI) zu befestigen. Modulares System, das eine vollst\u00e4ndige Anpassung an Ihre taktische oder Trekking-Ausr\u00fcstung erm\u00f6glicht. <\/p>\n<h2 id=\"face-avant-du-sac-a-dos-poches-rangements-et-accessoires\">Vorderseite des Rucksacks: Taschen, Stauraum und Zubeh\u00f6r<\/h2>\n<p>Zwei Fronttaschen, eine davon mit mehreren F\u00e4chern f\u00fcr die Aufbewahrung wichtiger kleiner Accessoires.  <strong>Kletthalterung<\/strong> f\u00fcr Namensstreifen und zweite Halterung f\u00fcr IR-Identifikationspflaster f\u00fcr milit\u00e4rische Zwecke.<\/p>\n<p>Elastischer Kordelzug zur schnellen Befestigung. Abnehmbare Seitentaschen, die mit dem MOLLE-System kompatibel sind, m\u00fcssen befestigt und angepasst werden, um ein Wackeln oder Schaukeln beim Wandern zu verhindern. Der Boden des Rucksacks erm\u00f6glicht die Befestigung von zus\u00e4tzlichem Zubeh\u00f6r.  <\/p>\n<h2 id=\"face-dos-du-sac-a-dos-ergonomie-hydratation-et-extraction-rapide\">Rucksackr\u00fcckseite: Ergonomie, Trinken und schnelles Herausnehmen<\/h2>\n<p><strong>Ergonomisch geformter R\u00fcckenschutz<\/strong> mit Schaumstoffverst\u00e4rkung, der die Luftzirkulation und den Schwei\u00dftransport w\u00e4hrend des Tragens f\u00f6rdert. Von au\u00dfen zug\u00e4ngliche Tasche zwischen dem R\u00fccken des Rucksacks und den Schaumstoffeinlagen f\u00fcr ein <strong>Trinksystem<\/strong> mit einem Volumen von 3 Litern (im Lieferumfang enthalten). Verschlie\u00dfbare \u00d6ffnung an der Oberseite des Rucksacks f\u00fcr die Funkantenne und den Trinkschlauch.  <\/p>\n<p>Befestigungssystem am Schultergurt f\u00fcr den Trinkschlauch. Brustgurt: Verstellbare Schultergurte, die <strong>sich an verschiedene K\u00f6rperformen anpassen<\/strong>, mit elastischem Komfort. <\/p>\n<p>Nachr\u00fcstsystem an den Seiten des Rucksacks, um den Rucksack beim Abstieg zu fixieren. <strong>Schnellabzugssystem<\/strong> an den Schultertr\u00e4gern, das mit einer Hand zur Notbefreiung abgeworfen werden kann. <strong>Verstellbarer und abnehmbarer Lendengurt<\/strong>, der mit einer Schnellverschlussschnalle ge\u00f6ffnet werden kann.<\/p>\n<h2 id=\"interieur-du-sac-a-dos-organisation-et-rangement\">Das Innere des Rucksacks: Organisation und Aufbewahrung<\/h2>\n<ul>\n<li>Computertasche zum Schutz Ihrer Ger\u00e4te<\/li>\n<li>Netztasche f\u00fcr schnelles Verstauen<\/li>\n<li>Interne Haltegurte<\/li>\n<\/ul>\n<h2 id=\"couvre-sac-reversible-inclus\">Inklusive umkehrbarer Rucksackabdeckung<\/h2>\n<p>Der <strong>45-Liter-Rucksack<\/strong> ist mit einem <strong>beidseitig verwendbaren Rucksack\u00fcberzug<\/strong> ausgestattet, der zwei Seiten bietet: eine beige und eine milit\u00e4rische Seite, um sich an jede Wanderumgebung anzupassen. Sie wird mit einem Karabinerhaken und einem Ring am Rucksack befestigt. <\/p>\n<h2 id=\"caracteristiques-techniques-et-dimensions-du-sac\">Technische Daten und Abmessungen der Tasche<\/h2>\n<ul>\n<li>Gewicht: 2,1 kg (leicht f\u00fcr seine Kapazit\u00e4t)<\/li>\n<li>Abmessungen: H 54,5 x B 33,5 x T 17 cm<\/li>\n<li>Kapazit\u00e4t: 45 Liter<\/li>\n<\/ul>\n<h2 id=\"equipement-inclus-avec-votre-sac-a-dos\">In Ihrem Rucksack enthaltene Ausr\u00fcstung<\/h2>\n<ul>\n<li>Ein beidseitig verwendbarer Rucksack\u00fcberzug mit einer beigen und einer milit\u00e4rischen Seite, um sich an jede Wander- oder taktische Umgebung anzupassen.<\/li>\n<li>Ein <strong>Camelbak<\/strong> Wasserbeutel mit einer Kapazit\u00e4t von 3L f\u00fcr Ihre Autonomie beim Trekking<\/li>\n<\/ul>\n<p>&nbsp;<\/p>\n","protected":false},"excerpt":{"rendered":"<p>Entdecken Sie den authentischen 45 Liter Wanderrucksack der franz\u00f6sischen Armee. Dieser taktische Rucksack wurde f\u00fcr leichtes Tragen bei Trekking und Biwak entwickelt und kombiniert Ergonomie, MOLLE-Modularit\u00e4t und optimalen Komfort. <\/p>\n","protected":false},"featured_media":39997,"comment_status":"closed","ping_status":"closed","template":"","meta":[],"product_brand":[],"product_cat":[427,428,418],"product_tag":[],"marque":[],"class_list":{"0":"post-40004","1":"product","2":"type-product","3":"status-publish","4":"has-post-thumbnail","6":"product_cat-rucksack","7":"product_cat-trends-de","8":"product_cat-was-ist-neu","10":"first","11":"outofstock","12":"taxable","13":"shipping-taxable","14":"purchasable","15":"product-type-simple"},"aioseo_notices":[],"_links":{"self":[{"href":"https:\/\/tmandoutdoor.com\/de\/wp-json\/wp\/v2\/product\/40004","targetHints":{"allow":["GET"]}}],"collection":[{"href":"https:\/\/tmandoutdoor.com\/de\/wp-json\/wp\/v2\/product"}],"about":[{"href":"https:\/\/tmandoutdoor.com\/de\/wp-json\/wp\/v2\/types\/product"}],"replies":[{"embeddable":true,"href":"https:\/\/tmandoutdoor.com\/de\/wp-json\/wp\/v2\/comments?post=40004"}],"wp:featuredmedia":[{"embeddable":true,"href":"https:\/\/tmandoutdoor.com\/de\/wp-json\/wp\/v2\/media\/39997"}],"wp:attachment":[{"href":"https:\/\/tmandoutdoor.com\/de\/wp-json\/wp\/v2\/media?parent=40004"}],"wp:term":[{"taxonomy":"product_brand","embeddable":true,"href":"https:\/\/tmandoutdoor.com\/de\/wp-json\/wp\/v2\/product_brand?post=40004"},{"taxonomy":"product_cat","embeddable":true,"href":"https:\/\/tmandoutdoor.com\/de\/wp-json\/wp\/v2\/product_cat?post=40004"},{"taxonomy":"product_tag","embeddable":true,"href":"https:\/\/tmandoutdoor.com\/de\/wp-json\/wp\/v2\/product_tag?post=40004"},{"taxonomy":"marque","embeddable":true,"href":"https:\/\/tmandoutdoor.com\/de\/wp-json\/wp\/v2\/marque?post=40004"}],"curies":[{"name":"wp","href":"https:\/\/api.w.org\/{rel}","templated":true}]}}