{"id":39304,"date":"2026-03-02T17:56:30","date_gmt":"2026-03-02T16:56:30","guid":{"rendered":"https:\/\/tmandoutdoor.com\/produit\/helm-fast-coyote-multicam\/"},"modified":"2026-03-02T18:17:37","modified_gmt":"2026-03-02T17:17:37","slug":"helm-fast-coyote-multicam","status":"publish","type":"product","link":"https:\/\/tmandoutdoor.com\/de\/produkt\/helm-fast-coyote-multicam\/","title":{"rendered":"Helm FAST Coyote\/MULTICAM"},"content":{"rendered":"<p>Authentischer Fast Ballistik-Helm, der von der franz\u00f6sischen Armee verwendet wurde.<\/p>\n<p>Der ballistische Helm Fast wurde entwickelt, um bei anspruchsvollen Eins\u00e4tzen optimalen Schutz und maximale Anpassungsf\u00e4higkeit zu bieten.<\/p>\n<p>Er kombiniert Leichtigkeit, St\u00e4rke und Komfort und erf\u00fcllt die Anforderungen von NIJ IIIA 0106.01 mit einer Gefahrenabwehr gem\u00e4\u00df NIJ 0101.06.<\/p>\n<ul data-start=\"286\" data-end=\"977\">\n<li data-start=\"513\" data-end=\"758\">\n<p data-start=\"515\" data-end=\"758\"><strong data-start=\"515\" data-end=\"542\">Ballistischer Schutz:<\/strong><br data-start=\"542\" data-end=\"545\"><strong data-start=\"556\" data-end=\"576\">Gem\u00e4\u00df NIJ IIIA 0106.01<\/strong> mit <strong data-start=\"582\" data-end=\"622\">Ablenkung von Bedrohungen der Stufe IIIA<\/strong> 0101.06, in <strong data-start=\"651\" data-end=\"695\">Frankreich auf dem Nationalpr\u00fcfstand in Saint-\u00c9tienne<\/strong> getestet, um eine zuverl\u00e4ssige Leistung in Kampfsituationen zu gew\u00e4hrleisten.<\/p>\n<\/li>\n<li data-start=\"760\" data-end=\"977\">\n<p data-start=\"762\" data-end=\"977\"><strong data-start=\"762\" data-end=\"789\">Normenkonformit\u00e4t:<\/strong><br data-start=\"789\" data-end=\"792\">Entspricht den Standards f\u00fcr <strong data-start=\"859\" data-end=\"880\">Feuer-<\/strong>, <strong data-start=\"886\" data-end=\"895\">Sto\u00df-<\/strong> und<strong data-start=\"904\" data-end=\"917\">Unterwasserfestigkeit<\/strong> und bietet somit erh\u00f6hte Sicherheit unter extremen Bedingungen.<\/p>\n<\/li>\n<li data-start=\"760\" data-end=\"977\">Farbe: coyote \/ MULTICAM<\/li>\n<li data-start=\"760\" data-end=\"977\">Version 2024<\/li>\n<\/ul>\n<p>Vorteile: Fortschrittlicher ballistischer Schutz bei gleichzeitig optimaler Leichtigkeit f\u00fcr langen Tragekomfort. Vielseitigkeit: Geeignet f\u00fcr Sicherheits-, Verteidigungs- und Truppenschutzmissionen. Komfort und Passform dank des High Cut Schnitts und der mitgelieferten Ausr\u00fcstung f\u00fcr eine einfache Anpassung.  <\/p>\n<p><strong>Neues Ausstellungsmodell mit einigen Spuren auf dem Lack (siehe letzte Fotos).  <\/strong><\/p>\n<p><strong>Sammlerst\u00fcck, Helm ohne Garantie.<\/strong><\/p>\n","protected":false},"excerpt":{"rendered":"<p>Authentischer Fast Ballistik-Helm, der von der franz\u00f6sischen Armee verwendet wurde.<\/p>\n","protected":false},"featured_media":39279,"comment_status":"closed","ping_status":"closed","template":"","meta":[],"product_brand":[],"product_cat":[587,1204,428,418],"product_tag":[],"marque":[],"class_list":{"0":"post-39304","1":"product","2":"type-product","3":"status-publish","4":"has-post-thumbnail","6":"product_cat-fur-minderjahrige-verboten","7":"product_cat-taktische-ausrustung","8":"product_cat-trends-de","9":"product_cat-was-ist-neu","11":"first","12":"instock","13":"taxable","14":"shipping-taxable","15":"purchasable","16":"product-type-simple"},"aioseo_notices":[],"_links":{"self":[{"href":"https:\/\/tmandoutdoor.com\/de\/wp-json\/wp\/v2\/product\/39304","targetHints":{"allow":["GET"]}}],"collection":[{"href":"https:\/\/tmandoutdoor.com\/de\/wp-json\/wp\/v2\/product"}],"about":[{"href":"https:\/\/tmandoutdoor.com\/de\/wp-json\/wp\/v2\/types\/product"}],"replies":[{"embeddable":true,"href":"https:\/\/tmandoutdoor.com\/de\/wp-json\/wp\/v2\/comments?post=39304"}],"wp:featuredmedia":[{"embeddable":true,"href":"https:\/\/tmandoutdoor.com\/de\/wp-json\/wp\/v2\/media\/39279"}],"wp:attachment":[{"href":"https:\/\/tmandoutdoor.com\/de\/wp-json\/wp\/v2\/media?parent=39304"}],"wp:term":[{"taxonomy":"product_brand","embeddable":true,"href":"https:\/\/tmandoutdoor.com\/de\/wp-json\/wp\/v2\/product_brand?post=39304"},{"taxonomy":"product_cat","embeddable":true,"href":"https:\/\/tmandoutdoor.com\/de\/wp-json\/wp\/v2\/product_cat?post=39304"},{"taxonomy":"product_tag","embeddable":true,"href":"https:\/\/tmandoutdoor.com\/de\/wp-json\/wp\/v2\/product_tag?post=39304"},{"taxonomy":"marque","embeddable":true,"href":"https:\/\/tmandoutdoor.com\/de\/wp-json\/wp\/v2\/marque?post=39304"}],"curies":[{"name":"wp","href":"https:\/\/api.w.org\/{rel}","templated":true}]}}