{"id":39169,"date":"2026-02-28T17:17:24","date_gmt":"2026-02-28T16:17:24","guid":{"rendered":"https:\/\/tmandoutdoor.com\/produit\/messer-baroudeur-kaki\/"},"modified":"2026-03-02T12:53:43","modified_gmt":"2026-03-02T11:53:43","slug":"messer-baroudeur-kaki","status":"publish","type":"product","link":"https:\/\/tmandoutdoor.com\/de\/produkt\/messer-baroudeur-kaki\/","title":{"rendered":"Milit\u00e4risches Klappmesser Baroudeur kaki | Taktische Klinge aus Stahl"},"content":{"rendered":"<p>Das <strong>Baroudeur Multifunktions-Milit\u00e4r-Klappmesser<\/strong> in Khaki wurde f\u00fcr Outdoor- und Survival-Fans sowie f\u00fcr milit\u00e4rische Profis im Verteidigungs- und Kampfbereich entwickelt. Die <strong>8 cm lange Klinge aus rostfreiem<\/strong>, korrosionsbest\u00e4ndigem <strong>Stahl<\/strong> garantiert einen sauberen Schnitt auch unter feuchten oder salzigen Bedingungen. Der ergonomisch geformte Griff mit schwarzer, rutschfester Gummibeschichtung sorgt f\u00fcr einen sicheren Halt, egal ob Sie sich auf einer Nachtmission oder einer Wanderung im Regen befinden.  <\/p>\n<p>Neben der Hauptklinge aus Stahl verf\u00fcgt dieses <strong>taktische Klappmesser<\/strong> \u00fcber einen Flaschen\u00f6ffner, einen Schlitzschraubendreher und einen Dosen\u00f6ffner, was es zu einem echten Multifunktionsmesser macht. Zum Beispiel kann ein Wanderer den Seilschneider benutzen, um einen verklemmten Sack zu l\u00f6sen, w\u00e4hrend ein Soldat den Schraubenzieher schnell ziehen kann, um eine Kommunikationsanlage zu reparieren. Das Druckverschlusssystem verhindert Unf\u00e4lle, selbst bei intensivem Gebrauch in schwierigem Gel\u00e4nde.  <\/p>\n<h2 id=\"un-couteau-militaire-pliant-de-campagne\">Ein milit\u00e4risches Feldmesser: 16 Jahre Einsatzgeschichte in der franz\u00f6sischen Armee<\/h2>\n<p>Dieses <strong>offizielle<\/strong> multifunktionale und taktische <strong>Feldmesser<\/strong> ist ein Mythos: Es l\u00f6ste das nicht minder legend\u00e4re Bivouac\u00ae-Messer ab. Es war das offizielle Feldmesser der franz\u00f6sischen Soldaten von 2001 bis 2017. Das Bivouac\u00ae war f\u00fcr seine einfache Konstruktion und sein patentiertes System bekannt, aber dieses milit\u00e4rische Feldmesser verf\u00fcgt \u00fcber eine robustere Konstruktion und eine Klinge, die durch einen <strong>pr\u00e4zisionsgefr\u00e4sten Liner Lock<\/strong> gesichert ist. Dieses taktische Werkzeug, das unsere Soldaten bei allen weltweiten Milit\u00e4roperationen begleitet, ist zu einer Legende der franz\u00f6sischen Milit\u00e4rausr\u00fcstung geworden.   <\/p>\n<h2 id=\"six-fonctions-essentielles-couteau-tactique-pliant\">Sechs wesentliche Funktionen des taktischen Klappmessers Baroudeur f\u00fcr Biwak und \u00dcberleben<\/h2>\n<p>Dieses multifunktionale Milit\u00e4rmesser vereint die sechs Werkzeuge, die f\u00fcr jede \u00dcberlebensmission unerl\u00e4sslich sind:<\/p>\n<ul>\n<li>Taktische Klinge aus rostfreiem Stahl mit scharfer Schneide in jeder Situation<\/li>\n<li>Praktischer Dosen\u00f6ffner f\u00fcr den Outdoor-Bereich<\/li>\n<li>Multifunktionaler Korkenzieher und Besteck<\/li>\n<li>Integrierter Kapselheber<\/li>\n<li>Robuste taktische Scheide f\u00fcr sicheren Transport im Lieferumfang enthalten<\/li>\n<li>Einh\u00e4ndig bedienbare \u00d6ffnung f\u00fcr den Einsatz im Gel\u00e4nde (f\u00fcr Rechtsh\u00e4nder)<\/li>\n<\/ul>\n<p>Diese kompakte \u00dcberlebensausr\u00fcstung enth\u00e4lt alles, was Sie zum Biwakieren, Wandern oder f\u00fcr milit\u00e4rische Feldoperationen ben\u00f6tigen.<\/p>\n<h2 id=\"couteau-militaire-baroudeur-noir-robuste-fiable\">Milit\u00e4rmesser Baroudeur kaki: robuste und zuverl\u00e4ssige Klinge im Vergleich zum Modell Bivouac<\/h2>\n<p>Im Vergleich zum Bivouac\u00ae ist dieses Milit\u00e4rklappmesser Baroudeur robuster und korrosionsbest\u00e4ndiger, aber auch schwerer. Das Besteck ist immer noch enthalten, aber nicht mehr fest mit dem Messer verbunden. Die Verriegelung erfolgt durch einen <strong>pr\u00e4zisen Liner-Lock<\/strong>, der f\u00fcr Zuverl\u00e4ssigkeit sorgt und ein einh\u00e4ndiges \u00d6ffnen f\u00fcr Rechtsh\u00e4nder erm\u00f6glicht.  <\/p>\n<h2 id=\"fabrication-couteau-survie-outdoor-tactique\">Die Herstellung des Outdoor-\u00dcberlebensmessers und des taktischen Messers hat sich bei der franz\u00f6sischen Armee bew\u00e4hrt.<\/h2>\n<p>Die \u00c4sthetik und die taktischen Funktionen dieses \u00dcberlebensmessers wurden weitgehend von der franz\u00f6sischen Armee \u00fcber den SCA (Service Central des Armements) festgelegt. TB leitete die Umsetzung dieser Anforderungen, die mechanische Entwicklung und die Herstellung unter Einhaltung eines besonders strengen milit\u00e4rischen Lastenhefts. <\/p>\n<p>Das Baroudeur\u00ae-Messer war das erste multifunktionale Milit\u00e4rmesser, das von CNC-Maschinen und Laserschneidemaschinen profitierte, was eine Herstellung in gro\u00dfem Ma\u00dfstab mit erh\u00f6hter Pr\u00e4zision und Zuverl\u00e4ssigkeit f\u00fcr die franz\u00f6sische Milit\u00e4rausr\u00fcstung erm\u00f6glichte.<\/p>\n<h2 id=\"couteau-survie-acier-inoxydable-collector\">Ein \u00dcberlebensmesser aus rostfreiem Stahl mit Scheide: das zusammenklappbare milit\u00e4rische Sammlerst\u00fcck<\/h2>\n<p>Das Baroudeur\u00ae-Messer aus rostfreiem Stahl befindet sich in der Endphase der Herstellung und wird zu einem echten Sammlerst\u00fcck werden, sobald die Best\u00e4nde ersch\u00f6pft sind. Diese unverzichtbare milit\u00e4rische Ausr\u00fcstung der franz\u00f6sischen Armee wird bald nicht mehr erh\u00e4ltlich sein. Nutzen Sie es, solange es noch verf\u00fcgbar ist!  <\/p>\n<p>Mit dem angek\u00fcndigten Ende seiner Herstellung wird das Baroudeur\u00ae in die Geschichte der franz\u00f6sischen Milit\u00e4rausr\u00fcstung eingehen. Es ist das klappbare Milit\u00e4rmesser, das unsere Soldaten am l\u00e4ngsten begleitet hat. Es ist an der Zeit, dieses <strong>St\u00fcck Geschichte<\/strong> zu erwerben!  <\/p>\n<p>Personalisieren Sie Ihr multifunktionales \u00dcberlebensklappmesser mit einem eingravierten Namen oder Text und machen Sie Ihren Baroudeur\u00ae zu einem einzigartigen und pers\u00f6nlichen Ausr\u00fcstungsgegenstand.<\/p>\n<p><\/p>\n","protected":false},"excerpt":{"rendered":"<p>Klappbares Milit\u00e4rmesser Baroudeur: Klinge aus rostfreiem Stahl, pr\u00e4ziser Liner Lock, inklusive taktischer Scheide. Multifunktionales \u00dcberlebenswerkzeug f\u00fcr Milit\u00e4r und Outdoor. <\/p>\n","protected":false},"featured_media":39152,"comment_status":"closed","ping_status":"closed","template":"","meta":[],"product_brand":[],"product_cat":[244,428,418,447],"product_tag":[],"marque":[],"class_list":{"0":"post-39169","1":"product","2":"type-product","3":"status-publish","4":"has-post-thumbnail","6":"product_cat-messer","7":"product_cat-trends-de","8":"product_cat-was-ist-neu","9":"product_cat-zubehor-draussen","11":"first","12":"instock","13":"taxable","14":"shipping-taxable","15":"purchasable","16":"product-type-simple"},"aioseo_notices":[],"_links":{"self":[{"href":"https:\/\/tmandoutdoor.com\/de\/wp-json\/wp\/v2\/product\/39169","targetHints":{"allow":["GET"]}}],"collection":[{"href":"https:\/\/tmandoutdoor.com\/de\/wp-json\/wp\/v2\/product"}],"about":[{"href":"https:\/\/tmandoutdoor.com\/de\/wp-json\/wp\/v2\/types\/product"}],"replies":[{"embeddable":true,"href":"https:\/\/tmandoutdoor.com\/de\/wp-json\/wp\/v2\/comments?post=39169"}],"wp:featuredmedia":[{"embeddable":true,"href":"https:\/\/tmandoutdoor.com\/de\/wp-json\/wp\/v2\/media\/39152"}],"wp:attachment":[{"href":"https:\/\/tmandoutdoor.com\/de\/wp-json\/wp\/v2\/media?parent=39169"}],"wp:term":[{"taxonomy":"product_brand","embeddable":true,"href":"https:\/\/tmandoutdoor.com\/de\/wp-json\/wp\/v2\/product_brand?post=39169"},{"taxonomy":"product_cat","embeddable":true,"href":"https:\/\/tmandoutdoor.com\/de\/wp-json\/wp\/v2\/product_cat?post=39169"},{"taxonomy":"product_tag","embeddable":true,"href":"https:\/\/tmandoutdoor.com\/de\/wp-json\/wp\/v2\/product_tag?post=39169"},{"taxonomy":"marque","embeddable":true,"href":"https:\/\/tmandoutdoor.com\/de\/wp-json\/wp\/v2\/marque?post=39169"}],"curies":[{"name":"wp","href":"https:\/\/api.w.org\/{rel}","templated":true}]}}