{"id":3897,"date":"2023-11-20T17:23:15","date_gmt":"2023-11-20T16:23:15","guid":{"rendered":"https:\/\/tmandoutdoor.com\/produit\/baumwoll-check-khaki\/"},"modified":"2026-01-12T13:10:10","modified_gmt":"2026-01-12T12:10:10","slug":"baumwoll-check-khaki","status":"publish","type":"product","link":"https:\/\/tmandoutdoor.com\/de\/produkt\/baumwoll-check-khaki\/","title":{"rendered":"Baumwoll-Check (khaki)"},"content":{"rendered":"<p><span style=\"background-color: #ffffff\">Material: 100% Baumwolle <\/span><\/p>\n<p><span style=\"background-color: #ffffff\">Ma\u00dfe: ca.250*85 cm<\/span><\/p>\n","protected":false},"excerpt":{"rendered":"<p>Inspiriert von dem der franz\u00f6sischen Armee in den 50er Jahren ist dieses Baumwolltuch ein zeitloser Begleiter bei warmem und kaltem Wetter.<\/p>\n<p>Weiches und angenehm zu tragendes Material.<\/p>\n<p>&#8211; MATERIAL: Dieses Tuch wurde aus 100% Baumwolle hergestellt, was ihm Qualit\u00e4t und Komfort verleiht.<\/p>\n<p>&#8211; SCHUTZ: Es sch\u00fctzt Sie gleicherma\u00dfen vor K\u00e4lte, Sonne und Staub.<\/p>\n","protected":false},"featured_media":7161,"comment_status":"closed","ping_status":"closed","template":"","meta":[],"product_brand":[],"product_cat":[280],"product_tag":[],"marque":[],"class_list":{"0":"post-3897","1":"product","2":"type-product","3":"status-publish","4":"has-post-thumbnail","6":"product_cat-zubehoer","7":"product_shipping_class-shipping-de","9":"first","10":"instock","11":"taxable","12":"shipping-taxable","13":"purchasable","14":"product-type-simple"},"aioseo_notices":[],"_links":{"self":[{"href":"https:\/\/tmandoutdoor.com\/de\/wp-json\/wp\/v2\/product\/3897","targetHints":{"allow":["GET"]}}],"collection":[{"href":"https:\/\/tmandoutdoor.com\/de\/wp-json\/wp\/v2\/product"}],"about":[{"href":"https:\/\/tmandoutdoor.com\/de\/wp-json\/wp\/v2\/types\/product"}],"replies":[{"embeddable":true,"href":"https:\/\/tmandoutdoor.com\/de\/wp-json\/wp\/v2\/comments?post=3897"}],"wp:featuredmedia":[{"embeddable":true,"href":"https:\/\/tmandoutdoor.com\/de\/wp-json\/wp\/v2\/media\/7161"}],"wp:attachment":[{"href":"https:\/\/tmandoutdoor.com\/de\/wp-json\/wp\/v2\/media?parent=3897"}],"wp:term":[{"taxonomy":"product_brand","embeddable":true,"href":"https:\/\/tmandoutdoor.com\/de\/wp-json\/wp\/v2\/product_brand?post=3897"},{"taxonomy":"product_cat","embeddable":true,"href":"https:\/\/tmandoutdoor.com\/de\/wp-json\/wp\/v2\/product_cat?post=3897"},{"taxonomy":"product_tag","embeddable":true,"href":"https:\/\/tmandoutdoor.com\/de\/wp-json\/wp\/v2\/product_tag?post=3897"},{"taxonomy":"marque","embeddable":true,"href":"https:\/\/tmandoutdoor.com\/de\/wp-json\/wp\/v2\/marque?post=3897"}],"curies":[{"name":"wp","href":"https:\/\/api.w.org\/{rel}","templated":true}]}}