{"id":3892,"date":"2023-11-20T17:23:16","date_gmt":"2023-11-20T16:23:16","guid":{"rendered":"https:\/\/tmandoutdoor.com\/produit\/le-minor-offizierspullover-national-navy-100-wolle\/"},"modified":"2025-12-15T20:46:01","modified_gmt":"2025-12-15T19:46:01","slug":"le-minor-offizierspullover-national-navy-100-wolle","status":"publish","type":"product","link":"https:\/\/tmandoutdoor.com\/de\/produkt\/le-minor-offizierspullover-national-navy-100-wolle\/","title":{"rendered":"Marineoffizierspullover (Le Minor)"},"content":{"rendered":"<h2 style=\"margin: 10px 0px 20px;padding: 0px;border: 0px;font-size: 20px;line-height: 24px;font-family: 'GT-Cinetype-R';vertical-align: inherit;font-weight: normal;color: #000030;text-transform: uppercase;background-color: #ffffff\">BESCHREIBUNG DES PULLOVERS DER NATIONAL NAVY<\/h2>\n<p><span style=\"color: #000030;font-family: 'GT-Cinetype-R';font-size: 13px;background-color: #ffffff\">Echter Milit\u00e4rpullover f\u00fcr Marineoffiziere, der dem Pullover entspricht, den Le Minor jahrelang f\u00fcr &#8220;la Royale&#8221; hergestellt hat. Er ist aus reiner, nicht einlaufender Wolle gestrickt und hat Schulterverst\u00e4rkungen und Schulterklappen. Mit seiner authentischen Herstellung hatte dieser Pullover schon immer einen festen Platz in den Kollektionen der Strickwarenfabrik Le Minor. Dieser robuste, marineblaue Milit\u00e4rpullover f\u00fcr M\u00e4nner h\u00e4lt allen Witterungen und Pr\u00fcfungen des Lebens stand. Da der Milit\u00e4rstil seit langem die Mode durchdrungen hat, hat er einen Stil, der weit \u00fcber seine eigentliche Funktion hinaus gef\u00e4llt.<\/span><\/p>\n<h2 style=\"margin: 10px 0px 20px;padding: 0px;border: 0px;font-size: 20px;line-height: 24px;font-family: 'GT-Cinetype-R';vertical-align: inherit;font-weight: normal;color: #000030;text-transform: uppercase;background-color: #ffffff\"><\/h2>\n","protected":false},"excerpt":{"rendered":"<p style=\"text-align: center\"><span style=\"color: #000000\">Marineoffizierspullover, offiziell als &#8220;Regeljersey&#8221; bezeichnet. Diese marineblaue Strickjacke mit Schultereins\u00e4tzen, Schulterklappen, einem Knopfloch f\u00fcr das Abzeichen und einer Stifttasche entspricht derjenigen, die <strong>Le Minor<\/strong> \u00fcber 40 Jahre lang f\u00fcr die franz\u00f6sische Marine hergestellt hat.<\/span><\/p>\n<p><strong>Franz\u00f6sische Herstellung Le Minor<\/strong><\/p>\n<p>Zusammensetzung: 100% Schurwolle<\/p>\n","protected":false},"featured_media":6867,"comment_status":"closed","ping_status":"closed","template":"","meta":[],"product_brand":[],"product_cat":[915,446,282,248],"product_tag":[],"marque":[719],"class_list":{"0":"post-3892","1":"product","2":"type-product","3":"status-publish","4":"has-post-thumbnail","6":"product_cat-black-friday-de","7":"product_cat-hoch","8":"product_cat-mann","9":"product_cat-werbeaktionen","10":"product_shipping_class-shipping-de","11":"marque-le-minor","13":"first","14":"instock","15":"sale","16":"taxable","17":"shipping-taxable","18":"purchasable","19":"product-type-variable"},"aioseo_notices":[],"_links":{"self":[{"href":"https:\/\/tmandoutdoor.com\/de\/wp-json\/wp\/v2\/product\/3892","targetHints":{"allow":["GET"]}}],"collection":[{"href":"https:\/\/tmandoutdoor.com\/de\/wp-json\/wp\/v2\/product"}],"about":[{"href":"https:\/\/tmandoutdoor.com\/de\/wp-json\/wp\/v2\/types\/product"}],"replies":[{"embeddable":true,"href":"https:\/\/tmandoutdoor.com\/de\/wp-json\/wp\/v2\/comments?post=3892"}],"wp:featuredmedia":[{"embeddable":true,"href":"https:\/\/tmandoutdoor.com\/de\/wp-json\/wp\/v2\/media\/6867"}],"wp:attachment":[{"href":"https:\/\/tmandoutdoor.com\/de\/wp-json\/wp\/v2\/media?parent=3892"}],"wp:term":[{"taxonomy":"product_brand","embeddable":true,"href":"https:\/\/tmandoutdoor.com\/de\/wp-json\/wp\/v2\/product_brand?post=3892"},{"taxonomy":"product_cat","embeddable":true,"href":"https:\/\/tmandoutdoor.com\/de\/wp-json\/wp\/v2\/product_cat?post=3892"},{"taxonomy":"product_tag","embeddable":true,"href":"https:\/\/tmandoutdoor.com\/de\/wp-json\/wp\/v2\/product_tag?post=3892"},{"taxonomy":"marque","embeddable":true,"href":"https:\/\/tmandoutdoor.com\/de\/wp-json\/wp\/v2\/marque?post=3892"}],"curies":[{"name":"wp","href":"https:\/\/api.w.org\/{rel}","templated":true}]}}