{"id":38496,"date":"2026-02-23T17:11:15","date_gmt":"2026-02-23T16:11:15","guid":{"rendered":"https:\/\/tmandoutdoor.com\/?post_type=product&#038;p=38496"},"modified":"2026-02-23T17:34:09","modified_gmt":"2026-02-23T16:34:09","slug":"fleecejacke-coyote-gk-dutycall-copie","status":"publish","type":"product","link":"https:\/\/tmandoutdoor.com\/de\/produkt\/fleecejacke-coyote-gk-dutycall-copie\/","title":{"rendered":"Schwarzer Fleece GK DUTYCALL Pro"},"content":{"rendered":"<p>Diese schwarze Fleecejacke GK DUTYCALL, die f\u00fcr privates Sicherheitspersonal und professionelle Einsatzkr\u00e4fte entwickelt wurde, verbindet Komfort, Haltbarkeit und Praktikabilit\u00e4t. <strong>Diese professionelle Fleecejacke <\/strong> kombiniert geringes Gewicht mit W\u00e4rmeleistung f\u00fcr alle Umgebungen.<\/p>\n<p>Entdecken Sie das GK DUTYCALL Pro Fleece, eine <strong>technische Berufsbekleidung<\/strong>, die den strengen Anforderungen von Sicherheitsbeamten im Einsatz entspricht. Diese Jacke ist nach OEKO-TEX STANDARD 100 zertifiziert und bietet Schutz vor K\u00e4lte und ist gleichzeitig atmungsaktiv, wenn Sie im Einsatz sind. Die schwarze Farbe passt perfekt zur taktischen Ausr\u00fcstung und zur erforderlichen Berufskleidung.  <\/p>\n<p>Diese Jacke f\u00fcr private Sicherheitsdienste besteht aus hochdichtem technischem Fleece (100% Polyester 300g\/m\u00b2) und bietet eine <strong>optimale W\u00e4rmeisolierung<\/strong> bei gleichzeitiger Aufrechterhaltung der Bewegungsfreiheit. Das technische Polyester garantiert Haltbarkeit und Pflegeleichtigkeit, die f\u00fcr Berufsbekleidung unter extremen Bedingungen unerl\u00e4sslich sind. <\/p>\n<p>Dieses schwarze Fleece ist f\u00fcr private Sicherheitsdienste und Polizeibeamte geeignet und kombiniert Leichtigkeit mit Robustheit. Mit 2 Fronttaschen mit Rei\u00dfverschluss, Armtaschen mit GK DUTYCALL Klettverschluss und strapazierf\u00e4higen Materialien (CORDURA\u00ae 500D Verst\u00e4rkungen an Schultern und R\u00fccken) bietet es optimalen Komfort und volle Funktionalit\u00e4t f\u00fcr den Einsatz. <\/p>\n<h2 id=\"gk-dutycall\">Fleece-Sortiment GK DUTYCALL Pro<\/h2>\n<p>Entdecken Sie GK DUTYCALL Pro, eine Serie, die speziell f\u00fcr die Anforderungen von Soldaten und Sicherheitsfachleuten im Einsatz entwickelt wurde. Unsere Kleidungsst\u00fccke vereinen Robustheit und technische Funktionalit\u00e4t, um eine optimale Leistung im Einsatz zu gew\u00e4hrleisten. Jedes Fleece wird unter extremen Bedingungen getestet, um Ihren Schutz, Ihre W\u00e4rme und Ihren Komfort zu gew\u00e4hrleisten. Mit GK DUTYCALL Pro sind Sie f\u00fcr jede private Sicherheits- und Brandschutzmission professionell ausger\u00fcstet.   <\/p>\n<h2 id=\"caracteristiques\">Technische Daten der schwarzen GK DUTYCALL Fleecejacke<\/h2>\n<ul>\n<li>Farbe: Schwarz<\/li>\n<li>Verf\u00fcgbare Gr\u00f6\u00dfen: Von XS bis 4XL<\/li>\n<li>Fleece aus 100% Polyester mit hoher Dichte<\/li>\n<li>Zentrale \u00d6ffnung mit einfachem Rei\u00dfverschluss<\/li>\n<li>2 aufgesetzte Fronttaschen mit Rei\u00dfverschlussabdeckung und Filzfutter<\/li>\n<li>1 Brusttasche mit Rei\u00dfverschluss (rechte Seite &#8211; getragen)<\/li>\n<li>1 Tasche mit Rei\u00dfverschluss auf jedem Arm mit Rei\u00dfverschlussabdeckung<\/li>\n<li>GK DUTYCALL Klettverschluss auf jedem Arm mit Stiftschlitz<\/li>\n<li>CORDURA\u00ae 500D Eins\u00e4tze an Schultern und R\u00fccken f\u00fcr zus\u00e4tzliche Haltbarkeit<\/li>\n<li>Elastische \u00c4rmel f\u00fcr optimale Passform<\/li>\n<li>Stehkragen sch\u00fctzt vor Wind<\/li>\n<li>Robuster Rei\u00dfverschluss<\/li>\n<li>Innen eingen\u00e4htes Identifikationsetikett<\/li>\n<li>Verst\u00e4rkter Saum<\/li>\n<\/ul>\n<h2 id=\"composition\">Professionelles Material und Zusammensetzung der Jacke<\/h2>\n<p>Diese Jacke verwendet hochwertige Materialien, um professionelle Haltbarkeit und W\u00e4rmekomfort unter allen Gel\u00e4ndebedingungen zu gew\u00e4hrleisten.<\/p>\n<ul>\n<li>Obermaterial: Fleece 100% Polyester, 300g\/m\u00b2.<\/li>\n<li>Cordura-Verst\u00e4rkungen: 100% Nylon 500D<\/li>\n<\/ul>\n<p><strong>Das technische Polyester und das Mikrofleece<\/strong> bieten eine hervorragende K\u00e4lteisolierung, sind aber gleichzeitig leicht und atmungsaktiv. Die CORDURA\u00ae Nylon-Verst\u00e4rkungen an den Verschlei\u00dfzonen (Schultern, R\u00fccken) garantieren eine au\u00dfergew\u00f6hnliche Haltbarkeit f\u00fcr private Sicherheitsmissionen und Eins\u00e4tze vor Ort. <\/p>\n<h2 id=\"instruction-de-lavage\">Anweisungen zum Waschen und zur Pflege<\/h2>\n<ul>\n<li>Auf links gedreht waschen<\/li>\n<li>Maschinenw\u00e4sche bei 30\u00b0.<\/li>\n<li>Ohne Chlor<\/li>\n<li>Nicht maschinell trocknen<\/li>\n<li>B\u00fcgeln verboten<\/li>\n<li>Nicht chemisch reinigen<\/li>\n<\/ul>\n<p>Beachten Sie diese Waschanleitung, um die Unversehrtheit Ihrer professionellen Sicherheitskleidung zu erhalten und ihre Lebensdauer zu verl\u00e4ngern. Die OEKO-TEX STANDARD 100 Zertifizierung garantiert schadstofffreie Fasern, die Ihre Haut und die Umwelt schonen. <\/p>\n<p><\/p>\n","protected":false},"excerpt":{"rendered":"<p>Schwarzes Fleece GK DUTYCALL Pro: Professionelle Jacke mit W\u00e4rmeisolierung, 3 Taschen und Rei\u00dfverschluss. 300g\/m\u00b2 Polyestergewebe, OEKO-TEX zertifiziert. Ideal f\u00fcr Sicherheitspersonal.  <\/p>\n","protected":false},"featured_media":38561,"comment_status":"closed","ping_status":"closed","template":"","meta":[],"product_brand":[2013],"product_cat":[446,428,418,248],"product_tag":[],"marque":[],"class_list":{"0":"post-38496","1":"product","2":"type-product","3":"status-publish","4":"has-post-thumbnail","6":"product_brand-gk","7":"product_cat-hoch","8":"product_cat-trends-de","9":"product_cat-was-ist-neu","10":"product_cat-werbeaktionen","12":"first","13":"instock","14":"sale","15":"taxable","16":"shipping-taxable","17":"purchasable","18":"product-type-variable"},"aioseo_notices":[],"_links":{"self":[{"href":"https:\/\/tmandoutdoor.com\/de\/wp-json\/wp\/v2\/product\/38496","targetHints":{"allow":["GET"]}}],"collection":[{"href":"https:\/\/tmandoutdoor.com\/de\/wp-json\/wp\/v2\/product"}],"about":[{"href":"https:\/\/tmandoutdoor.com\/de\/wp-json\/wp\/v2\/types\/product"}],"replies":[{"embeddable":true,"href":"https:\/\/tmandoutdoor.com\/de\/wp-json\/wp\/v2\/comments?post=38496"}],"wp:featuredmedia":[{"embeddable":true,"href":"https:\/\/tmandoutdoor.com\/de\/wp-json\/wp\/v2\/media\/38561"}],"wp:attachment":[{"href":"https:\/\/tmandoutdoor.com\/de\/wp-json\/wp\/v2\/media?parent=38496"}],"wp:term":[{"taxonomy":"product_brand","embeddable":true,"href":"https:\/\/tmandoutdoor.com\/de\/wp-json\/wp\/v2\/product_brand?post=38496"},{"taxonomy":"product_cat","embeddable":true,"href":"https:\/\/tmandoutdoor.com\/de\/wp-json\/wp\/v2\/product_cat?post=38496"},{"taxonomy":"product_tag","embeddable":true,"href":"https:\/\/tmandoutdoor.com\/de\/wp-json\/wp\/v2\/product_tag?post=38496"},{"taxonomy":"marque","embeddable":true,"href":"https:\/\/tmandoutdoor.com\/de\/wp-json\/wp\/v2\/marque?post=38496"}],"curies":[{"name":"wp","href":"https:\/\/api.w.org\/{rel}","templated":true}]}}