{"id":3848,"date":"2023-11-20T17:23:16","date_gmt":"2023-11-20T16:23:16","guid":{"rendered":"https:\/\/tmandoutdoor.com\/produit\/gedruckte-packtasche-der-marine\/"},"modified":"2025-07-16T22:48:16","modified_gmt":"2025-07-16T20:48:16","slug":"gedruckte-packtasche-der-marine","status":"publish","type":"product","link":"https:\/\/tmandoutdoor.com\/de\/produkt\/gedruckte-packtasche-der-marine\/","title":{"rendered":"Gedruckte Packtasche der Marine"},"content":{"rendered":"<p>Farbe: Ecru<\/p>\n<p><strong>Packtasche Gro\u00dfes Modell :<\/strong><\/p>\n<p>Volumen: ca. 50 L<\/p>\n<p>H\u00f6he: ca. 70 cm<\/p>\n<p>Durchmesser: ca. 30 cm<\/p>\n<p><strong>Packtasche Kleines Modell :<\/strong><\/p>\n<p>Volumen: ca. 25 L<\/p>\n<p>H\u00f6he: ca. 50 cm<\/p>\n<p>Durchmesser: ca. 25 cm<\/p>\n","protected":false},"excerpt":{"rendered":"<p>Reproduktion der legend\u00e4ren, bedruckten Packtasche der franz\u00f6sischen Marine.<\/p>\n<p>Je nach Gr\u00f6\u00dfe kann diese Tasche Sie an Wochenenden, bei sportlichen Aktivit\u00e4ten oder bei l\u00e4ngeren Aufenthalten oder Ausfl\u00fcgen begleiten.<\/p>\n<p>Material: 100% Baumwolle<\/p>\n","protected":false},"featured_media":12599,"comment_status":"closed","ping_status":"closed","template":"","meta":[],"product_brand":[],"product_cat":[278,426],"product_tag":[],"marque":[],"class_list":{"0":"post-3848","1":"product","2":"type-product","3":"status-publish","4":"has-post-thumbnail","6":"product_cat-taschen","7":"product_cat-transporttasche","8":"product_shipping_class-shipping-de","10":"first","11":"instock","12":"taxable","13":"shipping-taxable","14":"purchasable","15":"product-type-variable"},"aioseo_notices":[],"_links":{"self":[{"href":"https:\/\/tmandoutdoor.com\/de\/wp-json\/wp\/v2\/product\/3848","targetHints":{"allow":["GET"]}}],"collection":[{"href":"https:\/\/tmandoutdoor.com\/de\/wp-json\/wp\/v2\/product"}],"about":[{"href":"https:\/\/tmandoutdoor.com\/de\/wp-json\/wp\/v2\/types\/product"}],"replies":[{"embeddable":true,"href":"https:\/\/tmandoutdoor.com\/de\/wp-json\/wp\/v2\/comments?post=3848"}],"wp:featuredmedia":[{"embeddable":true,"href":"https:\/\/tmandoutdoor.com\/de\/wp-json\/wp\/v2\/media\/12599"}],"wp:attachment":[{"href":"https:\/\/tmandoutdoor.com\/de\/wp-json\/wp\/v2\/media?parent=3848"}],"wp:term":[{"taxonomy":"product_brand","embeddable":true,"href":"https:\/\/tmandoutdoor.com\/de\/wp-json\/wp\/v2\/product_brand?post=3848"},{"taxonomy":"product_cat","embeddable":true,"href":"https:\/\/tmandoutdoor.com\/de\/wp-json\/wp\/v2\/product_cat?post=3848"},{"taxonomy":"product_tag","embeddable":true,"href":"https:\/\/tmandoutdoor.com\/de\/wp-json\/wp\/v2\/product_tag?post=3848"},{"taxonomy":"marque","embeddable":true,"href":"https:\/\/tmandoutdoor.com\/de\/wp-json\/wp\/v2\/marque?post=3848"}],"curies":[{"name":"wp","href":"https:\/\/api.w.org\/{rel}","templated":true}]}}