{"id":38437,"date":"2026-02-23T15:49:06","date_gmt":"2026-02-23T14:49:06","guid":{"rendered":"https:\/\/tmandoutdoor.com\/produit\/ubas-coyote-hemd-gk-dutycall\/"},"modified":"2026-02-23T16:01:50","modified_gmt":"2026-02-23T15:01:50","slug":"ubas-coyote-hemd-gk-dutycall","status":"publish","type":"product","link":"https:\/\/tmandoutdoor.com\/de\/produkt\/ubas-coyote-hemd-gk-dutycall\/","title":{"rendered":"Ubas Coyote Hemd &#8211; GK DUTYCALL"},"content":{"rendered":"<p>Entdecken Sie das Ubas Coyote &#8211; GK DUTYCALL Hemd, ein technisches Kleidungsst\u00fcck, das entwickelt wurde, um Robustheit, Komfort und Bewegungsfreiheit zu bieten. Dank der hochwertigen Materialien und des intelligenten Designs erf\u00fcllt es die Anforderungen der anspruchsvollsten Profis bei Eins\u00e4tzen im Freien. <\/p>\n<p>Entdecken Sie das Ubas Coyote &#8211; GK DUTYCALL Hemd, ein technisches Kleidungsst\u00fcck, das entwickelt wurde, um auch den anspruchsvollsten Profis Leistung und Haltbarkeit zu bieten. Dieses Hemd ist ideal f\u00fcr Eins\u00e4tze im Freien und kombiniert hochwertige Materialien mit einem intelligenten Design, um Komfort und Praktikabilit\u00e4t zu gew\u00e4hrleisten. <\/p>\n<p>Die Farbe Coyote ist unauff\u00e4llig und vielseitig, so dass sie sich perfekt in professionelle und taktische Umgebungen einf\u00fcgt.<\/p>\n<p>Das Ubas Coyote &#8211; GK DUTYCALL Hemd ist in vielen Gr\u00f6\u00dfen von XS bis 4XL erh\u00e4ltlich. Es ist der ideale Begleiter f\u00fcr Sicherheitspersonal, Polizei und Outdoor-Fans, die Wert auf Leistung, Komfort und Robustheit legen.<\/p>\n<h2><strong>GK DUTYCALL\u00ae :<\/strong><\/h2>\n<p>Entdecken Sie GK Dutycall, eine Serie, die speziell f\u00fcr die Anforderungen des Milit\u00e4rs entwickelt wurde. Unsere Ausr\u00fcstungen sind robust und funktionell, um eine optimale Leistung im Feld zu gew\u00e4hrleisten. Jedes Produkt wird unter extremen Bedingungen getestet, um Ihre Sicherheit und Ihren Komfort zu gew\u00e4hrleisten. Mit GK Dutycall sind Sie f\u00fcr jede Mission professionell ausger\u00fcstet.   <\/p>\n<h2>EIGENSCHAFTEN :<\/h2>\n<ul>\n<li>Farbe: Coyote<\/li>\n<li>Verf\u00fcgbare Gr\u00f6\u00dfen: Von XS bis 4XL<\/li>\n<li>UBAS Hemd aus stretchigem Ripstop-Gewebe<\/li>\n<li>Stoff mit IR-Behandlung<\/li>\n<li>Stehkragen mit Rei\u00dfverschluss<\/li>\n<li>Schaumstoffverst\u00e4rkung an den Schultern<\/li>\n<li>2 \u00c4rmeltaschen mit Rei\u00dfverschluss mit GK DUTYCALL Klettverschluss und Stifthalter<\/li>\n<li>Verstellbare \u00c4rmelb\u00fcndchen mit Riemen und Klettverschluss<\/li>\n<\/ul>\n<h2>ZUSAMMENSETZUNG :<\/h2>\n<ul>\n<li>Ripstop-Gewebe: 65% Polyester &#8211; 32% Baumwolle &#8211; 3% Elasthan, 220gr<\/li>\n<li>K\u00f6rpergewebe: 100% Baumwolle, 200gr<\/li>\n<\/ul>\n<h2>WASCHANWEISUNG :<\/h2>\n<ul>\n<li>Auf links gedreht waschen<\/li>\n<li>Maschinenw\u00e4sche bei 30\u00b0.<\/li>\n<li>Keine Chlorierung<\/li>\n<li>Nicht maschinell trocknend<\/li>\n<li>Kein B\u00fcgeln<\/li>\n<li>Keine chemische Reinigung<\/li>\n<\/ul>\n<p>&nbsp;<\/p>\n","protected":false},"excerpt":{"rendered":"<p>Entdecken Sie das Ubas Coyote &#8211; GK DUTYCALL Hemd, ein technisches Kleidungsst\u00fcck, das entwickelt wurde, um Robustheit, Komfort und Bewegungsfreiheit zu bieten. Dank der hochwertigen Materialien und des intelligenten Designs erf\u00fcllt es die Anforderungen der anspruchsvollsten Profis bei Eins\u00e4tzen im Freien. Entdecken Sie das Ubas Coyote &#8211; GK DUTYCALL Hemd, ein technisches Kleidungsst\u00fcck, das entwickelt&hellip;<\/p>\n","protected":false},"featured_media":38430,"comment_status":"closed","ping_status":"closed","template":"","meta":[],"product_brand":[],"product_cat":[446,418,248],"product_tag":[],"marque":[],"class_list":{"0":"post-38437","1":"product","2":"type-product","3":"status-publish","4":"has-post-thumbnail","6":"product_cat-hoch","7":"product_cat-was-ist-neu","8":"product_cat-werbeaktionen","10":"first","11":"instock","12":"sale","13":"taxable","14":"shipping-taxable","15":"purchasable","16":"product-type-variable"},"aioseo_notices":[],"_links":{"self":[{"href":"https:\/\/tmandoutdoor.com\/de\/wp-json\/wp\/v2\/product\/38437","targetHints":{"allow":["GET"]}}],"collection":[{"href":"https:\/\/tmandoutdoor.com\/de\/wp-json\/wp\/v2\/product"}],"about":[{"href":"https:\/\/tmandoutdoor.com\/de\/wp-json\/wp\/v2\/types\/product"}],"replies":[{"embeddable":true,"href":"https:\/\/tmandoutdoor.com\/de\/wp-json\/wp\/v2\/comments?post=38437"}],"wp:featuredmedia":[{"embeddable":true,"href":"https:\/\/tmandoutdoor.com\/de\/wp-json\/wp\/v2\/media\/38430"}],"wp:attachment":[{"href":"https:\/\/tmandoutdoor.com\/de\/wp-json\/wp\/v2\/media?parent=38437"}],"wp:term":[{"taxonomy":"product_brand","embeddable":true,"href":"https:\/\/tmandoutdoor.com\/de\/wp-json\/wp\/v2\/product_brand?post=38437"},{"taxonomy":"product_cat","embeddable":true,"href":"https:\/\/tmandoutdoor.com\/de\/wp-json\/wp\/v2\/product_cat?post=38437"},{"taxonomy":"product_tag","embeddable":true,"href":"https:\/\/tmandoutdoor.com\/de\/wp-json\/wp\/v2\/product_tag?post=38437"},{"taxonomy":"marque","embeddable":true,"href":"https:\/\/tmandoutdoor.com\/de\/wp-json\/wp\/v2\/marque?post=38437"}],"curies":[{"name":"wp","href":"https:\/\/api.w.org\/{rel}","templated":true}]}}