{"id":38322,"date":"2026-02-23T15:04:26","date_gmt":"2026-02-23T14:04:26","guid":{"rendered":"https:\/\/tmandoutdoor.com\/produit\/coyote-kampfhose-gk-dutycall\/"},"modified":"2026-02-23T15:41:35","modified_gmt":"2026-02-23T14:41:35","slug":"coyote-kampfhose-gk-dutycall","status":"publish","type":"product","link":"https:\/\/tmandoutdoor.com\/de\/produkt\/coyote-kampfhose-gk-dutycall\/","title":{"rendered":"Ripstop Kampfhose Coyote GK DUTYCALL &#8211; Professionell und Outdoor"},"content":{"rendered":"<p>Entdecken Sie die <strong>Coyote Combat Pant &#8211; GK DUTYCALL<\/strong>, ein technisches Kleidungsst\u00fcck, das entwickelt wurde, um den anspruchsvollsten Profis Leistung und Haltbarkeit zu bieten. Dieses Modell ist ideal f\u00fcr Au\u00dfeneins\u00e4tze und kombiniert hochwertige Materialien mit einem intelligenten Design, um Komfort und Praktikabilit\u00e4t im Einsatz zu gew\u00e4hrleisten. <\/p>\n<p>Ob f\u00fcr den milit\u00e4rischen Einsatz, f\u00fcr die Arbeit oder f\u00fcr anspruchsvolle Wanderaktivit\u00e4ten, diese Hose bietet dank ihres Stretchmaterials eine au\u00dfergew\u00f6hnliche <strong>Bewegungsfreiheit<\/strong>. Die dezente und vielseitige Farbe Coyote passt perfekt zu professionellen und taktischen Umgebungen. <\/p>\n<p>Die DUTYCALL Coyote GK Combat Pant ist in vielen Gr\u00f6\u00dfen von 34 bis 60 erh\u00e4ltlich und ist der ideale Begleiter f\u00fcr Sicherheitspersonal, Polizei und Outdoor-Enthusiasten, die eine leichte, <strong>bequeme<\/strong> und robuste Ausr\u00fcstung suchen.<\/p>\n<h2 id=\"gamme-gk-dutycall\">Die GK DUTYCALL\u00ae-Reihe: eine bew\u00e4hrte taktische Arbeitshose<\/h2>\n<p>Entdecken Sie GK Dutycall, eine Serie, die speziell f\u00fcr die Anforderungen von Milit\u00e4r und Polizei entwickelt wurde. Unsere Ausr\u00fcstung kombiniert St\u00e4rke und Funktionalit\u00e4t, um eine optimale Leistung im Einsatz zu gew\u00e4hrleisten. Jedes Produkt wird unter extremen Bedingungen getestet, um Ihre Sicherheit und einen hohen Tragekomfort zu gew\u00e4hrleisten. Mit dieser nach hohen Standards gefertigten Hose sind Sie f\u00fcr jeden Einsatz und jedes Outdoor-Abenteuer professionell ausger\u00fcstet.   <\/p>\n<h2 id=\"caracteristiques-techniques\">Details und Eigenschaften der Ripstop Multi-Pocket-Hose<\/h2>\n<p>Diese Herrenhose ist f\u00fcr eine lange Lebensdauer konzipiert. Ihr rei\u00dffestes Material und der ergonomische Schnitt machen sie zu einer praktischen Wahl f\u00fcr alle Bedingungen. <\/p>\n<ul>\n<li><strong>Farbe:<\/strong> Coyote (geeignet f\u00fcr Tarnung und trockene Umgebungen)<\/li>\n<li><strong>Verf\u00fcgbare Gr\u00f6\u00dfen:<\/strong> 34 bis 60, f\u00fcr eine pr\u00e4zise Passform, unabh\u00e4ngig von Ihrer K\u00f6rpergr\u00f6\u00dfe.<\/li>\n<li><strong>Hauptmaterial :<\/strong> Kampfhose aus stretchigem <strong>Ripstop-Gewebe<\/strong>, das eine erh\u00f6hte Rei\u00dffestigkeit bietet und gleichzeitig atmungsaktiv ist.<\/li>\n<li><strong>Technik:<\/strong> Gewebe mit IR-Behandlung (Infra-Rot).<\/li>\n<li><strong>Sicherer Verschluss:<\/strong> Hauptverschluss mit Rei\u00dfverschluss, stabilem kanadischem Knopf und Klettverschluss.<\/li>\n<li><strong>Verst\u00e4rkter G\u00fcrtel:<\/strong> 5 G\u00fcrtelschlaufen mit verst\u00e4rkten N\u00e4hten zur Unterst\u00fctzung eines taktischen G\u00fcrtels.<\/li>\n<li><strong>Taillenanpassung: Taillenband<\/strong> mit Klettverschluss f\u00fcr eine schnelle und einfache Anpassung.<\/li>\n<li><strong>Seitentaschen:<\/strong> 2 abgeschnittene Taschen mit verst\u00e4rkten N\u00e4hten f\u00fcr Ihr t\u00e4gliches Zubeh\u00f6r.<\/li>\n<li><strong>Tragf\u00e4higkeit:<\/strong> 2 plissierte Cargotaschen (Oberschenkel) mit Patte und Klettverschluss + 1 kleine, praktische offene Tasche.<\/li>\n<li><strong>Aufbewahrung hinten:<\/strong> 2 Taschen hinten mit Patte und Klettverschluss.<\/li>\n<li><strong>Unterer Teil der Hose:<\/strong> Kn\u00f6chelriemen mit Klettverschluss, um die Hose an Ihre Ranger anzupassen.<\/li>\n<li><strong>Identifikation:<\/strong> Eingen\u00e4htes Identifikationsetikett.<\/li>\n<li><strong>Befestigung:<\/strong> Haken an den Kn\u00f6cheln zur Befestigung an Schuhen, ideal f\u00fcr Wanderungen in schwierigem Gel\u00e4nde.<\/li>\n<\/ul>\n<h2 id=\"composition-matiere\">Zusammensetzung des Stoffes Baumwolle und Polyester<\/h2>\n<p>Die Haltbarkeit dieses Modells beruht auf einer Mischung aus technischen Fasern, die Atmungsaktivit\u00e4t und Elastizit\u00e4t gew\u00e4hrleisten:<\/p>\n<ul>\n<li><strong>Stoff:<\/strong> Ripstop 65% Polyester &#8211; 32% Baumwolle &#8211; 3% Elastan.<\/li>\n<li><strong>Gewicht:<\/strong> 220 g (leichte und vielseitige Grammatur).<\/li>\n<\/ul>\n<h2 id=\"entretien\">Waschanleitung zur Erhaltung der technischen Eigenschaften<\/h2>\n<ul>\n<li>Waschen Sie auf links, um den Au\u00dfenstoff zu sch\u00fctzen.<\/li>\n<li>Maschinenw\u00e4sche bei 30\u00b0.<\/li>\n<li>Keine Chlorierung.<\/li>\n<li>Nicht maschinell trocknend (nat\u00fcrliche Trocknung empfohlen).<\/li>\n<li>Kein B\u00fcgeln.<\/li>\n<li>Keine chemische Reinigung.<\/li>\n<\/ul>\n<p>&nbsp;<\/p>\n","protected":false},"excerpt":{"rendered":"<p>Die DUTYCALL Coyote GK Combat Pant ist ideal f\u00fcr den Einsatz im Gel\u00e4nde. Stretch-Ripstop-Gewebe, taktischer Schnitt und mehrere Taschen. Robust f\u00fcr Arbeit und Wandern.  <\/p>\n","protected":false},"featured_media":38315,"comment_status":"closed","ping_status":"closed","template":"","meta":[],"product_brand":[2013],"product_cat":[429,418,248],"product_tag":[],"marque":[],"class_list":{"0":"post-38322","1":"product","2":"type-product","3":"status-publish","4":"has-post-thumbnail","6":"product_brand-gk","7":"product_cat-runter","8":"product_cat-was-ist-neu","9":"product_cat-werbeaktionen","11":"first","12":"instock","13":"sale","14":"taxable","15":"shipping-taxable","16":"purchasable","17":"product-type-variable"},"aioseo_notices":[],"_links":{"self":[{"href":"https:\/\/tmandoutdoor.com\/de\/wp-json\/wp\/v2\/product\/38322","targetHints":{"allow":["GET"]}}],"collection":[{"href":"https:\/\/tmandoutdoor.com\/de\/wp-json\/wp\/v2\/product"}],"about":[{"href":"https:\/\/tmandoutdoor.com\/de\/wp-json\/wp\/v2\/types\/product"}],"replies":[{"embeddable":true,"href":"https:\/\/tmandoutdoor.com\/de\/wp-json\/wp\/v2\/comments?post=38322"}],"wp:featuredmedia":[{"embeddable":true,"href":"https:\/\/tmandoutdoor.com\/de\/wp-json\/wp\/v2\/media\/38315"}],"wp:attachment":[{"href":"https:\/\/tmandoutdoor.com\/de\/wp-json\/wp\/v2\/media?parent=38322"}],"wp:term":[{"taxonomy":"product_brand","embeddable":true,"href":"https:\/\/tmandoutdoor.com\/de\/wp-json\/wp\/v2\/product_brand?post=38322"},{"taxonomy":"product_cat","embeddable":true,"href":"https:\/\/tmandoutdoor.com\/de\/wp-json\/wp\/v2\/product_cat?post=38322"},{"taxonomy":"product_tag","embeddable":true,"href":"https:\/\/tmandoutdoor.com\/de\/wp-json\/wp\/v2\/product_tag?post=38322"},{"taxonomy":"marque","embeddable":true,"href":"https:\/\/tmandoutdoor.com\/de\/wp-json\/wp\/v2\/marque?post=38322"}],"curies":[{"name":"wp","href":"https:\/\/api.w.org\/{rel}","templated":true}]}}