{"id":38275,"date":"2026-02-23T14:45:58","date_gmt":"2026-02-23T13:45:58","guid":{"rendered":"https:\/\/tmandoutdoor.com\/produit\/fleecejacke-coyote-gk-dutycall\/"},"modified":"2026-02-24T13:39:26","modified_gmt":"2026-02-24T12:39:26","slug":"fleecejacke-coyote-gk-dutycall","status":"publish","type":"product","link":"https:\/\/tmandoutdoor.com\/de\/produkt\/fleecejacke-coyote-gk-dutycall\/","title":{"rendered":"Fleecejacke Coyote &#8211; GK DUTYCALL"},"content":{"rendered":"<p>Dieses kojotefarbene Fleece GK DUTYCALL mit OEKO-TEX STANDARD 100-Zertifizierung ist ideal f\u00fcr den Einsatz im Freien und verbindet Komfort, Haltbarkeit und Praktikabilit\u00e4t.<\/p>\n<p data-pm-slice=\"1 1 []\">Entdecken Sie das Coyote GK DUTYCALL Fleece, ein technisches Kleidungsst\u00fcck, das entwickelt wurde, um den Anforderungen von Profis im Feld gerecht zu werden. Dieses OEKO-TEX STANDARD 100 zertifizierte Fleece verbindet Komfort, Haltbarkeit und Zweckm\u00e4\u00dfigkeit und ist ideal f\u00fcr Eins\u00e4tze im Freien, unabh\u00e4ngig von den Bedingungen. <\/p>\n<p>Das DUTYCALL GK Fleece ist aus hochwertigem Fleece hergestellt und bietet eine optimale W\u00e4rmeisolierung und ist gleichzeitig atmungsaktiv. Die Farbe Coyote passt perfekt zu taktischer und professioneller Ausr\u00fcstung. <\/p>\n<p data-pm-slice=\"1 1 []\">Das DUTYCALL Coyote GK Fleece ist f\u00fcr Polizei, Sicherheitspersonal und Outdoor-Fans geeignet. Es kombiniert geringes Gewicht mit hoher Strapazierf\u00e4higkeit. Mit mehreren Taschen und strapazierf\u00e4higen Materialien bietet es optimalen Tragekomfort bei gleichzeitiger Funktionalit\u00e4t. <\/p>\n<h2><strong>GK DUTYCALL\u00ae :<\/strong><\/h2>\n<p>Entdecken Sie GK Dutycall, eine Serie, die speziell f\u00fcr die Anforderungen des Milit\u00e4rs entwickelt wurde. Unsere Ausr\u00fcstungen sind robust und funktionell, um eine optimale Leistung im Feld zu gew\u00e4hrleisten. Jedes Produkt wird unter extremen Bedingungen getestet, um Ihre Sicherheit und Ihren Komfort zu gew\u00e4hrleisten. Mit GK Dutycall sind Sie f\u00fcr jede Mission professionell ausger\u00fcstet.   <\/p>\n<h2>EIGENSCHAFTEN :<\/h2>\n<ul>\n<li>Farbe: coyote<\/li>\n<li>Verf\u00fcgbare Gr\u00f6\u00dfen: Von XS bis 4XL<\/li>\n<li>Fleece-Gewebe<\/li>\n<li>Zentrale \u00d6ffnung mit einfachem Rei\u00dfverschluss<\/li>\n<li>2 aufgesetzte Fronttaschen mit Rei\u00dfverschluss und Filzfutter<\/li>\n<li>1 Brusttasche mit Rei\u00dfverschluss (rechte Seite &#8211; getragen)<\/li>\n<li>1 Tasche mit Rei\u00dfverschluss auf jedem Arm mit Rei\u00dfverschlussabdeckung<\/li>\n<li>Ein GK DUTYCALL Klettverschluss auf jedem Arm mit Stiftablage<\/li>\n<li>CORDURA\u00ae 500D Eins\u00e4tze an Schultern und R\u00fccken<\/li>\n<li>Elastische \u00c4rmel<\/li>\n<li>Innen eingen\u00e4htes Identifikationsetikett<\/li>\n<li>Str\u00fcmpfe<\/li>\n<\/ul>\n<h2>ZUSAMMENSETZUNG :<\/h2>\n<ul>\n<li>Obermaterial: Fleece 100% Polyester, 300g\/m\u00b2.<\/li>\n<li>Cordura-Verst\u00e4rkungen: 100% Nylon 500D<\/li>\n<\/ul>\n<h2>WASCHANWEISUNG :<\/h2>\n<ul>\n<li>Auf links gedreht waschen<\/li>\n<li>Maschinenw\u00e4sche bei 30\u00b0.<\/li>\n<li>Keine Chlorierung<\/li>\n<li>Nicht maschinell trocknend<\/li>\n<li>Kein B\u00fcgeln<\/li>\n<li>Keine chemische Reinigung<\/li>\n<\/ul>\n","protected":false},"excerpt":{"rendered":"<p>Dieses kojotefarbene Fleece GK DUTYCALL mit OEKO-TEX STANDARD 100-Zertifizierung ist ideal f\u00fcr den Einsatz im Freien und verbindet Komfort, Haltbarkeit und Praktikabilit\u00e4t.<\/p>\n","protected":false},"featured_media":38236,"comment_status":"closed","ping_status":"closed","template":"","meta":[],"product_brand":[2013],"product_cat":[446,428,418,248],"product_tag":[],"marque":[],"class_list":{"0":"post-38275","1":"product","2":"type-product","3":"status-publish","4":"has-post-thumbnail","6":"product_brand-gk","7":"product_cat-hoch","8":"product_cat-trends-de","9":"product_cat-was-ist-neu","10":"product_cat-werbeaktionen","12":"first","13":"instock","14":"sale","15":"taxable","16":"shipping-taxable","17":"purchasable","18":"product-type-variable"},"aioseo_notices":[],"_links":{"self":[{"href":"https:\/\/tmandoutdoor.com\/de\/wp-json\/wp\/v2\/product\/38275","targetHints":{"allow":["GET"]}}],"collection":[{"href":"https:\/\/tmandoutdoor.com\/de\/wp-json\/wp\/v2\/product"}],"about":[{"href":"https:\/\/tmandoutdoor.com\/de\/wp-json\/wp\/v2\/types\/product"}],"replies":[{"embeddable":true,"href":"https:\/\/tmandoutdoor.com\/de\/wp-json\/wp\/v2\/comments?post=38275"}],"wp:featuredmedia":[{"embeddable":true,"href":"https:\/\/tmandoutdoor.com\/de\/wp-json\/wp\/v2\/media\/38236"}],"wp:attachment":[{"href":"https:\/\/tmandoutdoor.com\/de\/wp-json\/wp\/v2\/media?parent=38275"}],"wp:term":[{"taxonomy":"product_brand","embeddable":true,"href":"https:\/\/tmandoutdoor.com\/de\/wp-json\/wp\/v2\/product_brand?post=38275"},{"taxonomy":"product_cat","embeddable":true,"href":"https:\/\/tmandoutdoor.com\/de\/wp-json\/wp\/v2\/product_cat?post=38275"},{"taxonomy":"product_tag","embeddable":true,"href":"https:\/\/tmandoutdoor.com\/de\/wp-json\/wp\/v2\/product_tag?post=38275"},{"taxonomy":"marque","embeddable":true,"href":"https:\/\/tmandoutdoor.com\/de\/wp-json\/wp\/v2\/marque?post=38275"}],"curies":[{"name":"wp","href":"https:\/\/api.w.org\/{rel}","templated":true}]}}