{"id":37648,"date":"2026-02-19T18:37:07","date_gmt":"2026-02-19T17:37:07","guid":{"rendered":"https:\/\/tmandoutdoor.com\/produit\/leinenschuhe-outdoor-sand\/"},"modified":"2026-02-22T18:55:59","modified_gmt":"2026-02-22T17:55:59","slug":"leinenschuhe-outdoor-sand","status":"publish","type":"product","link":"https:\/\/tmandoutdoor.com\/de\/produkt\/leinenschuhe-outdoor-sand\/","title":{"rendered":"Outdoor-Leinenschuhe f\u00fcr M\u00e4nner und Frauen &#8211; Brousse Sand"},"content":{"rendered":"<h2 id=\"des-chaussures-en-toile-outdoor-legeres-et-confortables\">Leichte und bequeme Outdoor-Leinenschuhe<\/h2>\n<p>Die weichen und bequemen Leinenschuhe von Brousse sind ideal f\u00fcr Spazierg\u00e4nge oder Wanderungen am Wochenende. Dieses Paar Outdoor-Schuhe verbindet l\u00e4ssiges Design mit robuster Verarbeitung und ist perfekt f\u00fcr allt\u00e4gliche Outdoor-Aktivit\u00e4ten und Freizeitabenteuer. <\/p>\n<h3 id=\"caracteristiques-de-cette-basket-en-toile-pour-homme-et-femme\">Eigenschaften dieses Leinensneakers f\u00fcr M\u00e4nner und Frauen<\/h3>\n<p>Diese hohen Leinenschuhe kombinieren hochwertige Materialien und bew\u00e4hrte Technologien f\u00fcr optimalen Komfort und au\u00dfergew\u00f6hnliche Haltbarkeit.<\/p>\n<ul>\n<li>Schaft aus 100% nat\u00fcrlicher und strapazierf\u00e4higer Baumwolle<\/li>\n<li>Hochwertiges Baumwollgewebe<\/li>\n<li>Baumwollfutter f\u00fcr Komfort<\/li>\n<\/ul>\n<h3 id=\"semelle-souple-et-resistante-confort-et-durabilite\">Flexible und strapazierf\u00e4hige Sohle: Komfort und Haltbarkeit<\/h3>\n<p><strong>Technische Details :<\/strong><\/p>\n<ul>\n<li>Bequeme, herausnehmbare und flexible Einlegesohle<\/li>\n<li>PU-Sohle: leicht, flexibel, rutschfest<\/li>\n<li>PVC-Schutzh\u00fclle gegen St\u00f6\u00dfe<\/li>\n<li>Integrierte Steinsicherung<\/li>\n<li>Farbe: Sand<\/li>\n<\/ul>\n<p>Die verwendete PU (Polyurethan) Sohle bietet au\u00dfergew\u00f6hnliche Eigenschaften: leicht, flexibel, kohlenwasserstoffbest\u00e4ndig, sto\u00dfd\u00e4mpfend und rutschfest. Dies garantiert einen dauerhaften Komfort beim Gehen und bei l\u00e4ngeren Outdoor-Aktivit\u00e4ten. <\/p>\n<h3 id=\"ideales-pour-qui-et-quand-enfiler-ces-chaussures\">Ideal f\u00fcr wen und wann diese Schuhe angezogen werden sollten.<\/h3>\n<p>Diese Leinenschuhe eignen sich perfekt f\u00fcr M\u00e4nner und Frauen, die einen bequemen Schuh f\u00fcr den Alltag suchen. Ob f\u00fcr eine leichte Wanderung, einen Spaziergang auf dem Land oder f\u00fcr den regelm\u00e4\u00dfigen Outdoor-Gebrauch, diese Schuhe bieten die richtige Balance zwischen Stil und Funktionalit\u00e4t. Die Schn\u00fcrsenkel und der Halt des Schaftes sorgen f\u00fcr eine gute Passform.  <\/p>\n<p><\/p>\n","protected":false},"excerpt":{"rendered":"<p>Brousse Outdoor-Schuhe aus Leinen: leicht, bequem und langlebig f\u00fcr M\u00e4nner und Frauen. Obermaterial aus Baumwolle, flexible PU-Sohle und Steinschutz f\u00fcr Ihre t\u00e4glichen Outdoor-Aktivit\u00e4ten. <\/p>\n","protected":false},"featured_media":37603,"comment_status":"closed","ping_status":"closed","template":"","meta":[],"product_brand":[],"product_cat":[197,428,418],"product_tag":[],"marque":[],"class_list":{"0":"post-37648","1":"product","2":"type-product","3":"status-publish","4":"has-post-thumbnail","6":"product_cat-segeltuchschuhe-wissart","7":"product_cat-trends-de","8":"product_cat-was-ist-neu","10":"first","11":"instock","12":"taxable","13":"shipping-taxable","14":"purchasable","15":"product-type-variable"},"aioseo_notices":[],"_links":{"self":[{"href":"https:\/\/tmandoutdoor.com\/de\/wp-json\/wp\/v2\/product\/37648","targetHints":{"allow":["GET"]}}],"collection":[{"href":"https:\/\/tmandoutdoor.com\/de\/wp-json\/wp\/v2\/product"}],"about":[{"href":"https:\/\/tmandoutdoor.com\/de\/wp-json\/wp\/v2\/types\/product"}],"replies":[{"embeddable":true,"href":"https:\/\/tmandoutdoor.com\/de\/wp-json\/wp\/v2\/comments?post=37648"}],"wp:featuredmedia":[{"embeddable":true,"href":"https:\/\/tmandoutdoor.com\/de\/wp-json\/wp\/v2\/media\/37603"}],"wp:attachment":[{"href":"https:\/\/tmandoutdoor.com\/de\/wp-json\/wp\/v2\/media?parent=37648"}],"wp:term":[{"taxonomy":"product_brand","embeddable":true,"href":"https:\/\/tmandoutdoor.com\/de\/wp-json\/wp\/v2\/product_brand?post=37648"},{"taxonomy":"product_cat","embeddable":true,"href":"https:\/\/tmandoutdoor.com\/de\/wp-json\/wp\/v2\/product_cat?post=37648"},{"taxonomy":"product_tag","embeddable":true,"href":"https:\/\/tmandoutdoor.com\/de\/wp-json\/wp\/v2\/product_tag?post=37648"},{"taxonomy":"marque","embeddable":true,"href":"https:\/\/tmandoutdoor.com\/de\/wp-json\/wp\/v2\/marque?post=37648"}],"curies":[{"name":"wp","href":"https:\/\/api.w.org\/{rel}","templated":true}]}}