{"id":3754,"date":"2023-11-20T17:23:18","date_gmt":"2023-11-20T16:23:18","guid":{"rendered":"https:\/\/tmandoutdoor.com\/produit\/marine-t-shirt-frau\/"},"modified":"2025-07-16T22:41:21","modified_gmt":"2025-07-16T20:41:21","slug":"marine-t-shirt-frau","status":"publish","type":"product","link":"https:\/\/tmandoutdoor.com\/de\/produkt\/marine-t-shirt-frau\/","title":{"rendered":"Marine T-Shirt (Frau)"},"content":{"rendered":"<ul style=\"margin: 0px 0px 9px; padding: 0px 0px 0px 15px; border: 0px; line-height: inherit; font-family: Arial, Helvetica, sans-serif; font-size: 13px; vertical-align: baseline;\">\n<li style=\"margin: 0px; padding: 0px; border: 0px; font-style: inherit; font-variant: inherit; font-weight: inherit; line-height: inherit; font-family: inherit; vertical-align: baseline;\"><span style=\"color: #000000;\">Damenschnitt<\/span><\/li>\n<li style=\"margin: 0px; padding: 0px; border: 0px; font-style: inherit; font-variant: inherit; font-weight: inherit; line-height: inherit; font-family: inherit; vertical-align: baseline;\"><span style=\"color: #000000;\">Farbe: das Blau der Nationalmarine<\/span><\/li>\n<li style=\"margin: 0px; padding: 0px; border: 0px; font-style: inherit; font-variant: inherit; font-weight: inherit; line-height: inherit; font-family: inherit; vertical-align: baseline;\"><span style=\"color: #000000;\">Durchmesser des Drucks: 20 cm<\/span><\/li>\n<li style=\"margin: 0px; padding: 0px; border: 0px; font-style: inherit; font-variant: inherit; font-weight: inherit; line-height: inherit; font-family: inherit; vertical-align: baseline;\"><span style=\"color: #000000;\">Zusammensetzung: 100% halbgek\u00e4mmte <strong style=\"margin: 0px; padding: 0px; border: 0px; font-style: inherit; font-variant: inherit; line-height: inherit; font-family: inherit; vertical-align: baseline;\">Ringspun-Baumwolle<\/strong>.<\/span><\/li>\n<li style=\"margin: 0px; padding: 0px; border: 0px; font-style: inherit; font-variant: inherit; font-weight: inherit; line-height: inherit; font-family: inherit; vertical-align: baseline;\"><span style=\"color: #000000;\">Gewicht von 190 g\/m\u00b2.<\/span><\/li>\n<li style=\"margin: 0px; padding: 0px; border: 0px; font-style: inherit; font-variant: inherit; font-weight: inherit; line-height: inherit; font-family: inherit; vertical-align: baseline;\"><span style=\"color: #000000;\"><span style=\"margin: 0px; padding: 0px; border: 0px; font-style: inherit; font-variant: inherit; font-weight: inherit; line-height: inherit; font-family: inherit; vertical-align: baseline;\">Der <\/span><strong style=\"margin: 0px; padding: 0px; border: 0px; font-style: inherit; font-variant: inherit; line-height: inherit; font-family: inherit; vertical-align: baseline;\">100-Standard von OEKO-TEX<\/strong><span style=\"margin: 0px; padding: 0px; border: 0px; font-style: inherit; font-variant: inherit; font-weight: inherit; line-height: inherit; font-family: inherit; vertical-align: baseline;\"> garantiert, dass das Endprodukt keine der Produkte enth\u00e4lt, die als gesundheitssch\u00e4dlich f\u00fcr den Tr\u00e4ger des Kleidungsst\u00fccks identifiziert wurden, kontrolliert und auditiert von <\/span><strong style=\"margin: 0px; padding: 0px; border: 0px; font-style: inherit; font-variant: inherit; line-height: inherit; font-family: inherit; vertical-align: baseline;\">IFTH<\/strong><span style=\"margin: 0px; padding: 0px; border: 0px; font-style: inherit; font-variant: inherit; font-weight: inherit; line-height: inherit; font-family: inherit; vertical-align: baseline;\">.<\/span><\/span><\/li>\n<li style=\"margin: 0px; padding: 0px; border: 0px; font-style: inherit; font-variant: inherit; font-weight: inherit; line-height: inherit; font-family: inherit; vertical-align: baseline;\"><span style=\"color: #000000;\">Sauberkeitsband am Kragen.<\/span><\/li>\n<li style=\"margin: 0px; padding: 0px; border: 0px; font-style: inherit; font-variant: inherit; font-weight: inherit; line-height: inherit; font-family: inherit; vertical-align: baseline;\"><span style=\"color: #000000;\"><span style=\"margin: 0px; padding: 0px; border: 0px; font-style: inherit; font-variant: inherit; font-weight: inherit; line-height: inherit; font-family: inherit; vertical-align: baseline;\" title=\"Kleidungsst\u00fcck mit einem runden, eher locker sitzenden Kragen.\">Rundhalsausschnitt <\/span>mit Elasthan-Rippstrickb\u00fcndchen.<\/span><\/li>\n<li style=\"margin: 0px; padding: 0px; border: 0px; font-style: inherit; font-variant: inherit; font-weight: inherit; line-height: inherit; font-family: inherit; vertical-align: baseline;\"><span style=\"color: #000000;\">Klassischer, r\u00f6hrenf\u00f6rmiger Schnitt.<\/span><\/li>\n<li style=\"margin: 0px; padding: 0px; border: 0px; font-style: inherit; font-variant: inherit; font-weight: inherit; line-height: inherit; font-family: inherit; vertical-align: baseline;\"><span style=\"color: #000000;\">Kurze \u00c4rmel.<\/span><\/li>\n<li style=\"margin: 0px; padding: 0px; border: 0px; font-style: inherit; font-variant: inherit; font-weight: inherit; line-height: inherit; font-family: inherit; vertical-align: baseline;\"><span style=\"color: #000000;\">Druckspuren (Umriss der Presse), die beim ersten Waschen verschwinden werden<\/span><\/li>\n<\/ul>\n<p><img decoding=\"async\" src=\"https:\/\/s7g3.scene7.com\/is\/image\/soloinvest\/mob_picto_haut_corps?scl=1&amp;fmt=png-alpha\" alt=\"mob_picto_hoch_corps?scl=1&amp;fmt=png-alpha\"><\/p>\n<div class=\"scrolling-table\">\n<table class=\"table-primary product-sizes-table\">\n<thead>\n<tr>\n<th>Gr\u00f6\u00dfen<\/th>\n<th>S<\/th>\n<th>M<\/th>\n<th>L<\/th>\n<th>XL<\/th>\n<th>XXL<\/th>\n<th>3XL*<\/th>\n<\/tr>\n<\/thead>\n<tbody>\n<tr>\n<td class=\"tabOptionSizeInfo\">A\/B<\/td>\n<td class=\"tabOptionSizeInfo\">61\/41<\/td>\n<td class=\"tabOptionSizeInfo\">63\/44<\/td>\n<td class=\"tabOptionSizeInfo\">65\/47<\/td>\n<td class=\"tabOptionSizeInfo\">67\/50<\/td>\n<td class=\"tabOptionSizeInfo\">69\/53<\/td>\n<td class=\"tabOptionSizeInfo\">71\/56<\/td>\n<\/tr>\n<\/tbody>\n<\/table>\n<\/div>\n","protected":false},"excerpt":{"rendered":"<p style=\"margin: 0px 0px 1em; padding: 0px; border: 0px; line-height: inherit; font-family: Arial, Helvetica, sans-serif; font-size: 13px; vertical-align: baseline; min-height: 1px;\"><span style=\"margin: 0px; padding: 0px; border: 0px; font-style: inherit; font-variant: inherit; font-weight: inherit; line-height: inherit; font-family: inherit; vertical-align: baseline;\">Dieses T-Shirt<\/span><span style=\"margin: 0px; padding: 0px; border: 0px; font-style: inherit; font-variant: inherit; font-weight: inherit; line-height: inherit; font-family: inherit; vertical-align: baseline;\"> besteht aus Baumwolle<\/span><span style=\"margin: 0px; padding: 0px; border: 0px; font-style: inherit; font-variant: inherit; font-weight: inherit; line-height: inherit; font-family: inherit; vertical-align: baseline;\">  mit einer dicken Grammatur (190 gr\/m2). Dank dessen ist es strapazierf\u00e4hig und immer angenehm zu tragen.<\/span><\/p>\n<p style=\"margin: 0px 0px 1em; padding: 0px; border: 0px; line-height: inherit; font-family: Arial, Helvetica, sans-serif; font-size: 13px; vertical-align: baseline; min-height: 1px;\"><span style=\"margin: 0px; padding: 0px; border: 0px; font-style: inherit; font-variant: inherit; font-weight: inherit; line-height: inherit; font-family: inherit; vertical-align: baseline;\">Der Rundhalsausschnitt <\/span><span style=\"margin: 0px; padding: 0px; border: 0px; font-style: inherit; font-variant: inherit; font-weight: inherit; line-height: inherit; font-family: inherit; vertical-align: baseline;\">mit Elasthan sorgt f\u00fcr eine gute Passform und mehr Komfort.<\/span><\/p>\n<p style=\"margin: 0px 0px 1em; padding: 0px; border: 0px; line-height: inherit; font-family: Arial, Helvetica, sans-serif; font-size: 13px; vertical-align: baseline; min-height: 1px;\"><span style=\"margin: 0px; padding: 0px; border: 0px; font-style: inherit; font-variant: inherit; font-weight: inherit; line-height: inherit; font-family: inherit; vertical-align: baseline;\">  Mit seinen kurzen \u00c4rmeln kann es im Sommer oder in der Zwischensaison getragen werden.<\/span><\/p>\n<p style=\"margin: 0px 0px 1em; padding: 0px; border: 0px; line-height: inherit; font-family: Arial, Helvetica, sans-serif; font-size: 13px; vertical-align: baseline; min-height: 1px;\"><span style=\"margin: 0px; padding: 0px; border: 0px; font-style: inherit; font-variant: inherit; font-weight: inherit; line-height: inherit; font-family: inherit; vertical-align: baseline;\">Sein Schnitt ist klassisch und r\u00f6hrenf\u00f6rmig, es gibt also keine Seitenn\u00e4hte, die Sie st\u00f6ren k\u00f6nnten.<\/span><\/p>\n<p style=\"margin: 0px 0px 1em; padding: 0px; border: 0px; line-height: 18px; font-family: Arial, Helvetica, sans-serif; font-size: 13px; vertical-align: baseline; min-height: 1px; color: #484848;\"><span style=\"color: #000000;\"><strong>Die verwendeten Materialien sind nach <span style=\"background-color: #ffffff; font-family: arial, sans-serif; font-size: 14px;\">OEKO-TEX\u00ae Standard 100<\/span> zertifiziert.<\/strong><\/span><\/p>\n<p style=\"margin: 0px 0px 1em; padding: 0px; border: 0px; line-height: 18px; font-family: Arial, Helvetica, sans-serif; font-size: 13px; vertical-align: baseline; min-height: 1px; color: #484848;\">\n","protected":false},"featured_media":6339,"comment_status":"closed","ping_status":"closed","template":"","meta":[],"product_brand":[],"product_cat":[281,446],"product_tag":[],"marque":[],"class_list":{"0":"post-3754","1":"product","2":"type-product","3":"status-publish","4":"has-post-thumbnail","6":"product_cat-frauen","7":"product_cat-hoch","8":"product_shipping_class-shipping-de","10":"first","11":"instock","12":"taxable","13":"shipping-taxable","14":"purchasable","15":"product-type-variable"},"aioseo_notices":[],"_links":{"self":[{"href":"https:\/\/tmandoutdoor.com\/de\/wp-json\/wp\/v2\/product\/3754","targetHints":{"allow":["GET"]}}],"collection":[{"href":"https:\/\/tmandoutdoor.com\/de\/wp-json\/wp\/v2\/product"}],"about":[{"href":"https:\/\/tmandoutdoor.com\/de\/wp-json\/wp\/v2\/types\/product"}],"replies":[{"embeddable":true,"href":"https:\/\/tmandoutdoor.com\/de\/wp-json\/wp\/v2\/comments?post=3754"}],"wp:featuredmedia":[{"embeddable":true,"href":"https:\/\/tmandoutdoor.com\/de\/wp-json\/wp\/v2\/media\/6339"}],"wp:attachment":[{"href":"https:\/\/tmandoutdoor.com\/de\/wp-json\/wp\/v2\/media?parent=3754"}],"wp:term":[{"taxonomy":"product_brand","embeddable":true,"href":"https:\/\/tmandoutdoor.com\/de\/wp-json\/wp\/v2\/product_brand?post=3754"},{"taxonomy":"product_cat","embeddable":true,"href":"https:\/\/tmandoutdoor.com\/de\/wp-json\/wp\/v2\/product_cat?post=3754"},{"taxonomy":"product_tag","embeddable":true,"href":"https:\/\/tmandoutdoor.com\/de\/wp-json\/wp\/v2\/product_tag?post=3754"},{"taxonomy":"marque","embeddable":true,"href":"https:\/\/tmandoutdoor.com\/de\/wp-json\/wp\/v2\/marque?post=3754"}],"curies":[{"name":"wp","href":"https:\/\/api.w.org\/{rel}","templated":true}]}}