{"id":37311,"date":"2026-02-14T15:38:32","date_gmt":"2026-02-14T14:38:32","guid":{"rendered":"https:\/\/tmandoutdoor.com\/?post_type=product&#038;p=37311"},"modified":"2026-02-14T16:05:26","modified_gmt":"2026-02-14T15:05:26","slug":"camo-first-s-cut-desert-tarnnetz-2-m-x-2-m-80-schatten-und-militarischer-stil-copie-2","status":"publish","type":"product","link":"https:\/\/tmandoutdoor.com\/de\/produkt\/camo-first-s-cut-desert-tarnnetz-2-m-x-2-m-80-schatten-und-militarischer-stil-copie-2\/","title":{"rendered":"Milit\u00e4risches Tarnnetz S-Cut 2&#215;3 m schattig Sand"},"content":{"rendered":"<p>Exklusive Vorbestellung: Sparen Sie noch heute 10 \u20ac. Reservieren Sie Ihr Camo First\u00ae S-Cut <strong>Tarnnetz<\/strong>, bevor es ausverkauft ist, und sichern Sie sich einen Sofortrabatt. <\/p>\n<p>Die Expedition beginnt am 15. April 2026. Gestalten Sie Ihren Au\u00dfenbereich um, sobald die ersten warmen Tage kommen. <\/p>\n<p>Wir bieten ein S-Cut <strong>W\u00fcstentarnnetz<\/strong> an, das f\u00fcr eine deckende<strong>Schattierung<\/strong> im <strong>Milit\u00e4rstil<\/strong> entworfen wurde. Der S-Schnitt streut das Licht, reduziert die Sonnenhitze und l\u00e4sst die Luft zirkulieren, so dass Sie es auf Ihrer Terrasse oder beim Camping bequem haben. <\/p>\n<p><strong>Die St\u00e4rken dieses Camo-Netzes :<\/strong><\/p>\n<ul>\n<li><strong>80% Schatten dank des S-f\u00f6rmigen Schnitts<\/strong><\/li>\n<li>Die \u00e4sthetische Ausf\u00fchrung der Bordsteine (eingetragenes Geschmacksmuster).<\/li>\n<li>St\u00e4rke: Aus 210 D Oxford Polyester hergestellt und mit Hilfe von Metallringen auf einem Nylonrahmen montiert.<\/li>\n<li>Einfache Installation: Nylon-Tau und -Randbefestigungen erleichtern die Installation und das Spannen.<\/li>\n<\/ul>\n<p>Dieses S-Cut <strong>Tarnnetz<\/strong> bietet bis zu 80%<strong>Schatten<\/strong> und verleiht Ihrer Terrasse, Ihrem Balkon oder Ihrem Campingplatz einen raffinierten <strong>milit\u00e4rischen<\/strong> Touch. Seine einzigartige Struktur streut das Licht, reduziert die direkte Sonneneinstrahlung und verwandelt Ihren Au\u00dfenbereich sofort in eine k\u00fchle Oase. <\/p>\n<h2 id=\"filet-de-camouflage-ombrage-votre-voile-d-ombrage-militaire-ideal\">Schattiertes Tarnnetz: Ihr ideales milit\u00e4risches Sonnensegel<\/h2>\n<p>Dank seines <strong>Tarnmusters<\/strong> in den Farben Sand und W\u00fcste bietet dieses <strong>Tarnnetz<\/strong> eine optimale Verdunkelung, ohne die Dekoration zu belasten. Die Antireflexbeschichtung verst\u00e4rkt den <strong>Sichtschutz<\/strong> und ist ideal f\u00fcr den Einsatz im Wohnbereich, bei Veranstaltungen oder im Freien auf der Terrasse oder Pergola. <\/p>\n<h2 id=\"filet-camo-beige-protection-visuelle-et-decoration-jardin-discrets\">Beigefarbenes Camo-Netz: Sichtschutz und diskrete Gartendekoration<\/h2>\n<ol>\n<li>210 D Polyester Oxford-Gewebe: strapazierf\u00e4hig und langlebig, wasserabweisend und UV-gesch\u00fctzt.<\/li>\n<li>7 cm x 7 cm Nylonfaden mit verst\u00e4rkten Metallringen: ein echtes, verst\u00e4rktes <strong>Tarnnetz<\/strong>.<\/li>\n<li>Leichtes Gewicht von 2,4 kg: leicht zu transportieren in jeder Camping- oder Milit\u00e4rumgebung.<\/li>\n<li>W\u00fcstenfarben: Beigefarbenes Tarnmuster, sandfarbenes Tarnmuster und W\u00fcstentarnmuster f\u00fcr eine perfekte Integration.<\/li>\n<li>Keine Windger\u00e4usche, keine giftigen Produkte: Respekt vor der Tierwelt und Ihren Erholungsmomenten.<\/li>\n<\/ol>\n<h2 id=\"filet-de-camouflage-renforce-caracteristiques-techniques-et-qualite\">Verst\u00e4rktes Tarnnetz: Technische Eigenschaften und Qualit\u00e4t<\/h2>\n<p>Dieses verst\u00e4rkte <strong>Tarnnetz<\/strong> kombiniert 210D Oxford-Polyester und Nylonfaden f\u00fcr maximale St\u00e4rke. Mit einer L\u00e4nge von 2&#215;3 m und einem Gewicht von nur 2,4 kg ist es ideal f\u00fcr Terrasse, Pergola oder Camping unter allen Bedingungen. <\/p>\n<h2 id=\"voile-d-ombrage-camo-avantages-pour-camping-et-exterieur\">Camo-Sonnensegel: Vorteile f\u00fcr Camping und im Freien<\/h2>\n<ol>\n<li>Schnelle Installation: Umfangsklammern und Seile werden mitgeliefert, so dass kein Spezialwerkzeug erforderlich ist.<\/li>\n<li>Vielseitig einsetzbar: Sichtschutz, <strong>Sonnensegel<\/strong>, dekorativer Vorhang, Abdeckung von milit\u00e4rischem Material.<\/li>\n<li>Modularit\u00e4t: Kombinieren Sie mehrere Tarnnetze, um die Schattierung und Verdunkelung zu erweitern.<\/li>\n<li>\u00c4sthetik: Lassen Sie sich von dem verst\u00e4rkten Camouflage-Stil inspirieren, um Ihre Garten- und Terrassendekoration zu versch\u00f6nern.<\/li>\n<li>Sicherheit: ger\u00e4uschlos, reflexionsarm und nicht feuerfest.<\/li>\n<\/ol>\n<h2 id=\"usages-camouflage-militaire-terrasse-pergola-decoration\">Verwendung Milit\u00e4rtarnung: Terrasse, Pergola, Dekoration<\/h2>\n<p>Ob Sie ein beigefarbenes <strong>Tarnnetz<\/strong> f\u00fcr einen bewaldeten Garten, ein sandfarbenes Camo-Netz f\u00fcr eine mediterrane Terrasse oder ein <strong>Milit\u00e4rnetz<\/strong> f\u00fcr ein Naturfestival suchen, das Camo First\u00ae S-Cut ist die Antwort. Schaffen Sie Schatten \u00fcber einem Picknicktisch, kombinieren Sie es mit einer Pergola als <strong>Sonnensegel<\/strong> oder montieren Sie es auf Ihrem Gel\u00e4ndewagen f\u00fcr einen Campingausflug in der W\u00fcste. <\/p>\n<h2 id=\"entretien-simplifie-et-longevite\">Einfache Wartung und lange Lebensdauer<\/h2>\n<p>Das Gewebe trocknet schnell und geruchsneutral und muss nur mit klarem Wasser abgesp\u00fclt werden. Die wasserdichten Materialien dieses <strong>Tarnnetzes<\/strong> halten Regen, Sand und UV-Strahlen stand, ohne auszubleichen. Am Ende seiner Lebensdauer ist das Polyester vollst\u00e4ndig recycelbar und umweltfreundlich.  <\/p>\n<h2 id=\"precommande-exclusive-economisez-10-des-aujourd-hui\">Exklusive Vorbestellung: Sparen Sie noch heute 10 \u20ac!<\/h2>\n<p>Reservieren Sie Ihr Camo First\u00ae S-Cut <strong>Tarnnetz<\/strong>, bevor es ausverkauft ist, und sichern Sie sich einen Sofortrabatt. Der Versand beginnt am 15. April 2026, Standardlieferung oder Abholung in Tours auf Anfrage. Ver\u00e4ndern Sie Ihren Au\u00dfenbereich, wenn die Sonne scheint!  <\/p>\n<p>&nbsp;<\/p>\n","protected":false},"excerpt":{"rendered":"<p>Milit\u00e4risches Tarnnetz 2&#215;3 m Camo First\u00ae S-Cut. 80% schattig, W\u00fcstenstil f\u00fcr Ihre Terrasse oder Ihren Campingplatz. Exklusive Vorbestellung: -10\u20ac heute!  <\/p>\n","protected":false},"featured_media":37390,"comment_status":"closed","ping_status":"closed","template":"","meta":[],"product_brand":[],"product_cat":[185,1348,325],"product_tag":[],"marque":[],"class_list":{"0":"post-37311","1":"product","2":"type-product","3":"status-publish","4":"has-post-thumbnail","6":"product_cat-camo-first-s-cut-de","7":"product_cat-laufende-produktion","8":"product_cat-non-classifiee-de","10":"first","11":"pre_order","12":"sale","13":"taxable","14":"shipping-taxable","15":"purchasable","16":"product-type-simple"},"aioseo_notices":[],"_links":{"self":[{"href":"https:\/\/tmandoutdoor.com\/de\/wp-json\/wp\/v2\/product\/37311","targetHints":{"allow":["GET"]}}],"collection":[{"href":"https:\/\/tmandoutdoor.com\/de\/wp-json\/wp\/v2\/product"}],"about":[{"href":"https:\/\/tmandoutdoor.com\/de\/wp-json\/wp\/v2\/types\/product"}],"replies":[{"embeddable":true,"href":"https:\/\/tmandoutdoor.com\/de\/wp-json\/wp\/v2\/comments?post=37311"}],"wp:featuredmedia":[{"embeddable":true,"href":"https:\/\/tmandoutdoor.com\/de\/wp-json\/wp\/v2\/media\/37390"}],"wp:attachment":[{"href":"https:\/\/tmandoutdoor.com\/de\/wp-json\/wp\/v2\/media?parent=37311"}],"wp:term":[{"taxonomy":"product_brand","embeddable":true,"href":"https:\/\/tmandoutdoor.com\/de\/wp-json\/wp\/v2\/product_brand?post=37311"},{"taxonomy":"product_cat","embeddable":true,"href":"https:\/\/tmandoutdoor.com\/de\/wp-json\/wp\/v2\/product_cat?post=37311"},{"taxonomy":"product_tag","embeddable":true,"href":"https:\/\/tmandoutdoor.com\/de\/wp-json\/wp\/v2\/product_tag?post=37311"},{"taxonomy":"marque","embeddable":true,"href":"https:\/\/tmandoutdoor.com\/de\/wp-json\/wp\/v2\/marque?post=37311"}],"curies":[{"name":"wp","href":"https:\/\/api.w.org\/{rel}","templated":true}]}}