{"id":37142,"date":"2026-02-09T17:55:21","date_gmt":"2026-02-09T16:55:21","guid":{"rendered":"https:\/\/tmandoutdoor.com\/?post_type=product&#038;p=37142"},"modified":"2026-02-25T17:58:57","modified_gmt":"2026-02-25T16:58:57","slug":"kompakte-wasserdichte-transportbox-aus-robustem-kunststoff-copie","status":"publish","type":"product","link":"https:\/\/tmandoutdoor.com\/de\/produkt\/kompakte-wasserdichte-transportbox-aus-robustem-kunststoff-copie\/","title":{"rendered":"Robuster wasserdichter Airsoft-Koffer aus Kunststoff &#8211; TGM-Kiste"},"content":{"rendered":"<p>Wasserdichter und robuster Transportkoffer aus Kunststoff zum Schutz Ihrer Airsoft-Repliken, Gewehre, Munition und Zubeh\u00f6r auf Reisen oder zur sicheren Aufbewahrung zu Hause.<\/p>\n<p>Entdecken Sie unseren wasserdichten Transportkoffer, der ideal ist, um Ihre Airsoft-Repliken, Sch\u00fctzengewehre, Pistolen, Munition und Zubeh\u00f6r zu transportieren, wenn Sie im Freien unterwegs sind, f\u00fcr Airsoft-Ausfl\u00fcge, Freizeitschie\u00dfen oder die professionelle Lagerung zu Hause.<\/p>\n<h2 id=\"mallette-de-transport-rigide-et-etanche-caracteristiques-principales\">Wasserdichter Hartschalenkoffer &#8211; Hauptmerkmale<\/h2>\n<p><strong>Hauptmerkmale :<\/strong><\/p>\n<ul>\n<li>Vielseitig und langlebig gestaltete Kiste f\u00fcr einen sicheren Transport<\/li>\n<li>Stabile und haltbare Polypropylenbox, sto\u00dffest, wasser- und wetterfest mit wasserdichter Abdichtung<\/li>\n<li>Stabiler, ergonomischer Griff f\u00fcr einfachen Transport<\/li>\n<li>Deckel mit wasserfester Dichtung<\/li>\n<li>Stapelbares Design f\u00fcr optimale Aufbewahrung<\/li>\n<\/ul>\n<p><strong>Abmessungen des Transportkoffers :<\/strong><\/p>\n<p>L\u00e4nge: 49,5 cm<\/p>\n<p>Breite: 44,1 cm<\/p>\n<p>H\u00f6he: 21,0 cm<\/p>\n<p>Unser wasserdichter Hartschalenkoffer bietet <strong>maximalen Schutz<\/strong> f\u00fcr Ihre Airsoft-Ausr\u00fcstung, Munition und Zubeh\u00f6r, wenn Sie unterwegs sind. Diese wasserdichte Kiste garantiert optimale Sicherheit unter allen Bedingungen. <\/p>\n<h3 id=\"specifications-de-la-mallette-de-transport-avec-mousse-predecoupee-et-etancheite-ip67\">Spezifikationen des Transportkoffers<\/h3>\n<ul>\n<li>Vielseitiges Design f\u00fcr die Lagerung und den intensiven Transport von Airsoft-Replikaten, Gewehren und Pistolen<\/li>\n<li>Vielseitige Kiste zur sicheren und organisierten Aufbewahrung von Gewehren, Airsoft-Pistolen, Magazinen, Munition und taktischem Zubeh\u00f6r.<\/li>\n<li>Robustes und langlebiges Polypropylen-Material, sto\u00dffest und wasserfest<\/li>\n<li>2 seitliche Griffe mit Gummigriff und verst\u00e4rktem Tragegriff<\/li>\n<li>Solider Deckel mit Dichtung zum Schutz vor Feuchtigkeit und Staub<\/li>\n<li>Stapelbares Design zur Optimierung der Aufbewahrung und Lagerung<\/li>\n<\/ul>\n<h3 id=\"protection-maximale-et-transport-securise-pour-vos-repliques-et-equipements\">Maximaler Schutz und sicherer Transport f\u00fcr Ihre Repliken und Ausr\u00fcstungen<\/h3>\n<p>Diese Hartschalenkiste aus Polypropylen bietet <strong>maximalen Schutz<\/strong> f\u00fcr Ihre Waffen, Airsoft-Repliken, Magazine, Munition und taktische Ausr\u00fcstung vor St\u00f6\u00dfen, Wasser und Staub. Die wasserdichte Dichtung sorgt f\u00fcr einen sicheren Transport Ihrer wertvollsten St\u00fccke. Dank des robusten und langlebigen Materials sch\u00fctzt sie auch in anspruchsvollen Umgebungen.  <\/p>\n<p>Dieser leichte und langlebige Transportkoffer kombiniert <strong>Robustheit<\/strong> mit praktischem Design. Sein sto\u00dffestes Polypropylen-Material erm\u00f6glicht einen einfachen Transport, ohne dass die Aufbewahrungskapazit\u00e4t beeintr\u00e4chtigt wird. Ob Sie Airsoft oder Sportschie\u00dfen betreiben oder einen Schutzkoffer f\u00fcr Ihre Outdoor-Ausr\u00fcstung ben\u00f6tigen, diese sichere, stapelbare Transportbox passt sich all Ihren Bed\u00fcrfnissen an.  <\/p>\n<p><\/p>\n","protected":false},"excerpt":{"rendered":"<p>Wasserdichter Transportkoffer aus Hartplastik zum Schutz von Gewehren, Airsoftpistolen und Munition. Robuste Kiste mit wasserdichter Dichtung, Schaumstoff im Inneren und stapelbarem Design. <\/p>\n","protected":false},"featured_media":37195,"comment_status":"closed","ping_status":"closed","template":"","meta":[],"product_brand":[1345],"product_cat":[1893,418],"product_tag":[],"marque":[735],"class_list":{"0":"post-37142","1":"product","2":"type-product","3":"status-publish","4":"has-post-thumbnail","6":"product_brand-101-inc","7":"product_cat-kasse","8":"product_cat-was-ist-neu","9":"marque-101-inc","11":"first","12":"instock","13":"taxable","14":"shipping-taxable","15":"purchasable","16":"product-type-simple"},"aioseo_notices":[],"_links":{"self":[{"href":"https:\/\/tmandoutdoor.com\/de\/wp-json\/wp\/v2\/product\/37142","targetHints":{"allow":["GET"]}}],"collection":[{"href":"https:\/\/tmandoutdoor.com\/de\/wp-json\/wp\/v2\/product"}],"about":[{"href":"https:\/\/tmandoutdoor.com\/de\/wp-json\/wp\/v2\/types\/product"}],"replies":[{"embeddable":true,"href":"https:\/\/tmandoutdoor.com\/de\/wp-json\/wp\/v2\/comments?post=37142"}],"wp:featuredmedia":[{"embeddable":true,"href":"https:\/\/tmandoutdoor.com\/de\/wp-json\/wp\/v2\/media\/37195"}],"wp:attachment":[{"href":"https:\/\/tmandoutdoor.com\/de\/wp-json\/wp\/v2\/media?parent=37142"}],"wp:term":[{"taxonomy":"product_brand","embeddable":true,"href":"https:\/\/tmandoutdoor.com\/de\/wp-json\/wp\/v2\/product_brand?post=37142"},{"taxonomy":"product_cat","embeddable":true,"href":"https:\/\/tmandoutdoor.com\/de\/wp-json\/wp\/v2\/product_cat?post=37142"},{"taxonomy":"product_tag","embeddable":true,"href":"https:\/\/tmandoutdoor.com\/de\/wp-json\/wp\/v2\/product_tag?post=37142"},{"taxonomy":"marque","embeddable":true,"href":"https:\/\/tmandoutdoor.com\/de\/wp-json\/wp\/v2\/marque?post=37142"}],"curies":[{"name":"wp","href":"https:\/\/api.w.org\/{rel}","templated":true}]}}