{"id":37133,"date":"2026-02-09T17:36:30","date_gmt":"2026-02-09T16:36:30","guid":{"rendered":"https:\/\/tmandoutdoor.com\/produit\/kompakte-wasserdichte-transportbox-aus-robustem-kunststoff\/"},"modified":"2026-02-25T18:01:35","modified_gmt":"2026-02-25T17:01:35","slug":"kompakte-wasserdichte-transportbox-aus-robustem-kunststoff","status":"publish","type":"product","link":"https:\/\/tmandoutdoor.com\/de\/produkt\/kompakte-wasserdichte-transportbox-aus-robustem-kunststoff\/","title":{"rendered":"Kompakte, wasserdichte Transportbox aus robustem Kunststoff"},"content":{"rendered":"<p>Entdecken Sie unsere kompakte, wasserdichte Transportbox aus robustem Kunststoff f\u00fcr Munition und Ausr\u00fcstung. Diese wasserdichte Box ist ideal, um Ihre Airsoft-Ausr\u00fcstung, Munition, Angelger\u00e4te, elektronische Ger\u00e4te und Kamerazubeh\u00f6r unterwegs zu sch\u00fctzen. <\/p>\n<p><strong>Eigenschaften dieses robusten Transportkoffers :<\/strong><\/p>\n<ul>\n<li>Vielseitiges Design f\u00fcr intensive Lagerung und Transport<\/li>\n<li>Mischung aus Polypropylen und langlebigem, sto\u00dffestem Kunststoff<\/li>\n<li>2 seitliche Griffe mit Gummigriff und Tragegriff<\/li>\n<li>Stabiler Deckel mit Dichtung zum Schutz vor Feuchtigkeit<\/li>\n<li>Stapelbares Design zur Optimierung der Aufbewahrung und Lagerung<\/li>\n<\/ul>\n<p><strong>Au\u00dfenma\u00dfe :<\/strong><\/p>\n<ul>\n<li>L\u00e4nge: 46,7 cm<\/li>\n<li>Breite: 30,8 cm<\/li>\n<li>H\u00f6he: 21,0 cm<\/li>\n<\/ul>\n<p><strong>Vorteile dieses vielseitigen Containers<\/strong><\/p>\n<p>Diese Transportkiste bietet <strong>maximale Sicherheit<\/strong> f\u00fcr Ihre wertvollsten Ger\u00e4te. Dank des robusten und widerstandsf\u00e4higen Materials sch\u00fctzt sie effektiv gegen St\u00f6\u00dfe und in anspruchsvollen Umgebungen. Das sichere Design mit zuverl\u00e4ssigen Verschl\u00fcssen sorgt daf\u00fcr, dass Ihr Inhalt unter allen Bedingungen gesch\u00fctzt bleibt.  <\/p>\n<p>Dieser Koffer ist leicht zu transportieren und zu handhaben und kombiniert Robustheit mit Leichtigkeit. Sein optimiertes Gewicht erm\u00f6glicht einen einfachen Transport, ohne dass die Aufbewahrungskapazit\u00e4t beeintr\u00e4chtigt wird. Perfekt f\u00fcr Au\u00dfeneins\u00e4tze, zum Verstauen zu Hause oder f\u00fcr den Transport von Berufsausr\u00fcstung, passt sich dieser Beh\u00e4lter an alle Ihre Bed\u00fcrfnisse nach Schutz und Mobilit\u00e4t an.  <\/p>\n<p>&nbsp;<\/p>\n","protected":false},"excerpt":{"rendered":"<p>Wasserdichte und robuste Transportbox aus Kunststoff zum Schutz Ihrer Ausr\u00fcstung, Munition und Zubeh\u00f6r. Stabiler Griff, Deckel mit Dichtung, stapelbares Design. <\/p>\n","protected":false},"featured_media":37070,"comment_status":"closed","ping_status":"closed","template":"","meta":[],"product_brand":[1345],"product_cat":[1893,418],"product_tag":[],"marque":[],"class_list":{"0":"post-37133","1":"product","2":"type-product","3":"status-publish","4":"has-post-thumbnail","6":"product_brand-101-inc","7":"product_cat-kasse","8":"product_cat-was-ist-neu","10":"first","11":"instock","12":"taxable","13":"shipping-taxable","14":"purchasable","15":"product-type-variable"},"aioseo_notices":[],"_links":{"self":[{"href":"https:\/\/tmandoutdoor.com\/de\/wp-json\/wp\/v2\/product\/37133","targetHints":{"allow":["GET"]}}],"collection":[{"href":"https:\/\/tmandoutdoor.com\/de\/wp-json\/wp\/v2\/product"}],"about":[{"href":"https:\/\/tmandoutdoor.com\/de\/wp-json\/wp\/v2\/types\/product"}],"replies":[{"embeddable":true,"href":"https:\/\/tmandoutdoor.com\/de\/wp-json\/wp\/v2\/comments?post=37133"}],"wp:featuredmedia":[{"embeddable":true,"href":"https:\/\/tmandoutdoor.com\/de\/wp-json\/wp\/v2\/media\/37070"}],"wp:attachment":[{"href":"https:\/\/tmandoutdoor.com\/de\/wp-json\/wp\/v2\/media?parent=37133"}],"wp:term":[{"taxonomy":"product_brand","embeddable":true,"href":"https:\/\/tmandoutdoor.com\/de\/wp-json\/wp\/v2\/product_brand?post=37133"},{"taxonomy":"product_cat","embeddable":true,"href":"https:\/\/tmandoutdoor.com\/de\/wp-json\/wp\/v2\/product_cat?post=37133"},{"taxonomy":"product_tag","embeddable":true,"href":"https:\/\/tmandoutdoor.com\/de\/wp-json\/wp\/v2\/product_tag?post=37133"},{"taxonomy":"marque","embeddable":true,"href":"https:\/\/tmandoutdoor.com\/de\/wp-json\/wp\/v2\/marque?post=37133"}],"curies":[{"name":"wp","href":"https:\/\/api.w.org\/{rel}","templated":true}]}}