{"id":3681,"date":"2023-11-20T18:55:59","date_gmt":"2023-11-20T17:55:59","guid":{"rendered":"https:\/\/tmandoutdoor.com\/produit\/wissart-canvas-schuhe-sand\/"},"modified":"2023-11-20T18:55:59","modified_gmt":"2023-11-20T17:55:59","slug":"wissart-canvas-schuhe-sand","status":"publish","type":"product","link":"https:\/\/tmandoutdoor.com\/de\/produkt\/wissart-canvas-schuhe-sand\/","title":{"rendered":"Wissart\u00ae Canvas-Schuhe (Sand)"},"content":{"rendered":"<p style=\"margin:0px 0px 1em;padding:0px;border:0px;line-height:18px;font-family:Arial, Helvetica, sans-serif;font-size:13px;vertical-align:baseline;min-height:1px;color:#484848;\">100% nat\u00fcrlicher Schaft<\/p>\n<p style=\"margin:0px 0px 1em;padding:0px;border:0px;line-height:18px;font-family:Arial, Helvetica, sans-serif;font-size:13px;vertical-align:baseline;min-height:1px;color:#484848;\">Leinwand aus Baumwolle  <\/p>\n<p style=\"margin:0px 0px 1em;padding:0px;border:0px;line-height:18px;font-family:Arial, Helvetica, sans-serif;font-size:13px;vertical-align:baseline;min-height:1px;color:#484848;\"><span style=\"margin:0px;padding:0px;border:0px;font-style:inherit;font-variant:inherit;font-weight:inherit;line-height:inherit;font-family:inherit;vertical-align:baseline;\">Herausnehmbare Komfortsohle<\/span><\/p>\n<p style=\"margin:0px 0px 1em;padding:0px;border:0px;line-height:18px;font-family:Arial, Helvetica, sans-serif;font-size:13px;vertical-align:baseline;min-height:1px;color:#484848;\">Baumwollfutter<\/p>\n<p style=\"margin:0px 0px 1em;padding:0px;border:0px;line-height:18px;font-family:Arial, Helvetica, sans-serif;font-size:13px;vertical-align:baseline;min-height:1px;color:#484848;\">Strapazierf\u00e4hige Elastomersohle<\/p>\n<p style=\"margin:0px 0px 1em;padding:0px;border:0px;line-height:18px;font-family:Arial, Helvetica, sans-serif;font-size:13px;vertical-align:baseline;min-height:1px;color:#484848;\">Steinschlagschutz<\/p>\n","protected":false},"excerpt":{"rendered":"<p style=\"margin:0px 0px 1em;padding:0px;border:0px;line-height:18px;font-family:Arial, Helvetica, sans-serif;font-size:13px;vertical-align:baseline;min-height:1px;color:#484848;\">Die <strong style=\"margin:0px;padding:0px;border:0px;font-style:inherit;font-variant:inherit;line-height:inherit;font-family:inherit;vertical-align:baseline;\">Wissart\u00ae<\/strong> Buschschuhe sind wieder da, strapazierf\u00e4hig und gel\u00e4ndeg\u00e4ngig wie eh und je.<\/p>\n<p style=\"margin:0px 0px 1em;padding:0px;border:0px;line-height:18px;font-family:Arial, Helvetica, sans-serif;font-size:13px;vertical-align:baseline;min-height:1px;color:#484848;\">Diese Leinenschuhe sind von den Buschschuhen der franz\u00f6sischen Armee vom Typ &#8220;Wissart&#8221;, &#8220;Pataugas&#8221; oder &#8220;Palladium&#8221; inspiriert.<\/p>\n<p style=\"margin:0px 0px 1em;padding:0px;border:0px;line-height:18px;font-family:Arial, Helvetica, sans-serif;font-size:13px;vertical-align:baseline;min-height:1px;color:#484848;\"><strong style=\"margin:0px;padding:0px;border:0px;font-style:inherit;font-variant:inherit;line-height:inherit;font-family:inherit;vertical-align:baseline;\">Franz\u00f6sisches Design<\/strong><\/p>\n<p style=\"margin:0px 0px 1em;padding:0px;border:0px;line-height:18px;font-family:Arial, Helvetica, sans-serif;font-size:13px;vertical-align:baseline;min-height:1px;color:#484848;\"><strong style=\"margin:0px;padding:0px;border:0px;font-style:inherit;font-variant:inherit;line-height:inherit;font-family:inherit;vertical-align:baseline;\">Europ\u00e4ische Herstellung<\/strong><strong style=\"margin:0px;padding:0px;border:0px;font-style:inherit;font-variant:inherit;line-height:inherit;font-family:inherit;vertical-align:baseline;\"><\/strong><\/p>\n<p style=\"margin:0px 0px 1em;padding:0px;border:0px;line-height:18px;font-family:Arial, Helvetica, sans-serif;font-size:13px;vertical-align:baseline;min-height:1px;color:#484848;\">(Foto nicht vertraglich bindend)<\/p>\n<p style=\"margin:0px 0px 1em;padding:0px;border:0px;line-height:18px;font-family:Arial, Helvetica, sans-serif;font-size:13px;vertical-align:baseline;min-height:1px;color:#484848;\">\n","protected":false},"featured_media":11649,"comment_status":"closed","ping_status":"closed","template":"","meta":[],"product_brand":[],"product_cat":[197],"product_tag":[],"marque":[],"class_list":{"0":"post-3681","1":"product","2":"type-product","3":"status-publish","4":"has-post-thumbnail","6":"product_cat-segeltuchschuhe-wissart","7":"product_shipping_class-shipping-de","9":"first","10":"instock","11":"taxable","12":"shipping-taxable","13":"purchasable","14":"product-type-variable"},"aioseo_notices":[],"_links":{"self":[{"href":"https:\/\/tmandoutdoor.com\/de\/wp-json\/wp\/v2\/product\/3681","targetHints":{"allow":["GET"]}}],"collection":[{"href":"https:\/\/tmandoutdoor.com\/de\/wp-json\/wp\/v2\/product"}],"about":[{"href":"https:\/\/tmandoutdoor.com\/de\/wp-json\/wp\/v2\/types\/product"}],"replies":[{"embeddable":true,"href":"https:\/\/tmandoutdoor.com\/de\/wp-json\/wp\/v2\/comments?post=3681"}],"wp:featuredmedia":[{"embeddable":true,"href":"https:\/\/tmandoutdoor.com\/de\/wp-json\/wp\/v2\/media\/11649"}],"wp:attachment":[{"href":"https:\/\/tmandoutdoor.com\/de\/wp-json\/wp\/v2\/media?parent=3681"}],"wp:term":[{"taxonomy":"product_brand","embeddable":true,"href":"https:\/\/tmandoutdoor.com\/de\/wp-json\/wp\/v2\/product_brand?post=3681"},{"taxonomy":"product_cat","embeddable":true,"href":"https:\/\/tmandoutdoor.com\/de\/wp-json\/wp\/v2\/product_cat?post=3681"},{"taxonomy":"product_tag","embeddable":true,"href":"https:\/\/tmandoutdoor.com\/de\/wp-json\/wp\/v2\/product_tag?post=3681"},{"taxonomy":"marque","embeddable":true,"href":"https:\/\/tmandoutdoor.com\/de\/wp-json\/wp\/v2\/marque?post=3681"}],"curies":[{"name":"wp","href":"https:\/\/api.w.org\/{rel}","templated":true}]}}