{"id":3678,"date":"2023-11-20T17:23:19","date_gmt":"2023-11-20T16:23:19","guid":{"rendered":"https:\/\/tmandoutdoor.com\/produit\/packtasche-fuer-die-marine\/"},"modified":"2023-11-20T17:23:19","modified_gmt":"2023-11-20T16:23:19","slug":"packtasche-fuer-die-marine","status":"publish","type":"product","link":"https:\/\/tmandoutdoor.com\/de\/produkt\/packtasche-fuer-die-marine\/","title":{"rendered":"Packtasche f\u00fcr die Marine"},"content":{"rendered":"<p>Farbe: Ecru<\/p>\n<p><strong>Packtasche Gro\u00dfes Modell :  <\/strong><\/p>\n<p>Volumen: ca. 50 L<\/p>\n<p>H\u00f6he: ca. 70 cm<\/p>\n<p>Durchmesser: ca. 30 cm<\/p>\n<p><strong>Packtasche Kleines Modell :<\/strong><\/p>\n<p>Volumen: ca. 25 L<\/p>\n<p>H\u00f6he: ca. 50 cm<\/p>\n<p>Durchmesser: ca. 25 cm<\/p>\n","protected":false},"excerpt":{"rendered":"<p>Reproduktion der legend\u00e4ren Gep\u00e4cktasche der franz\u00f6sischen Marine.<\/p>\n<p>Je nach Gr\u00f6\u00dfe kann diese Tasche Sie auf Wochenendausfl\u00fcgen, bei sportlichen Aktivit\u00e4ten oder bei l\u00e4ngeren Aufenthalten oder Ausfl\u00fcgen begleiten, wenn es sich um das gr\u00f6\u00dfere Modell handelt.<\/p>\n<p>Material: 100% Baumwolle<\/p>\n","protected":false},"featured_media":6321,"comment_status":"closed","ping_status":"closed","template":"","meta":[],"product_brand":[],"product_cat":[278,426],"product_tag":[],"marque":[],"class_list":{"0":"post-3678","1":"product","2":"type-product","3":"status-publish","4":"has-post-thumbnail","6":"product_cat-taschen","7":"product_cat-transporttasche","8":"product_shipping_class-shipping-de","10":"first","11":"instock","12":"taxable","13":"shipping-taxable","14":"purchasable","15":"product-type-variable"},"aioseo_notices":[],"_links":{"self":[{"href":"https:\/\/tmandoutdoor.com\/de\/wp-json\/wp\/v2\/product\/3678","targetHints":{"allow":["GET"]}}],"collection":[{"href":"https:\/\/tmandoutdoor.com\/de\/wp-json\/wp\/v2\/product"}],"about":[{"href":"https:\/\/tmandoutdoor.com\/de\/wp-json\/wp\/v2\/types\/product"}],"replies":[{"embeddable":true,"href":"https:\/\/tmandoutdoor.com\/de\/wp-json\/wp\/v2\/comments?post=3678"}],"wp:featuredmedia":[{"embeddable":true,"href":"https:\/\/tmandoutdoor.com\/de\/wp-json\/wp\/v2\/media\/6321"}],"wp:attachment":[{"href":"https:\/\/tmandoutdoor.com\/de\/wp-json\/wp\/v2\/media?parent=3678"}],"wp:term":[{"taxonomy":"product_brand","embeddable":true,"href":"https:\/\/tmandoutdoor.com\/de\/wp-json\/wp\/v2\/product_brand?post=3678"},{"taxonomy":"product_cat","embeddable":true,"href":"https:\/\/tmandoutdoor.com\/de\/wp-json\/wp\/v2\/product_cat?post=3678"},{"taxonomy":"product_tag","embeddable":true,"href":"https:\/\/tmandoutdoor.com\/de\/wp-json\/wp\/v2\/product_tag?post=3678"},{"taxonomy":"marque","embeddable":true,"href":"https:\/\/tmandoutdoor.com\/de\/wp-json\/wp\/v2\/marque?post=3678"}],"curies":[{"name":"wp","href":"https:\/\/api.w.org\/{rel}","templated":true}]}}