{"id":36500,"date":"2026-02-06T18:00:43","date_gmt":"2026-02-06T17:00:43","guid":{"rendered":"https:\/\/tmandoutdoor.com\/?post_type=product&#038;p=36500"},"modified":"2026-02-06T20:41:45","modified_gmt":"2026-02-06T19:41:45","slug":"wind-und-wasserdichte-jacke-mann-ripstop-kojote-opex-copie","status":"publish","type":"product","link":"https:\/\/tmandoutdoor.com\/de\/produkt\/wind-und-wasserdichte-jacke-mann-ripstop-kojote-opex-copie\/","title":{"rendered":"Milit\u00e4rjacke wasserdicht winddicht Ripstop schwarz OPEX"},"content":{"rendered":"<h2 id=\"veste-militaire-impermeable-coupe-vent-pour-homme-protection-totale\">Wasser- und winddichte Milit\u00e4rjacke f\u00fcr M\u00e4nner und Frauen: totaler Schutz gegen das Wetter.<\/h2>\n<p>Diese <strong>wasserdichte Jacke<\/strong> wurde f\u00fcr die anspruchsvollsten Wetterbedingungen entwickelt und bietet dank ihres milit\u00e4rischen Designs und der fortschrittlichen <strong>winddichten<\/strong> Technologie zuverl\u00e4ssigen Schutz vor Schlagregen und Wind, w\u00e4hrend sie gleichzeitig die volle Bewegungsfreiheit beibeh\u00e4lt.<\/p>\n<p>Diese wasserdichte Schutzjacke ist ideal zum Wandern, Trekking, Trailrunning und f\u00fcr Outdoor-Aktivit\u00e4ten. Sie kann problemlos \u00fcber einem Gitter oder einer technischen Feldbekleidung getragen werden. Eine wesentliche Ausr\u00fcstung f\u00fcr Liebhaber des milit\u00e4rischen Stils und des \u00dcberlebens unter schwierigen Bedingungen.<\/p>\n<p>Diese wasserdichte <strong>Jacke<\/strong> aus atmungsaktivem und wasserabweisendem Material bietet absolute Wasserdichtigkeit, ohne die Atmungsaktivit\u00e4t zu beeintr\u00e4chtigen, und garantiert optimalen Komfort auch bei l\u00e4ngeren Anstrengungen oder starkem Regen.<\/p>\n<h3 id=\"veste-avec-poches-militaires-et-capuche-reglable-specifications-completes\">Jacke mit Milit\u00e4rtaschen und verstellbarer Kapuze: vollst\u00e4ndige Spezifikationen<\/h3>\n<h4 id=\"veste-coupe-vent-impermeable-pour-homme-materiaux-et-technologie-softshell\">Wasserdichte Windjacke f\u00fcr Herren: Materialien und Softshell-Technologie<\/h4>\n<ul>\n<li>EN 343 zertifizierter Regenmantel mit wasserdicht verschwei\u00dften N\u00e4hten f\u00fcr maximale Wasserdichtigkeit<\/li>\n<li>Atmungsaktives und wasserabweisendes Material f\u00fcr optimale Atmungsaktivit\u00e4t<\/li>\n<li>Zusammensetzung: 100 % TAFFETA-Polyester mit leistungsstarker PU-Beschichtung<\/li>\n<li>Wasserdichter Rei\u00dfverschluss mit doppeltem Schieber<\/li>\n<li>Zwei wasserdichte Seitentaschen mit Rei\u00dfverschluss<\/li>\n<li>Verstellbare Kapuze und Saum mit elastischem Kordelzug und Stoppern<\/li>\n<li>Elastische \u00c4rmelabschl\u00fcsse f\u00fcr eine bessere Passform<\/li>\n<li>Kompakte Aufbewahrungstasche mit mitgeliefertem Kabel f\u00fcr Vielseitigkeit<\/li>\n<\/ul>\n<h3 id=\"trois-coloris-disponibles-pour-cette-veste-coupe-vent\">Diese Windjacke ist in drei Farben erh\u00e4ltlich<\/h3>\n<p>Diese <strong>wind- und wasserdichte Jacke<\/strong> ist in drei Farben erh\u00e4ltlich: Coyote, Ranger Green und Schwarz. Jede Farbe, insbesondere Ranger Green Khaki, bietet maximale Anpassungsf\u00e4higkeit an Ihre Wetterbedingungen und Outdoor-Umgebungen. <\/p>\n<p><\/p>\n","protected":false},"excerpt":{"rendered":"<p>Wasser- und winddichte OPEX-Milit\u00e4rjacke f\u00fcr M\u00e4nner und Frauen. Vollst\u00e4ndiger Schutz gegen Regen und Wind mit verschwei\u00dften N\u00e4hten, Kapuze und Taschen. Ideal f\u00fcr Outdoor-Aktivit\u00e4ten und taktische Ausr\u00fcstung.  <\/p>\n","protected":false},"featured_media":36532,"comment_status":"closed","ping_status":"closed","template":"","meta":[],"product_brand":[],"product_cat":[446],"product_tag":[],"marque":[],"class_list":{"0":"post-36500","1":"product","2":"type-product","3":"status-publish","4":"has-post-thumbnail","6":"product_cat-hoch","8":"first","9":"instock","10":"taxable","11":"shipping-taxable","12":"purchasable","13":"product-type-variable"},"aioseo_notices":[],"_links":{"self":[{"href":"https:\/\/tmandoutdoor.com\/de\/wp-json\/wp\/v2\/product\/36500","targetHints":{"allow":["GET"]}}],"collection":[{"href":"https:\/\/tmandoutdoor.com\/de\/wp-json\/wp\/v2\/product"}],"about":[{"href":"https:\/\/tmandoutdoor.com\/de\/wp-json\/wp\/v2\/types\/product"}],"replies":[{"embeddable":true,"href":"https:\/\/tmandoutdoor.com\/de\/wp-json\/wp\/v2\/comments?post=36500"}],"wp:featuredmedia":[{"embeddable":true,"href":"https:\/\/tmandoutdoor.com\/de\/wp-json\/wp\/v2\/media\/36532"}],"wp:attachment":[{"href":"https:\/\/tmandoutdoor.com\/de\/wp-json\/wp\/v2\/media?parent=36500"}],"wp:term":[{"taxonomy":"product_brand","embeddable":true,"href":"https:\/\/tmandoutdoor.com\/de\/wp-json\/wp\/v2\/product_brand?post=36500"},{"taxonomy":"product_cat","embeddable":true,"href":"https:\/\/tmandoutdoor.com\/de\/wp-json\/wp\/v2\/product_cat?post=36500"},{"taxonomy":"product_tag","embeddable":true,"href":"https:\/\/tmandoutdoor.com\/de\/wp-json\/wp\/v2\/product_tag?post=36500"},{"taxonomy":"marque","embeddable":true,"href":"https:\/\/tmandoutdoor.com\/de\/wp-json\/wp\/v2\/marque?post=36500"}],"curies":[{"name":"wp","href":"https:\/\/api.w.org\/{rel}","templated":true}]}}