{"id":3645,"date":"2023-11-20T17:23:18","date_gmt":"2023-11-20T16:23:18","guid":{"rendered":"https:\/\/tmandoutdoor.com\/produit\/pilotenjacke-m-a-c-h-70\/"},"modified":"2025-04-30T15:44:10","modified_gmt":"2025-04-30T13:44:10","slug":"pilotenjacke-m-a-c-h-70","status":"publish","type":"product","link":"https:\/\/tmandoutdoor.com\/de\/produkt\/pilotenjacke-m-a-c-h-70\/","title":{"rendered":"Pilotenjacke M.A.C.H 70"},"content":{"rendered":"<ul style=\"list-style-type:disc\">\n<li>Franz\u00f6sisches Lammleder erster Wahl<\/li>\n<li>Petrolblaue Farbe<\/li>\n<li>Gesteppter Kragen<\/li>\n<li>Brauner Kragen aus Schafsfell, der mit Kn\u00f6pfen abnehmbar ist.<\/li>\n<li>Zweiwege-Rei\u00dfverschluss.<\/li>\n<li>R\u00fccken, Vollhaut.<\/li>\n<li>2 Au\u00dfentaschen mit Druckkn\u00f6pfen, 2 Innentaschen, <strong>1 runde Tasche mit Rei\u00dfverschluss<\/strong> auf dem linken \u00c4rmel, 1 kleine aufgesetzte Tasche mit Patte f\u00fcr Grade<\/li>\n<li>Klettverschluss auf der Brust.<\/li>\n<li>2 Druckkn\u00f6pfe zum Einstellen der Taille (3 Positionen).<\/li>\n<li>Schwarzes Innenfutter aus Baumwollsatin, (w\u00e4rmeisolierend durch Watte 70 g).<\/li>\n<li>Orangefarbene Warnbluse in einer kleinen Tasche im Futter.<\/li>\n<\/ul>\n<p style=\"margin:0px 0px 1em;padding:0px;border:0px;line-height:inherit;font-family:Arial, Helvetica, sans-serif;font-size:13px;vertical-align:baseline;min-height:1px\">\n<table width=\"449\" border=\"0\" cellspacing=\"0\" cellpadding=\"0\" style=\"margin:0px;padding:0px;border:0px;line-height:inherit;font-family:Arial, Helvetica, sans-serif;font-size:13px;vertical-align:baseline;border-collapse:collapse;border-spacing:0px;max-width:100%;background-color:transparent;color:#333333\">\n<colgroup>\n<col width=\"65\">\n<col width=\"164\">\n<col width=\"220\"><\/colgroup>\n<tbody style=\"margin:0px;padding:0px;border:0px;font-style:inherit;font-variant:inherit;font-weight:inherit;line-height:inherit;font-family:inherit;vertical-align:baseline\">\n<tr style=\"margin:0px;padding:0px;border:0px;font-style:inherit;font-variant:inherit;font-weight:inherit;line-height:inherit;font-family:inherit;vertical-align:baseline\">\n<td width=\"65\" height=\"20\" class=\"xl69\" style=\"margin:0px;padding:9px 10px;border:0px;font-style:inherit;font-variant:inherit;line-height:inherit;font-family:inherit;font-size:13px;vertical-align:middle\">Gr\u00f6\u00dfe<\/td>\n<td width=\"164\" class=\"xl70\" style=\"margin:0px;padding:9px 10px;border:0px;font-style:inherit;font-variant:inherit;line-height:inherit;font-family:inherit;font-size:13px;vertical-align:middle\">Brustumfang (in cm)<\/td>\n<td width=\"220\" class=\"xl71\" style=\"margin:0px;padding:9px 10px;border:0px;font-style:inherit;font-variant:inherit;line-height:inherit;font-family:inherit;font-size:13px;vertical-align:middle\">\u00c4rmell\u00e4nge (in cm)<\/td>\n<\/tr>\n<tr style=\"margin:0px;padding:0px;border:0px;font-style:inherit;font-variant:inherit;font-weight:inherit;line-height:inherit;font-family:inherit;vertical-align:baseline\">\n<td height=\"15\" class=\"xl64\" style=\"margin:0px;padding:9px 10px;border:0px;font-style:inherit;font-variant:inherit;line-height:inherit;font-family:inherit;font-size:13px;vertical-align:middle\"><\/td>\n<td class=\"xl63\" style=\"margin:0px;padding:9px 10px;border:0px;font-style:inherit;font-variant:inherit;line-height:inherit;font-family:inherit;font-size:13px;vertical-align:middle\"><\/td>\n<td class=\"xl65\" style=\"margin:0px;padding:9px 10px;border:0px;font-style:inherit;font-variant:inherit;line-height:inherit;font-family:inherit;font-size:13px;vertical-align:middle\"><\/td>\n<\/tr>\n<tr style=\"margin:0px;padding:0px;border:0px;font-style:inherit;font-variant:inherit;font-weight:inherit;line-height:inherit;font-family:inherit;vertical-align:baseline\">\n<td height=\"15\" class=\"xl64\" style=\"margin:0px;padding:9px 10px;border:0px;font-style:inherit;font-variant:inherit;line-height:inherit;font-family:inherit;font-size:13px;vertical-align:middle\">46<\/td>\n<td class=\"xl63\" style=\"margin:0px;padding:9px 10px;border:0px;font-style:inherit;font-variant:inherit;line-height:inherit;font-family:inherit;font-size:13px;vertical-align:middle\">92<\/td>\n<td class=\"xl65\" style=\"margin:0px;padding:9px 10px;border:0px;font-style:inherit;font-variant:inherit;line-height:inherit;font-family:inherit;font-size:13px;vertical-align:middle\">63<\/td>\n<\/tr>\n<tr style=\"margin:0px;padding:0px;border:0px;font-style:inherit;font-variant:inherit;font-weight:inherit;line-height:inherit;font-family:inherit;vertical-align:baseline\">\n<td height=\"15\" class=\"xl64\" style=\"margin:0px;padding:9px 10px;border:0px;font-style:inherit;font-variant:inherit;line-height:inherit;font-family:inherit;font-size:13px;vertical-align:middle\">48<\/td>\n<td class=\"xl63\" style=\"margin:0px;padding:9px 10px;border:0px;font-style:inherit;font-variant:inherit;line-height:inherit;font-family:inherit;font-size:13px;vertical-align:middle\">96<\/td>\n<td class=\"xl65\" style=\"margin:0px;padding:9px 10px;border:0px;font-style:inherit;font-variant:inherit;line-height:inherit;font-family:inherit;font-size:13px;vertical-align:middle\">63<\/td>\n<\/tr>\n<tr style=\"margin:0px;padding:0px;border:0px;font-style:inherit;font-variant:inherit;font-weight:inherit;line-height:inherit;font-family:inherit;vertical-align:baseline\">\n<td height=\"15\" class=\"xl64\" style=\"margin:0px;padding:9px 10px;border:0px;font-style:inherit;font-variant:inherit;line-height:inherit;font-family:inherit;font-size:13px;vertical-align:middle\">50<\/td>\n<td class=\"xl63\" style=\"margin:0px;padding:9px 10px;border:0px;font-style:inherit;font-variant:inherit;line-height:inherit;font-family:inherit;font-size:13px;vertical-align:middle\">100<\/td>\n<td class=\"xl65\" style=\"margin:0px;padding:9px 10px;border:0px;font-style:inherit;font-variant:inherit;line-height:inherit;font-family:inherit;font-size:13px;vertical-align:middle\">63<\/td>\n<\/tr>\n<tr style=\"margin:0px;padding:0px;border:0px;font-style:inherit;font-variant:inherit;font-weight:inherit;line-height:inherit;font-family:inherit;vertical-align:baseline\">\n<td height=\"15\" class=\"xl64\" style=\"margin:0px;padding:9px 10px;border:0px;font-style:inherit;font-variant:inherit;line-height:inherit;font-family:inherit;font-size:13px;vertical-align:middle\">52<\/td>\n<td class=\"xl63\" style=\"margin:0px;padding:9px 10px;border:0px;font-style:inherit;font-variant:inherit;line-height:inherit;font-family:inherit;font-size:13px;vertical-align:middle\">104<\/td>\n<td class=\"xl65\" style=\"margin:0px;padding:9px 10px;border:0px;font-style:inherit;font-variant:inherit;line-height:inherit;font-family:inherit;font-size:13px;vertical-align:middle\">64<\/td>\n<\/tr>\n<tr style=\"margin:0px;padding:0px;border:0px;font-style:inherit;font-variant:inherit;font-weight:inherit;line-height:inherit;font-family:inherit;vertical-align:baseline\">\n<td height=\"15\" class=\"xl64\" style=\"margin:0px;padding:9px 10px;border:0px;font-style:inherit;font-variant:inherit;line-height:inherit;font-family:inherit;font-size:13px;vertical-align:middle\">54<\/td>\n<td class=\"xl63\" style=\"margin:0px;padding:9px 10px;border:0px;font-style:inherit;font-variant:inherit;line-height:inherit;font-family:inherit;font-size:13px;vertical-align:middle\">108<\/td>\n<td class=\"xl65\" style=\"margin:0px;padding:9px 10px;border:0px;font-style:inherit;font-variant:inherit;line-height:inherit;font-family:inherit;font-size:13px;vertical-align:middle\">65<\/td>\n<\/tr>\n<tr style=\"margin:0px;padding:0px;border:0px;font-style:inherit;font-variant:inherit;font-weight:inherit;line-height:inherit;font-family:inherit;vertical-align:baseline\">\n<td height=\"15\" class=\"xl64\" style=\"margin:0px;padding:9px 10px;border:0px;font-style:inherit;font-variant:inherit;line-height:inherit;font-family:inherit;font-size:13px;vertical-align:middle\">56<\/td>\n<td class=\"xl63\" style=\"margin:0px;padding:9px 10px;border:0px;font-style:inherit;font-variant:inherit;line-height:inherit;font-family:inherit;font-size:13px;vertical-align:middle\">112<\/td>\n<td class=\"xl65\" style=\"margin:0px;padding:9px 10px;border:0px;font-style:inherit;font-variant:inherit;line-height:inherit;font-family:inherit;font-size:13px;vertical-align:middle\">66<\/td>\n<\/tr>\n<tr style=\"margin:0px;padding:0px;border:0px;font-style:inherit;font-variant:inherit;font-weight:inherit;line-height:inherit;font-family:inherit;vertical-align:baseline\">\n<td height=\"15\" class=\"xl64\" style=\"margin:0px;padding:9px 10px;border:0px;font-style:inherit;font-variant:inherit;line-height:inherit;font-family:inherit;font-size:13px;vertical-align:middle\">58<\/td>\n<td class=\"xl63\" style=\"margin:0px;padding:9px 10px;border:0px;font-style:inherit;font-variant:inherit;line-height:inherit;font-family:inherit;font-size:13px;vertical-align:middle\">116<\/td>\n<td class=\"xl65\" style=\"margin:0px;padding:9px 10px;border:0px;font-style:inherit;font-variant:inherit;line-height:inherit;font-family:inherit;font-size:13px;vertical-align:middle\">67<\/td>\n<\/tr>\n<tr style=\"margin:0px;padding:0px;border:0px;font-style:inherit;font-variant:inherit;font-weight:inherit;line-height:inherit;font-family:inherit;vertical-align:baseline\">\n<td height=\"15\" class=\"xl64\" style=\"margin:0px;padding:9px 10px;border:0px;font-style:inherit;font-variant:inherit;line-height:inherit;font-family:inherit;font-size:13px;vertical-align:middle\">60<\/td>\n<td class=\"xl63\" style=\"margin:0px;padding:9px 10px;border:0px;font-style:inherit;font-variant:inherit;line-height:inherit;font-family:inherit;font-size:13px;vertical-align:middle\">120<\/td>\n<td class=\"xl65\" style=\"margin:0px;padding:9px 10px;border:0px;font-style:inherit;font-variant:inherit;line-height:inherit;font-family:inherit;font-size:13px;vertical-align:middle\">68<\/td>\n<\/tr>\n<tr style=\"margin:0px;padding:0px;border:0px;font-style:inherit;font-variant:inherit;font-weight:inherit;line-height:inherit;font-family:inherit;vertical-align:baseline\">\n<td height=\"15\" class=\"xl64\" style=\"margin:0px;padding:9px 10px;border:0px;font-style:inherit;font-variant:inherit;line-height:inherit;font-family:inherit;font-size:13px;vertical-align:middle\">62<\/td>\n<td class=\"xl63\" style=\"margin:0px;padding:9px 10px;border:0px;font-style:inherit;font-variant:inherit;line-height:inherit;font-family:inherit;font-size:13px;vertical-align:middle\">124<\/td>\n<td class=\"xl65\" style=\"margin:0px;padding:9px 10px;border:0px;font-style:inherit;font-variant:inherit;line-height:inherit;font-family:inherit;font-size:13px;vertical-align:middle\"> <\/td>\n<\/tr>\n<tr style=\"margin:0px;padding:0px;border:0px;font-style:inherit;font-variant:inherit;font-weight:inherit;line-height:inherit;font-family:inherit;vertical-align:baseline\">\n<td height=\"16\" class=\"xl66\" style=\"margin:0px;padding:9px 10px;border:0px;font-style:inherit;font-variant:inherit;line-height:inherit;font-family:inherit;font-size:13px;vertical-align:middle\"><\/td>\n<td class=\"xl67\" style=\"margin:0px;padding:9px 10px;border:0px;font-style:inherit;font-variant:inherit;line-height:inherit;font-family:inherit;font-size:13px;vertical-align:middle\"><\/td>\n<td class=\"xl68\" style=\"margin:0px;padding:9px 10px;border:0px;font-style:inherit;font-variant:inherit;line-height:inherit;font-family:inherit;font-size:13px;vertical-align:middle\"> <\/td>\n<\/tr>\n<\/tbody>\n<\/table>\n","protected":false},"excerpt":{"rendered":"<p>Reproduktion der legend\u00e4ren PN-Jacke (Navigierendes Personal) der Luftwaffe aus den 70er Jahren.<\/p>\n<p>Eine hochwertige franz\u00f6sische Herstellung aus Lammleder wie das Original.<\/p>\n","protected":false},"featured_media":11716,"comment_status":"closed","ping_status":"closed","template":"","meta":[],"product_brand":[],"product_cat":[446,282],"product_tag":[],"marque":[],"class_list":{"0":"post-3645","1":"product","2":"type-product","3":"status-publish","4":"has-post-thumbnail","6":"product_cat-hoch","7":"product_cat-mann","8":"product_shipping_class-shipping-de","10":"first","11":"instock","12":"taxable","13":"shipping-taxable","14":"purchasable","15":"product-type-variable"},"aioseo_notices":[],"_links":{"self":[{"href":"https:\/\/tmandoutdoor.com\/de\/wp-json\/wp\/v2\/product\/3645","targetHints":{"allow":["GET"]}}],"collection":[{"href":"https:\/\/tmandoutdoor.com\/de\/wp-json\/wp\/v2\/product"}],"about":[{"href":"https:\/\/tmandoutdoor.com\/de\/wp-json\/wp\/v2\/types\/product"}],"replies":[{"embeddable":true,"href":"https:\/\/tmandoutdoor.com\/de\/wp-json\/wp\/v2\/comments?post=3645"}],"wp:featuredmedia":[{"embeddable":true,"href":"https:\/\/tmandoutdoor.com\/de\/wp-json\/wp\/v2\/media\/11716"}],"wp:attachment":[{"href":"https:\/\/tmandoutdoor.com\/de\/wp-json\/wp\/v2\/media?parent=3645"}],"wp:term":[{"taxonomy":"product_brand","embeddable":true,"href":"https:\/\/tmandoutdoor.com\/de\/wp-json\/wp\/v2\/product_brand?post=3645"},{"taxonomy":"product_cat","embeddable":true,"href":"https:\/\/tmandoutdoor.com\/de\/wp-json\/wp\/v2\/product_cat?post=3645"},{"taxonomy":"product_tag","embeddable":true,"href":"https:\/\/tmandoutdoor.com\/de\/wp-json\/wp\/v2\/product_tag?post=3645"},{"taxonomy":"marque","embeddable":true,"href":"https:\/\/tmandoutdoor.com\/de\/wp-json\/wp\/v2\/marque?post=3645"}],"curies":[{"name":"wp","href":"https:\/\/api.w.org\/{rel}","templated":true}]}}