{"id":36439,"date":"2026-02-06T12:25:04","date_gmt":"2026-02-06T11:25:04","guid":{"rendered":"https:\/\/tmandoutdoor.com\/produit\/winddichte-wasserdichte-und-atmungsaktive-ripstop-jacke-coyote-opex\/"},"modified":"2026-02-06T18:57:03","modified_gmt":"2026-02-06T17:57:03","slug":"winddichte-wasserdichte-und-atmungsaktive-ripstop-jacke-coyote-opex","status":"publish","type":"product","link":"https:\/\/tmandoutdoor.com\/de\/produkt\/winddichte-wasserdichte-und-atmungsaktive-ripstop-jacke-coyote-opex\/","title":{"rendered":"Wind- und wasserdichte Jacke Ripstop coyote OPEX"},"content":{"rendered":"<h2 id=\"veste-impermeable-et-coupe-vent-pour-homme-protection-complete-contre-les-intemperies\">Wasser- und winddichte Herrenjacke: vollst\u00e4ndiger Wetterschutz<\/h2>\n<p>Diese <strong>wasserdichte Jacke<\/strong> wurde f\u00fcr die anspruchsvollsten Wetterbedingungen entwickelt und bietet zuverl\u00e4ssigen Schutz vor Regen und Wind bei voller Bewegungsfreiheit.<\/p>\n<p>Diese wasserdichte Schutzjacke ist ideal zum Wandern, Trekking, Trailrunning und f\u00fcr Outdoor-Aktivit\u00e4ten. Sie kann problemlos \u00fcber einem Gitter oder einer technischen Feldbekleidung getragen werden.<\/p>\n<p>Diese wasserdichte <strong>Jacke<\/strong> aus atmungsaktivem und wasserabweisendem Material bietet absolute Wasserdichtigkeit, ohne die Atmungsaktivit\u00e4t zu beeintr\u00e4chtigen, und garantiert optimalen Komfort auch bei l\u00e4ngeren Anstrengungen oder starkem Regen.<\/p>\n<h3 id=\"specifications-de-la-veste-impermeable-protection-et-coupe-adaptee\">Spezifikationen der wasserdichten Jacke: Schutz und Passform<\/h3>\n<h4 id=\"veste-homme-impermeable-materiaux-et-technologie-hardshell\">Wasserdichte Unisex-Jacke: Hardshell-Materialien und -Technologie<\/h4>\n<ul>\n<li>EN 343 zertifizierter Regenmantel mit wasserdicht verschwei\u00dften N\u00e4hten f\u00fcr maximale Wasserdichtigkeit<\/li>\n<li>Atmungsaktives und wasserabweisendes Material f\u00fcr optimale Atmungsaktivit\u00e4t<\/li>\n<li>Zusammensetzung: 100 % TAFFETA-Polyester mit leistungsstarker PU-Beschichtung<\/li>\n<li>Wasserdichter Rei\u00dfverschluss mit doppeltem Schieber<\/li>\n<li>Zwei wasserdichte Seitentaschen mit Rei\u00dfverschluss<\/li>\n<li>Verstellbare Kapuze und Saum mit elastischem Kordelzug und Stoppern<\/li>\n<li>Elastische \u00c4rmelabschl\u00fcsse f\u00fcr eine bessere Passform<\/li>\n<li>Kompakte Aufbewahrungstasche mit mitgeliefertem Kabel f\u00fcr Vielseitigkeit<\/li>\n<\/ul>\n<h3 id=\"disponible-en-3-coloris-pour-homme\">Erh\u00e4ltlich in 3 Farben f\u00fcr M\u00e4nner und Frauen<\/h3>\n<p>Diese <strong>wasserdichte Jacke<\/strong> ist in drei Farben erh\u00e4ltlich: Coyote, Ranger Green und Schwarz. Jede Farbe bietet maximale Anpassungsf\u00e4higkeit an Ihre Wetterbedingungen und Outdoor-Umgebungen. <\/p>\n<p><\/p>\n","protected":false},"excerpt":{"rendered":"<p>Wasser- und winddichte OPEX-Jacke f\u00fcr M\u00e4nner. Vollst\u00e4ndiger Regenschutz mit verschwei\u00dften N\u00e4hten, verstellbarer Kapuze und atmungsaktivem Material. Ideal zum Wandern, Trailrunning und f\u00fcr Outdoor-Aktivit\u00e4ten.  <\/p>\n","protected":false},"featured_media":36406,"comment_status":"closed","ping_status":"closed","template":"","meta":[],"product_brand":[],"product_cat":[446],"product_tag":[],"marque":[],"class_list":{"0":"post-36439","1":"product","2":"type-product","3":"status-publish","4":"has-post-thumbnail","6":"product_cat-hoch","8":"first","9":"instock","10":"taxable","11":"shipping-taxable","12":"purchasable","13":"product-type-variable"},"aioseo_notices":[],"_links":{"self":[{"href":"https:\/\/tmandoutdoor.com\/de\/wp-json\/wp\/v2\/product\/36439","targetHints":{"allow":["GET"]}}],"collection":[{"href":"https:\/\/tmandoutdoor.com\/de\/wp-json\/wp\/v2\/product"}],"about":[{"href":"https:\/\/tmandoutdoor.com\/de\/wp-json\/wp\/v2\/types\/product"}],"replies":[{"embeddable":true,"href":"https:\/\/tmandoutdoor.com\/de\/wp-json\/wp\/v2\/comments?post=36439"}],"wp:featuredmedia":[{"embeddable":true,"href":"https:\/\/tmandoutdoor.com\/de\/wp-json\/wp\/v2\/media\/36406"}],"wp:attachment":[{"href":"https:\/\/tmandoutdoor.com\/de\/wp-json\/wp\/v2\/media?parent=36439"}],"wp:term":[{"taxonomy":"product_brand","embeddable":true,"href":"https:\/\/tmandoutdoor.com\/de\/wp-json\/wp\/v2\/product_brand?post=36439"},{"taxonomy":"product_cat","embeddable":true,"href":"https:\/\/tmandoutdoor.com\/de\/wp-json\/wp\/v2\/product_cat?post=36439"},{"taxonomy":"product_tag","embeddable":true,"href":"https:\/\/tmandoutdoor.com\/de\/wp-json\/wp\/v2\/product_tag?post=36439"},{"taxonomy":"marque","embeddable":true,"href":"https:\/\/tmandoutdoor.com\/de\/wp-json\/wp\/v2\/marque?post=36439"}],"curies":[{"name":"wp","href":"https:\/\/api.w.org\/{rel}","templated":true}]}}