{"id":35537,"date":"2026-01-29T17:53:15","date_gmt":"2026-01-29T16:53:15","guid":{"rendered":"https:\/\/tmandoutdoor.com\/?post_type=product&#038;p=35537"},"modified":"2026-01-29T17:56:15","modified_gmt":"2026-01-29T16:56:15","slug":"sportshorts-fremdenlegion-copie","status":"publish","type":"product","link":"https:\/\/tmandoutdoor.com\/de\/produkt\/sportshorts-fremdenlegion-copie\/","title":{"rendered":"Sportshorts schwarz"},"content":{"rendered":"<p><strong>Zusammensetzung:<\/strong> 100% Polyester<\/p>\n<p><strong>Verf\u00fcgbare Gr\u00f6\u00dfen (Taillenumfang in Zentimetern) :  <\/strong><\/p>\n<p>XS\/68 cm<\/p>\n<p>S\/76 cm<\/p>\n<p>M\/84 cm<\/p>\n<p>L\/92 cm<\/p>\n<p>XL\/100 cm<\/p>\n<p>XXL\/108 cm<\/p>\n<p>XXXL\/116 cm<\/p>\n","protected":false},"excerpt":{"rendered":"<p>Sportshorts schwarz<\/p>\n","protected":false},"featured_media":35564,"comment_status":"closed","ping_status":"closed","template":"","meta":[],"product_brand":[],"product_cat":[429],"product_tag":[],"marque":[],"class_list":{"0":"post-35537","1":"product","2":"type-product","3":"status-publish","4":"has-post-thumbnail","6":"product_cat-runter","8":"first","9":"instock","10":"taxable","11":"shipping-taxable","12":"purchasable","13":"product-type-variable"},"aioseo_notices":[],"_links":{"self":[{"href":"https:\/\/tmandoutdoor.com\/de\/wp-json\/wp\/v2\/product\/35537","targetHints":{"allow":["GET"]}}],"collection":[{"href":"https:\/\/tmandoutdoor.com\/de\/wp-json\/wp\/v2\/product"}],"about":[{"href":"https:\/\/tmandoutdoor.com\/de\/wp-json\/wp\/v2\/types\/product"}],"replies":[{"embeddable":true,"href":"https:\/\/tmandoutdoor.com\/de\/wp-json\/wp\/v2\/comments?post=35537"}],"wp:featuredmedia":[{"embeddable":true,"href":"https:\/\/tmandoutdoor.com\/de\/wp-json\/wp\/v2\/media\/35564"}],"wp:attachment":[{"href":"https:\/\/tmandoutdoor.com\/de\/wp-json\/wp\/v2\/media?parent=35537"}],"wp:term":[{"taxonomy":"product_brand","embeddable":true,"href":"https:\/\/tmandoutdoor.com\/de\/wp-json\/wp\/v2\/product_brand?post=35537"},{"taxonomy":"product_cat","embeddable":true,"href":"https:\/\/tmandoutdoor.com\/de\/wp-json\/wp\/v2\/product_cat?post=35537"},{"taxonomy":"product_tag","embeddable":true,"href":"https:\/\/tmandoutdoor.com\/de\/wp-json\/wp\/v2\/product_tag?post=35537"},{"taxonomy":"marque","embeddable":true,"href":"https:\/\/tmandoutdoor.com\/de\/wp-json\/wp\/v2\/marque?post=35537"}],"curies":[{"name":"wp","href":"https:\/\/api.w.org\/{rel}","templated":true}]}}