{"id":35375,"date":"2026-01-28T18:19:45","date_gmt":"2026-01-28T17:19:45","guid":{"rendered":"https:\/\/tmandoutdoor.com\/produit\/eminence-tech-sport-t-shirt\/"},"modified":"2026-01-28T18:27:16","modified_gmt":"2026-01-28T17:27:16","slug":"eminence-tech-sport-t-shirt","status":"publish","type":"product","link":"https:\/\/tmandoutdoor.com\/de\/produkt\/eminence-tech-sport-t-shirt\/","title":{"rendered":"Eminence TECH+ T-Shirt: schnell trocknendes und haltbares Sport-T-Shirt"},"content":{"rendered":"<h2 id=\"pourquoi-choisir-le-t-shirt-eminence-tech\">Warum sollten Sie das Eminence TECH+ T-Shirt w\u00e4hlen?<\/h2>\n<p>Wir haben dieses technische <strong>T-Shirt<\/strong> entworfen, um Ihnen bei jedem Training absoluten Komfort zu bieten. Mit seinem wabenf\u00f6rmigen Netz aus 100% <strong>Polyester<\/strong> leitet es Schwei\u00df ab, trocknet schnell und bietet eine <strong>hohe Reibungsfestigkeit<\/strong>. Selbst in der prallen Sonne oder in einer \u00fcberhitzten Halle bleiben Sie trocken und konzentriert.  <\/p>\n<h2 id=\"benefices-cles\">Schl\u00fcsselvorteile<\/h2>\n<ul>\n<li>Standardschnitt und <strong>kurze \u00c4rmel<\/strong> f\u00fcr optimale Bewegungsfreiheit.<\/li>\n<li>Leichtes &#8220;Dry&#8221;-Gewebe: leicht, ideal bei warmem Wetter; schnell trocknend, um ein Training nach dem anderen zu absolvieren.<\/li>\n<li>Atmungsaktives Netzgewebe: Effektives Feuchtigkeitsmanagement, dauerhaft trockenes Hautgef\u00fchl.<\/li>\n<li>Milit\u00e4rische Robustheit: Das Design <strong>stammt von der franz\u00f6sischen Marine<\/strong> und garantiert Langlebigkeit und Zuverl\u00e4ssigkeit.<\/li>\n<li>Erh\u00e4ltlich in mehreren Farben, darunter ein elegantes Marineblau.<\/li>\n<\/ul>\n<h2 id=\"composition-caracteristiques-techniques\">Zusammensetzung und technische Merkmale<\/h2>\n<ol>\n<li>Zusammensetzung: 100 % hochfestes Polyester.<\/li>\n<li>Wabenf\u00f6rmige Maschen f\u00fcr maximale Bel\u00fcftung.<\/li>\n<li>Verst\u00e4rkter Rundhalsausschnitt, vielseitiger Trikot-Stil.<\/li>\n<li>Gr\u00f6\u00dfen: XS bis 3XL, um allen K\u00f6rperformen gerecht zu werden.<\/li>\n<li>Leichtgewicht: Leistung ohne \u00dcbergewicht in Ihrer Tasche.<\/li>\n<\/ol>\n<h3 id=\"ideal-pour-quels-usages\">Ideal f\u00fcr welche Zwecke?<\/h3>\n<p>Das <strong>Eminence TECH T-Shirt<\/strong> begleitet Sie \u00fcberall hin, egal ob Sie laufen, im Freien wandern oder ein Zirkeltraining absolvieren, das <strong>Eminence TECH T-Shirt<\/strong> begleitet Sie \u00fcberall hin: Sport, Wandern, Outdoor-Missionen oder einfach als Alltagskleidung, wenn Komfort im Vordergrund steht.<\/p>\n<h3 id=\"conseils-d-entretien\">Pflegetipps<\/h3>\n<p>Maschinenw\u00e4sche bei 30 \u00b0C, schnell an der Luft trocknen, kein B\u00fcgeln erforderlich. Diese einfache Pflege verl\u00e4ngert die Lebensdauer des Stoffes und bewahrt seine technische Leistungsf\u00e4higkeit. <\/p>\n<p>Mit dem Eminence T-Shirt genie\u00dfen Sie einen klaren Look und professionelle Leistung bei jeder Bewegung.<\/p>\n<p><\/p>\n","protected":false},"excerpt":{"rendered":"<p>Entdecken Sie das Eminence TECH+ T-Shirt: Sportliches T-Shirt mit Standardschnitt, wabenf\u00f6rmiges Polyester, schnell trocknend, erh\u00f6hte Festigkeit und optimale Bewegungsfreiheit, ideal bei warmem Wetter.<\/p>\n","protected":false},"featured_media":35358,"comment_status":"closed","ping_status":"closed","template":"","meta":[],"product_brand":[1945],"product_cat":[446,418,248],"product_tag":[],"marque":[388],"class_list":{"0":"post-35375","1":"product","2":"type-product","3":"status-publish","4":"has-post-thumbnail","6":"product_brand-eminence-tech","7":"product_cat-hoch","8":"product_cat-was-ist-neu","9":"product_cat-werbeaktionen","10":"marque-eminence","12":"first","13":"instock","14":"sale","15":"taxable","16":"shipping-taxable","17":"purchasable","18":"product-type-variable"},"aioseo_notices":[],"_links":{"self":[{"href":"https:\/\/tmandoutdoor.com\/de\/wp-json\/wp\/v2\/product\/35375","targetHints":{"allow":["GET"]}}],"collection":[{"href":"https:\/\/tmandoutdoor.com\/de\/wp-json\/wp\/v2\/product"}],"about":[{"href":"https:\/\/tmandoutdoor.com\/de\/wp-json\/wp\/v2\/types\/product"}],"replies":[{"embeddable":true,"href":"https:\/\/tmandoutdoor.com\/de\/wp-json\/wp\/v2\/comments?post=35375"}],"wp:featuredmedia":[{"embeddable":true,"href":"https:\/\/tmandoutdoor.com\/de\/wp-json\/wp\/v2\/media\/35358"}],"wp:attachment":[{"href":"https:\/\/tmandoutdoor.com\/de\/wp-json\/wp\/v2\/media?parent=35375"}],"wp:term":[{"taxonomy":"product_brand","embeddable":true,"href":"https:\/\/tmandoutdoor.com\/de\/wp-json\/wp\/v2\/product_brand?post=35375"},{"taxonomy":"product_cat","embeddable":true,"href":"https:\/\/tmandoutdoor.com\/de\/wp-json\/wp\/v2\/product_cat?post=35375"},{"taxonomy":"product_tag","embeddable":true,"href":"https:\/\/tmandoutdoor.com\/de\/wp-json\/wp\/v2\/product_tag?post=35375"},{"taxonomy":"marque","embeddable":true,"href":"https:\/\/tmandoutdoor.com\/de\/wp-json\/wp\/v2\/marque?post=35375"}],"curies":[{"name":"wp","href":"https:\/\/api.w.org\/{rel}","templated":true}]}}