{"id":35070,"date":"2026-01-24T16:23:48","date_gmt":"2026-01-24T15:23:48","guid":{"rendered":"https:\/\/tmandoutdoor.com\/?post_type=product&#038;p=35070"},"modified":"2026-01-24T16:52:21","modified_gmt":"2026-01-24T15:52:21","slug":"camouflage-netz-camo-first-s-cut-2-x-3-m-sonnensegel-80-sonnenschutz-copie","status":"publish","type":"product","link":"https:\/\/tmandoutdoor.com\/de\/produkt\/camouflage-netz-camo-first-s-cut-2-x-3-m-sonnensegel-80-sonnenschutz-copie\/","title":{"rendered":"Camo First\u00ae S-Cut 3 \u00d7 3 m Camouflage-Netz: Sonnensegel, 80% Sonnenschutz"},"content":{"rendered":"<p>Exklusive Vorbestellung: Sparen Sie noch heute 10 \u20ac. Reservieren Sie Ihr Camo First\u00ae S-Cut Tarnnetz, bevor es ausverkauft ist, und sichern Sie sich einen Sofortrabatt. Die Expedition beginnt am 15. April 2026. Gestalten Sie Ihren Au\u00dfenbereich um, wenn die ersten warmen Tage kommen. <\/p>\n<p>Das Camouflage-Netz Camo First S-Cut 3 \u00d7 3 m bietet 80% Schatten, ein verst\u00e4rktes Nylongeflecht und einen schnellen Aufbau f\u00fcr Terrasse, Biwak oder Garten. Thermischer Komfort und milit\u00e4rischer Stil sind garantiert. <\/p>\n<h3 id=\"filet-camo-first-l-allie-discret-et-resistant-pour-vos-exterieurs\">First Camo Netz: der diskrete und <strong>robuste<\/strong> Verb\u00fcndete f\u00fcr Ihren Au\u00dfenbereich<\/h3>\n<p>Das Camo First S-Cut Camouflage-Netz wurde f\u00fcr <strong>Milit\u00e4r-<\/strong> und Outdoor-Enthusiasten entwickelt und kombiniert modernes Camouflage, ein deckendes <strong>Sonnensegel<\/strong> und optimale Bel\u00fcftung. Der S-Schnitt streut das Licht, reduziert die Hitze und ist selbst bei starkem Wind ger\u00e4uschlos. <\/p>\n<h3 id=\"pourquoi-choisir-notre-filet-camouflage\">Warum sollten Sie unser Tarnnetz w\u00e4hlen?<\/h3>\n<ul>\n<li>Bis zu 80% Schatten ohne Treibhauseffekt: Genie\u00dfen Sie sofortigen W\u00e4rmekomfort.<\/li>\n<li>210 D Oxford Polyester ist wasserdicht, UV-best\u00e4ndig und <strong>schimmelabweisend<\/strong> f\u00fcr mehrere Jahreszeiten.<\/li>\n<li>Nylonmasche 7 \u00d7 7 cm und Stahlringe: <strong>verst\u00e4rktes Tarnnetz<\/strong>, ideal gegen Windb\u00f6en.<\/li>\n<li>Leichtes Gewicht von 2,4 kg, einfache <strong>Befestigung<\/strong> durch mitgelieferte Nylonschn\u00fcre.<\/li>\n<\/ul>\n<h2 id=\"un-style-camo-inspire-de-la-foret-et-adaptable-a-tous-les-decors\">Ein vom <strong>Wald<\/strong> inspirierter <strong>Camo-Stil<\/strong>, der sich an alle Szenerien anpasst.<\/h2>\n<p>Erh\u00e4ltlich in wei\u00df, um mit einer schneebedeckten Umgebung zu verschmelzen, aber auch in den Versionen <strong>camo first gr\u00fcn<\/strong>, camo first beige oder <strong>W\u00fcstentarnung<\/strong>, passt es zu einer Pergola, einem Spa oder einem Campingplatz. Stellen Sie mehrere Paneele zusammen, um ein gro\u00dfformatiges <strong>Waldtarnnetz<\/strong> oder ein <strong>khakifarbenes Tarnnetz<\/strong> zu schaffen, das sich perfekt f\u00fcr den Rand eignet. <\/p>\n<h3 id=\"installation-express-zero-outil\">Express-Installation, keine Werkzeuge<\/h3>\n<ol>\n<li>Falten Sie das 2 \u00d7 3 m gro\u00dfe, <strong>beidseitig verwendbare 3D-Netz<\/strong> auf.<\/li>\n<li>Verwenden Sie die <strong>Nylonseile<\/strong> zum Spannen.<\/li>\n<li>Verst\u00e4rken Sie bei Bedarf mit einem <strong>Tarnnetz aus Stahlseilen<\/strong> oder f\u00fcgen Sie ein serienm\u00e4\u00dfig bespanntes <strong>Tarnnetz<\/strong> hinzu.<\/li>\n<\/ol>\n<p>Dank der 3D-R\u00e4nder und des Anti-Klapper-Designs bleibt das <strong>S-Cut Tarnnetz<\/strong> leise und stabil.<\/p>\n<h2 id=\"benefices-cles-pour-vos-usages-militaires-outdoor\">Schl\u00fcsselvorteile f\u00fcr Ihre milit\u00e4rischen und Outdoor-Nutzungen<\/h2>\n<ul>\n<li>Dekorativer und <strong>milit\u00e4risch<\/strong> diskreter Sichtschutz um eine Terrasse oder ein Biwak.<\/li>\n<li>Schutz von empfindlichen Ger\u00e4ten vor UV-Strahlung und Regen.<\/li>\n<li>K\u00fchles Ambiente f\u00fcr Yoga-Sitzungen, Nickerchen oder taktische Briefings.<\/li>\n<li>Authentischer <strong>Camouflage-Look<\/strong>, der ein <strong>milit\u00e4risches Surplus-Set<\/strong> perfekt erg\u00e4nzt.<\/li>\n<\/ul>\n<h3 id=\"caracteristiques-techniques-detaillees\">Detaillierte technische Daten<\/h3>\n<ul>\n<li>Gr\u00f6\u00dfe: 3 m \u00d7 3 m &#8211; modular bis zu 6 \u00d7 3 m.<\/li>\n<li>Material: 210 D Oxford Polyester + Nylon Mesh, 100% recycelbar.<\/li>\n<li>Gewicht: 1.750 kg<\/li>\n<li>Farben: Wei\u00df, Sand oder Gr\u00fcn <strong><strong>Camo First\u00ae Camouflage<br \/>\n<\/strong><\/strong>.<\/li>\n<li>Optionen: <strong>wei\u00dfes Tarnnetz<\/strong> als Meterware, <strong>beigefarbenes T<\/strong>arnnetz, <strong>3D-Tarnnetz<\/strong>.<\/li>\n<\/ul>\n<h2>Bestellen Sie Ihr Camouflage-Netz Camo First\u00ae.<\/h2>\n<h2 id=\"commandez-votre-filet-camouflage-camo-first-des-maintenant\">jetzt!<\/h2>\n<p>F\u00fcgen Sie das <strong>Camouflage-Netz<\/strong> Ihrem Warenkorb hinzu und genie\u00dfen Sie im Handumdrehen einen gesch\u00fctzten, stilvollen und 100% <strong>milit\u00e4rischen<\/strong> Au\u00dfenbereich.<\/p>\n<p>&nbsp;<\/p>\n","protected":false},"excerpt":{"rendered":"<p>Exklusive Vorbestellung: Sparen Sie noch heute 10 \u20ac. Reservieren Sie Ihr Camo First\u00ae S-Cut Tarnnetz, bevor es ausverkauft ist, und sichern Sie sich einen Sofortrabatt. Der Versand beginnt am 15. April 2026. Ver\u00e4ndern Sie Ihren Au\u00dfenbereich, sobald das Wetter besser wird.  <\/p>\n","protected":false},"featured_media":34521,"comment_status":"closed","ping_status":"closed","template":"","meta":[],"product_brand":[1932],"product_cat":[1348,325],"product_tag":[],"marque":[],"class_list":{"0":"post-35070","1":"product","2":"type-product","3":"status-publish","4":"has-post-thumbnail","6":"product_brand-camo-first","7":"product_cat-laufende-produktion","8":"product_cat-non-classifiee-de","10":"first","11":"pre_order","12":"sale","13":"taxable","14":"shipping-taxable","15":"purchasable","16":"product-type-simple"},"aioseo_notices":[],"_links":{"self":[{"href":"https:\/\/tmandoutdoor.com\/de\/wp-json\/wp\/v2\/product\/35070","targetHints":{"allow":["GET"]}}],"collection":[{"href":"https:\/\/tmandoutdoor.com\/de\/wp-json\/wp\/v2\/product"}],"about":[{"href":"https:\/\/tmandoutdoor.com\/de\/wp-json\/wp\/v2\/types\/product"}],"replies":[{"embeddable":true,"href":"https:\/\/tmandoutdoor.com\/de\/wp-json\/wp\/v2\/comments?post=35070"}],"wp:featuredmedia":[{"embeddable":true,"href":"https:\/\/tmandoutdoor.com\/de\/wp-json\/wp\/v2\/media\/34521"}],"wp:attachment":[{"href":"https:\/\/tmandoutdoor.com\/de\/wp-json\/wp\/v2\/media?parent=35070"}],"wp:term":[{"taxonomy":"product_brand","embeddable":true,"href":"https:\/\/tmandoutdoor.com\/de\/wp-json\/wp\/v2\/product_brand?post=35070"},{"taxonomy":"product_cat","embeddable":true,"href":"https:\/\/tmandoutdoor.com\/de\/wp-json\/wp\/v2\/product_cat?post=35070"},{"taxonomy":"product_tag","embeddable":true,"href":"https:\/\/tmandoutdoor.com\/de\/wp-json\/wp\/v2\/product_tag?post=35070"},{"taxonomy":"marque","embeddable":true,"href":"https:\/\/tmandoutdoor.com\/de\/wp-json\/wp\/v2\/marque?post=35070"}],"curies":[{"name":"wp","href":"https:\/\/api.w.org\/{rel}","templated":true}]}}