{"id":3366,"date":"2023-11-20T18:56:01","date_gmt":"2023-11-20T17:56:01","guid":{"rendered":"https:\/\/tmandoutdoor.com\/produit\/wissart-canvas-schuhe-schwarz\/"},"modified":"2026-02-13T11:31:32","modified_gmt":"2026-02-13T10:31:32","slug":"wissart-canvas-schuhe-schwarz","status":"publish","type":"product","link":"https:\/\/tmandoutdoor.com\/de\/produkt\/wissart-canvas-schuhe-schwarz\/","title":{"rendered":"Wissart\u00ae Canvas-Schuhe (schwarz)"},"content":{"rendered":"<p style=\"margin: 0px 0px 1em;padding: 0px;border: 0px;line-height: 18px;font-family: Arial, Helvetica, sans-serif;font-size: 13px;vertical-align: baseline;min-height: 1px;color: #484848\">100% nat\u00fcrlicher Schaft<\/p>\n<p style=\"margin: 0px 0px 1em;padding: 0px;border: 0px;line-height: 18px;font-family: Arial, Helvetica, sans-serif;font-size: 13px;vertical-align: baseline;min-height: 1px;color: #484848\">Baumwoll-Leinwand<\/p>\n<p style=\"margin: 0px 0px 1em;padding: 0px;border: 0px;line-height: 18px;font-family: Arial, Helvetica, sans-serif;font-size: 13px;vertical-align: baseline;min-height: 1px;color: #484848\"><span style=\"margin: 0px;padding: 0px;border: 0px;font-style: inherit;font-variant: inherit;font-weight: inherit;line-height: inherit;font-family: inherit;vertical-align: baseline\">Herausnehmbare Komfortsohle<\/span><\/p>\n<p style=\"margin: 0px 0px 1em;padding: 0px;border: 0px;line-height: 18px;font-family: Arial, Helvetica, sans-serif;font-size: 13px;vertical-align: baseline;min-height: 1px;color: #484848\">Baumwollfutter<\/p>\n<p style=\"margin: 0px 0px 1em;padding: 0px;border: 0px;line-height: 18px;font-family: Arial, Helvetica, sans-serif;font-size: 13px;vertical-align: baseline;min-height: 1px;color: #484848\">Strapazierf\u00e4hige Elastomersohle<\/p>\n<p style=\"margin: 0px 0px 1em;padding: 0px;border: 0px;line-height: 18px;font-family: Arial, Helvetica, sans-serif;font-size: 13px;vertical-align: baseline;min-height: 1px;color: #484848\">Steinschlagschutz<\/p>\n","protected":false},"excerpt":{"rendered":"<p style=\"margin: 0px 0px 1em;padding: 0px;border: 0px;line-height: 18px;font-family: Arial, Helvetica, sans-serif;font-size: 13px;vertical-align: baseline;min-height: 1px;color: #484848\">Die Buschschuhe von <strong style=\"margin: 0px;padding: 0px;border: 0px;font-style: inherit;font-variant: inherit;line-height: inherit;font-family: inherit;vertical-align: baseline\">Wissart<\/strong> sind wieder da, strapazierf\u00e4hig und gel\u00e4ndeg\u00e4ngig wie eh und je.<\/p>\n<p style=\"margin: 0px 0px 1em;padding: 0px;border: 0px;line-height: 18px;font-family: Arial, Helvetica, sans-serif;font-size: 13px;vertical-align: baseline;min-height: 1px;color: #484848\">Diese Leinenschuhe sind von den Buschschuhen der franz\u00f6sischen Armee vom Typ &#8220;Wissart&#8221;, &#8220;Pataugas&#8221; oder &#8220;Palladium&#8221; inspiriert.<\/p>\n<p style=\"margin: 0px 0px 1em;padding: 0px;border: 0px;line-height: 18px;font-family: Arial, Helvetica, sans-serif;font-size: 13px;vertical-align: baseline;min-height: 1px;color: #484848\"><strong style=\"margin: 0px;padding: 0px;border: 0px;font-style: inherit;font-variant: inherit;line-height: inherit;font-family: inherit;vertical-align: baseline\">Franz\u00f6sisches Design<\/strong><\/p>\n<p style=\"margin: 0px 0px 1em;padding: 0px;border: 0px;line-height: 18px;font-family: Arial, Helvetica, sans-serif;font-size: 13px;vertical-align: baseline;min-height: 1px;color: #484848\"><strong style=\"margin: 0px;padding: 0px;border: 0px;font-style: inherit;font-variant: inherit;line-height: inherit;font-family: inherit;vertical-align: baseline\">Europ\u00e4ische Herstellung<\/strong><\/p>\n<p style=\"margin: 0px 0px 1em;padding: 0px;border: 0px;line-height: 18px;font-family: Arial, Helvetica, sans-serif;font-size: 13px;vertical-align: baseline;min-height: 1px;color: #484848\">\n","protected":false},"featured_media":11668,"comment_status":"closed","ping_status":"closed","template":"","meta":[],"product_brand":[],"product_cat":[197],"product_tag":[],"marque":[],"class_list":{"0":"post-3366","1":"product","2":"type-product","3":"status-publish","4":"has-post-thumbnail","6":"product_cat-segeltuchschuhe-wissart","7":"product_shipping_class-shipping-de","9":"first","10":"instock","11":"taxable","12":"shipping-taxable","13":"purchasable","14":"product-type-variable"},"aioseo_notices":[],"_links":{"self":[{"href":"https:\/\/tmandoutdoor.com\/de\/wp-json\/wp\/v2\/product\/3366","targetHints":{"allow":["GET"]}}],"collection":[{"href":"https:\/\/tmandoutdoor.com\/de\/wp-json\/wp\/v2\/product"}],"about":[{"href":"https:\/\/tmandoutdoor.com\/de\/wp-json\/wp\/v2\/types\/product"}],"replies":[{"embeddable":true,"href":"https:\/\/tmandoutdoor.com\/de\/wp-json\/wp\/v2\/comments?post=3366"}],"wp:featuredmedia":[{"embeddable":true,"href":"https:\/\/tmandoutdoor.com\/de\/wp-json\/wp\/v2\/media\/11668"}],"wp:attachment":[{"href":"https:\/\/tmandoutdoor.com\/de\/wp-json\/wp\/v2\/media?parent=3366"}],"wp:term":[{"taxonomy":"product_brand","embeddable":true,"href":"https:\/\/tmandoutdoor.com\/de\/wp-json\/wp\/v2\/product_brand?post=3366"},{"taxonomy":"product_cat","embeddable":true,"href":"https:\/\/tmandoutdoor.com\/de\/wp-json\/wp\/v2\/product_cat?post=3366"},{"taxonomy":"product_tag","embeddable":true,"href":"https:\/\/tmandoutdoor.com\/de\/wp-json\/wp\/v2\/product_tag?post=3366"},{"taxonomy":"marque","embeddable":true,"href":"https:\/\/tmandoutdoor.com\/de\/wp-json\/wp\/v2\/marque?post=3366"}],"curies":[{"name":"wp","href":"https:\/\/api.w.org\/{rel}","templated":true}]}}