{"id":30268,"date":"2025-12-18T11:50:05","date_gmt":"2025-12-18T10:50:05","guid":{"rendered":"https:\/\/tmandoutdoor.com\/produit\/ueberlebensration-mre-meal-ready-to-eat\/"},"modified":"2026-02-19T15:46:20","modified_gmt":"2026-02-19T14:46:20","slug":"ueberlebensration-mre-meal-ready-to-eat","status":"publish","type":"product","link":"https:\/\/tmandoutdoor.com\/de\/produkt\/ueberlebensration-mre-meal-ready-to-eat\/","title":{"rendered":"Selbsterhitzende MRE-Ration &#8211; Fertigmahlzeit der US-Armee"},"content":{"rendered":"<h2 id=\"ration-mre-autochauffante-24h-apport-energetique-1-250-kcal\">Selbsterhitzende MRE-Ration: Energiezufuhr 1 250 kcal<\/h2>\n<p>Mit 1250 kcal pro Portion bietet diese <strong>Ration<\/strong> eine ausgezeichnete <strong>Energieversorgung<\/strong> w\u00e4hrend eines Gewaltmarsches oder Biwaks. Der Proteingehalt von 13%, der Fettgehalt von 36% und der Kohlenhydratgehalt von 51% sorgen f\u00fcr eine allm\u00e4hliche Freisetzung von <strong>Kalorien<\/strong>, um die Anstrengung durchzuhalten. Diese Art von Ration wird von <strong>Milit\u00e4rpersonal<\/strong>, aber auch von <strong>Survival-<\/strong> und Campingfreunden bevorzugt.  <\/p>\n<h3 id=\"pourquoi-choisir-cette-ration-de-combat\">Warum w\u00e4hlen Sie diese Kampfration?<\/h3>\n<ol>\n<li>Kompaktes Format (650 g bis 900 g) und undurchl\u00e4ssiger Beutel f\u00fcr eine lange <strong>Haltbarkeit<\/strong> ohne K\u00fchlung.<\/li>\n<li>Integrierter flammenloser Kocher: in 5 Minuten einsatzbereit, kein Feuer erforderlich, ideal f\u00fcr sensible Bereiche.<\/li>\n<li>Eine felderprobte Ration der US-Armee, die von den ber\u00fchmten MRE-Kampfrationen abgeleitet ist.<\/li>\n<li>Mehrj\u00e4hrige Lagerf\u00e4higkeit: Perfekt als Notfallnahrung f\u00fcr zu Hause oder auf Expeditionen.<\/li>\n<\/ol>\n<h3 id=\"menu-b-uf-biscuits-et-boissons-un-gout-reconfortant\">Rindfleischmen\u00fc, Kekse und Getr\u00e4nke: ein beruhigender Geschmack<\/h3>\n<p>Jede vollst\u00e4ndige Mahlzeit enth\u00e4lt ein Hauptgericht (z.B. Chili mit <strong>Rindfleisch<\/strong> oder einen aromatischen Eintopf), <strong>Energiekekse<\/strong>, ein Dessert und <strong>Getr\u00e4nke<\/strong> (Kaffee, Vitamingetr\u00e4nk). Sie erhalten eine Fertigmahlzeit mit einem <strong>Geschmack<\/strong>, der die Erm\u00fcdung w\u00e4hrend des Einsatzes verringert. Es gibt auch vegetarische Optionen, um das Men\u00fc abwechslungsreicher zu gestalten.  <\/p>\n<h3 id=\"ration-mre-autochauffante-preparation-simple-rechaud-sans-flamme\">Selbsterhitzende MRE-Ration: einfache Zubereitung, flammenloser Kocher<\/h3>\n<p>Gie\u00dfen Sie 60 ml Wasser in den W\u00e4rmebeutel, schieben Sie die Sch\u00fcssel hinein, warten Sie 5 Minuten und schon ist es fertig! Dieses System zeichnet sich durch seine Diskretion aus: es entwickelt weder Flammen noch Rauch, wodurch die W\u00e4rmesignatur im Gefecht begrenzt wird. Ein gro\u00dfer Vorteil f\u00fcr die <strong>Armeeverpflegung<\/strong> und f\u00fcr alle Liebhaber von Fertiggerichten, die mit leichtem Gep\u00e4ck reisen m\u00f6chten.  <\/p>\n<h3 id=\"concue-pour-le-terrain-militaire-la-survie-et-le-camping\">Entworfen f\u00fcr milit\u00e4risches Gel\u00e4nde, \u00dcberleben und Camping<\/h3>\n<p>Dieses Paket wurde aus den MRE-Kampfrationen der <strong>US-Armee<\/strong> entwickelt und ist sto\u00dffest, temperaturbest\u00e4ndig und feuchtigkeitsresistent. Es kombiniert alle notwendigen Elemente: Einwegbesteck, Reinigungstuch, Gew\u00fcrze, Kaugummi. Egal, ob Sie eine 24-Stunden-Trekking-Tour, eine operative Mission oder ein Notverpflegungspaket vorbereiten, diese Ration erf\u00fcllt alle Ihre Bed\u00fcrfnisse.  <\/p>\n<h3 id=\"ration-mre-autochauffante-24h-et-version-legere-mre-autochauffante-12h\">Selbsterhitzende MRE-Ration 12h<\/h3>\n<p>F\u00fcr schnelle Lieferungen gibt es die <strong>12-Stunden-Version von MRE mit Selbsterhitzung<\/strong>, die das gleiche Prinzip beibeh\u00e4lt, aber nur 600 kcal f\u00fcr einen halben Tag enth\u00e4lt. So k\u00f6nnen Sie Ihr eigenes 24- oder 48-Stunden-Paket zusammenstellen, indem Sie mehrere Einheiten entsprechend Ihrem <strong>kcal-Bedarf<\/strong> kombinieren. <\/p>\n<h3 id=\"ration-mre-autochauffante-fiche-technique\">Selbsterhitzende Ration MRE: Technisches Datenblatt<\/h3>\n<ol>\n<li>Gewicht: 650 g bis 900 g, rechteckiges Format 24 \u00d7 15 \u00d7 7 cm.<\/li>\n<li>Energie: 1 250 kcal (5 kcal pro Gramm).<\/li>\n<li>Inhalt: Hauptgericht mit <strong>Chili<\/strong> oder Eintopf, Beilage Reis oder Kartoffelp\u00fcree, Dessert, Getr\u00e4nkepulver.<\/li>\n<li>Inklusive: Besteckset, Serviette, Streichh\u00f6lzer, Salz, Pfeffer.<\/li>\n<li>Garantierte Haltbarkeit: mindestens 5 Jahre.<\/li>\n<\/ol>\n<h3 id=\"ration-mre-autochauffante-24h-nos-engagements\">Selbsterhitzende MRE-Ration 12 H: Unsere Verpflichtungen<\/h3>\n<p>Wir liefern versiegelte, frisch datierte amerikanische Rationen f\u00fcr eine maximale <strong>Lagerdauer<\/strong>. Kaufen Sie jetzt Ihre <strong>selbsterw\u00e4rmende MRE-Ration<\/strong> und gehen Sie mit freiem Kopf los: Sie werden immer eine zuverl\u00e4ssige, fertige, kcal-reiche <strong>Mahlzeit<\/strong> haben, wohin auch immer das Abenteuer Sie f\u00fchrt. <\/p>\n<p>Verf\u00fcgbare Men\u00fcs :<\/p>\n<div>&#8211; <strong>MEN\u00dc<\/strong> <strong>1: <\/strong>Chili mit roten Bohnen<\/div>\n<div>&#8211; <strong>MEN\u00dc<\/strong> <strong>2: <\/strong>Rindergeschnetzeltes mit Barbecuesauce<\/div>\n<div>&#8211; <strong>MEN\u00dc<\/strong> <strong>3: <\/strong>Huhn, Nudeln und Gem\u00fcse in So\u00dfe<\/div>\n<div>&#8211; <strong>MEN\u00dc<\/strong> <strong>4: <\/strong>Spaghetti in Rindfleischso\u00dfe<\/div>\n<div>&#8211; <strong>MEN\u00dc 5: <\/strong>H\u00e4hnchenw\u00fcrfel<br \/>\n&#8211; <strong>MEN\u00dc<\/strong> <strong>6: <\/strong>Taco mit Rindfleisch<br \/>\n&#8211; <strong>MEN\u00dc<\/strong> <strong>7: <\/strong>Rindfleischstreifen in Tomatenso\u00dfe<\/div>\n<div>&#8211; <strong>MEN\u00dc<\/strong> <strong>8: <\/strong>Fleischb\u00e4llchen in Marinara-Sauce<\/div>\n<div>&#8211; <strong>MEN\u00dc<\/strong> <strong>9: <\/strong>Rindfleischeintopf<br \/>\n&#8211; <strong>MEN\u00dc<\/strong> <strong>10: <\/strong>Chili und Makkaroni<br \/>\n&#8211; <strong>MEN\u00dc<\/strong> <strong>11: <\/strong>Gem\u00fcse- und Nudelcrumbles mit Tacosauce<\/div>\n<div>&#8211; <strong>MEN\u00dc<\/strong> <strong>12: <\/strong>Muscheln in Tomatensauce<br \/>\n&#8211; <strong>MEN\u00dc<\/strong> <strong>13: <\/strong>Tortellini mit K\u00e4se, Tomatensauce<br \/>\n&#8211; <strong>MEN\u00dc<\/strong> <strong>14: <\/strong>Fettuccine mit Spinat und Champignons in Sahnesauce<br \/>\n&#8211; MEN\u00dc <strong>15: <\/strong>Mexikanischer H\u00e4hncheneintopf<br \/>\n&#8211; <strong>MEN\u00dc<\/strong> <strong>16: <\/strong>H\u00e4hnchenburrito Bowl<\/div>\n<div>&#8211; <strong>MEN\u00dc 17: <\/strong>Schweinewurst, Ahorngeschmack<br \/>\n&#8211; <strong>MEN\u00dc<\/strong> <strong>18:<\/strong> Rinderravioli, Fleischsauce<br \/>\n<strong>&#8211; MEN\u00dc 19: <\/strong>Hacksteak mit Chili-K\u00e4se<\/div>\n<div>&#8211; <strong>MEN\u00dc<\/strong> <strong>20: <\/strong>Eintopf aus geriebenen Kartoffeln mit Speck, Zwiebeln und Paprika<strong><br \/>\n&#8211; MEN\u00dc 21: <\/strong>Kr\u00fcmel von Thunfisch in Natur mit Zitronenpfeffer<\/div>\n<div>&#8211; <strong>MEN\u00dc 22: <\/strong>Rindfleisch mit braunem Reis, Spinat, Karotten, Tomaten und ger\u00e4uchertem Paprika<\/div>\n<div>&#8211; <strong>MEN\u00dc<\/strong> <strong>23: <\/strong>Pizzast\u00fcck, Pepperoni<\/div>\n<div>&#8211; <strong>MEN\u00dc<\/strong> <strong>24: <\/strong>Rindfleisch auf S\u00fcdwest-Art mit schwarzen Bohnen<\/div>\n<p>&nbsp;<\/p>\n","protected":false},"excerpt":{"rendered":"<p>Die selbsterhitzende MRE-Ration bietet eine komplette Mahlzeit mit 1250 kcal, die f\u00fcr die US-Armee entwickelt wurde: flammenloser Kocher, abwechslungsreiches Men\u00fc, lange Haltbarkeit, ideal zum \u00dcberleben, Wandern und Campen.<\/p>\n","protected":false},"featured_media":30580,"comment_status":"closed","ping_status":"closed","template":"","meta":[],"product_brand":[1913],"product_cat":[428,418,447,1929],"product_tag":[],"marque":[],"class_list":{"0":"post-30268","1":"product","2":"type-product","3":"status-publish","4":"has-post-thumbnail","6":"product_brand-us-army","7":"product_cat-trends-de","8":"product_cat-was-ist-neu","9":"product_cat-zubehor-draussen","10":"product_cat-zusammenstellung-meines-uberlebensrucksacks","12":"first","13":"instock","14":"taxable","15":"shipping-taxable","16":"purchasable","17":"product-type-simple"},"aioseo_notices":[],"_links":{"self":[{"href":"https:\/\/tmandoutdoor.com\/de\/wp-json\/wp\/v2\/product\/30268","targetHints":{"allow":["GET"]}}],"collection":[{"href":"https:\/\/tmandoutdoor.com\/de\/wp-json\/wp\/v2\/product"}],"about":[{"href":"https:\/\/tmandoutdoor.com\/de\/wp-json\/wp\/v2\/types\/product"}],"replies":[{"embeddable":true,"href":"https:\/\/tmandoutdoor.com\/de\/wp-json\/wp\/v2\/comments?post=30268"}],"wp:featuredmedia":[{"embeddable":true,"href":"https:\/\/tmandoutdoor.com\/de\/wp-json\/wp\/v2\/media\/30580"}],"wp:attachment":[{"href":"https:\/\/tmandoutdoor.com\/de\/wp-json\/wp\/v2\/media?parent=30268"}],"wp:term":[{"taxonomy":"product_brand","embeddable":true,"href":"https:\/\/tmandoutdoor.com\/de\/wp-json\/wp\/v2\/product_brand?post=30268"},{"taxonomy":"product_cat","embeddable":true,"href":"https:\/\/tmandoutdoor.com\/de\/wp-json\/wp\/v2\/product_cat?post=30268"},{"taxonomy":"product_tag","embeddable":true,"href":"https:\/\/tmandoutdoor.com\/de\/wp-json\/wp\/v2\/product_tag?post=30268"},{"taxonomy":"marque","embeddable":true,"href":"https:\/\/tmandoutdoor.com\/de\/wp-json\/wp\/v2\/marque?post=30268"}],"curies":[{"name":"wp","href":"https:\/\/api.w.org\/{rel}","templated":true}]}}