{"id":2976,"date":"2023-11-20T18:56:04","date_gmt":"2023-11-20T17:56:04","guid":{"rendered":"https:\/\/tmandoutdoor.com\/produit\/pilotenjacke-m-a-c-h-80\/"},"modified":"2026-03-12T12:23:44","modified_gmt":"2026-03-12T11:23:44","slug":"pilotenjacke-m-a-c-h-80","status":"publish","type":"product","link":"https:\/\/tmandoutdoor.com\/de\/produkt\/pilotenjacke-m-a-c-h-80\/","title":{"rendered":"Pilotenjacke M.A.C.H 80"},"content":{"rendered":"<ul style=\"list-style-type: disc\">\n<li>Franz\u00f6sisches Lammleder erster Wahl<\/li>\n<li>Petrolblaue Farbe<\/li>\n<li>Gesteppter Kragen<\/li>\n<li>Brauner Kragen aus Schafsfell, der mit Kn\u00f6pfen abnehmbar ist.<\/li>\n<li>Zweiwege-Rei\u00dfverschluss.<\/li>\n<li>R\u00fccken, Vollhaut.<\/li>\n<li>2 Au\u00dfentaschen mit Druckkn\u00f6pfen, 2 Innentaschen, <strong>1 rechteckige Tasche mit Rei\u00dfverschluss<\/strong> auf dem linken \u00c4rmel, 1 kleine aufgesetzte Tasche f\u00fcr den Rang mit Patte<\/li>\n<li>Klettverschluss auf der Brust.<\/li>\n<li>2 Druckkn\u00f6pfe zum Einstellen der Taille (3 Positionen).<\/li>\n<li>Schwarzes Innenfutter aus Baumwollsatin, (w\u00e4rmeisolierend durch Watte 70 g).<\/li>\n<li>Orangefarbene Warnbluse in einer kleinen Tasche im Futter.<\/li>\n<\/ul>\n<table style=\"margin: 0px;padding: 0px;border: 0px;line-height: inherit;font-family: Arial, Helvetica, sans-serif;font-size: 13px;vertical-align: baseline;border-collapse: collapse;border-spacing: 0px;max-width: 100%;background-color: transparent;color: #333333\" border=\"0\" width=\"449\" cellspacing=\"0\" cellpadding=\"0\">\n<colgroup>\n<col width=\"65\">\n<col width=\"164\">\n<col width=\"220\"><\/colgroup>\n<tbody style=\"margin: 0px;padding: 0px;border: 0px;font-style: inherit;font-variant: inherit;font-weight: inherit;line-height: inherit;font-family: inherit;vertical-align: baseline\">\n<tr style=\"margin: 0px;padding: 0px;border: 0px;font-style: inherit;font-variant: inherit;font-weight: inherit;line-height: inherit;font-family: inherit;vertical-align: baseline\">\n<td class=\"xl69\" style=\"margin: 0px;padding: 9px 10px;border: 0px;font-style: inherit;font-variant: inherit;line-height: inherit;font-family: inherit;font-size: 13px;vertical-align: middle\" width=\"65\" height=\"20\">Gr\u00f6\u00dfe<\/td>\n<td class=\"xl70\" style=\"margin: 0px;padding: 9px 10px;border: 0px;font-style: inherit;font-variant: inherit;line-height: inherit;font-family: inherit;font-size: 13px;vertical-align: middle\" width=\"164\">Brustumfang (in cm)<\/td>\n<td class=\"xl71\" style=\"margin: 0px;padding: 9px 10px;border: 0px;font-style: inherit;font-variant: inherit;line-height: inherit;font-family: inherit;font-size: 13px;vertical-align: middle\" width=\"220\">\u00c4rmell\u00e4nge (in cm)<\/td>\n<\/tr>\n<tr style=\"margin: 0px;padding: 0px;border: 0px;font-style: inherit;font-variant: inherit;font-weight: inherit;line-height: inherit;font-family: inherit;vertical-align: baseline\">\n<td class=\"xl64\" style=\"margin: 0px;padding: 9px 10px;border: 0px;font-style: inherit;font-variant: inherit;line-height: inherit;font-family: inherit;font-size: 13px;vertical-align: middle\" height=\"15\"><\/td>\n<td class=\"xl63\" style=\"margin: 0px;padding: 9px 10px;border: 0px;font-style: inherit;font-variant: inherit;line-height: inherit;font-family: inherit;font-size: 13px;vertical-align: middle\"><\/td>\n<td class=\"xl65\" style=\"margin: 0px;padding: 9px 10px;border: 0px;font-style: inherit;font-variant: inherit;line-height: inherit;font-family: inherit;font-size: 13px;vertical-align: middle\"><\/td>\n<\/tr>\n<tr style=\"margin: 0px;padding: 0px;border: 0px;font-style: inherit;font-variant: inherit;font-weight: inherit;line-height: inherit;font-family: inherit;vertical-align: baseline\">\n<td class=\"xl64\" style=\"margin: 0px;padding: 9px 10px;border: 0px;font-style: inherit;font-variant: inherit;line-height: inherit;font-family: inherit;font-size: 13px;vertical-align: middle\" height=\"15\">46<\/td>\n<td class=\"xl63\" style=\"margin: 0px;padding: 9px 10px;border: 0px;font-style: inherit;font-variant: inherit;line-height: inherit;font-family: inherit;font-size: 13px;vertical-align: middle\">92<\/td>\n<td class=\"xl65\" style=\"margin: 0px;padding: 9px 10px;border: 0px;font-style: inherit;font-variant: inherit;line-height: inherit;font-family: inherit;font-size: 13px;vertical-align: middle\">63<\/td>\n<\/tr>\n<tr style=\"margin: 0px;padding: 0px;border: 0px;font-style: inherit;font-variant: inherit;font-weight: inherit;line-height: inherit;font-family: inherit;vertical-align: baseline\">\n<td class=\"xl64\" style=\"margin: 0px;padding: 9px 10px;border: 0px;font-style: inherit;font-variant: inherit;line-height: inherit;font-family: inherit;font-size: 13px;vertical-align: middle\" height=\"15\">48<\/td>\n<td class=\"xl63\" style=\"margin: 0px;padding: 9px 10px;border: 0px;font-style: inherit;font-variant: inherit;line-height: inherit;font-family: inherit;font-size: 13px;vertical-align: middle\">96<\/td>\n<td class=\"xl65\" style=\"margin: 0px;padding: 9px 10px;border: 0px;font-style: inherit;font-variant: inherit;line-height: inherit;font-family: inherit;font-size: 13px;vertical-align: middle\">63<\/td>\n<\/tr>\n<tr style=\"margin: 0px;padding: 0px;border: 0px;font-style: inherit;font-variant: inherit;font-weight: inherit;line-height: inherit;font-family: inherit;vertical-align: baseline\">\n<td class=\"xl64\" style=\"margin: 0px;padding: 9px 10px;border: 0px;font-style: inherit;font-variant: inherit;line-height: inherit;font-family: inherit;font-size: 13px;vertical-align: middle\" height=\"15\">50<\/td>\n<td class=\"xl63\" style=\"margin: 0px;padding: 9px 10px;border: 0px;font-style: inherit;font-variant: inherit;line-height: inherit;font-family: inherit;font-size: 13px;vertical-align: middle\">100<\/td>\n<td class=\"xl65\" style=\"margin: 0px;padding: 9px 10px;border: 0px;font-style: inherit;font-variant: inherit;line-height: inherit;font-family: inherit;font-size: 13px;vertical-align: middle\">63<\/td>\n<\/tr>\n<tr style=\"margin: 0px;padding: 0px;border: 0px;font-style: inherit;font-variant: inherit;font-weight: inherit;line-height: inherit;font-family: inherit;vertical-align: baseline\">\n<td class=\"xl64\" style=\"margin: 0px;padding: 9px 10px;border: 0px;font-style: inherit;font-variant: inherit;line-height: inherit;font-family: inherit;font-size: 13px;vertical-align: middle\" height=\"15\">52<\/td>\n<td class=\"xl63\" style=\"margin: 0px;padding: 9px 10px;border: 0px;font-style: inherit;font-variant: inherit;line-height: inherit;font-family: inherit;font-size: 13px;vertical-align: middle\">104<\/td>\n<td class=\"xl65\" style=\"margin: 0px;padding: 9px 10px;border: 0px;font-style: inherit;font-variant: inherit;line-height: inherit;font-family: inherit;font-size: 13px;vertical-align: middle\">64<\/td>\n<\/tr>\n<tr style=\"margin: 0px;padding: 0px;border: 0px;font-style: inherit;font-variant: inherit;font-weight: inherit;line-height: inherit;font-family: inherit;vertical-align: baseline\">\n<td class=\"xl64\" style=\"margin: 0px;padding: 9px 10px;border: 0px;font-style: inherit;font-variant: inherit;line-height: inherit;font-family: inherit;font-size: 13px;vertical-align: middle\" height=\"15\">54<\/td>\n<td class=\"xl63\" style=\"margin: 0px;padding: 9px 10px;border: 0px;font-style: inherit;font-variant: inherit;line-height: inherit;font-family: inherit;font-size: 13px;vertical-align: middle\">108<\/td>\n<td class=\"xl65\" style=\"margin: 0px;padding: 9px 10px;border: 0px;font-style: inherit;font-variant: inherit;line-height: inherit;font-family: inherit;font-size: 13px;vertical-align: middle\">65<\/td>\n<\/tr>\n<tr style=\"margin: 0px;padding: 0px;border: 0px;font-style: inherit;font-variant: inherit;font-weight: inherit;line-height: inherit;font-family: inherit;vertical-align: baseline\">\n<td class=\"xl64\" style=\"margin: 0px;padding: 9px 10px;border: 0px;font-style: inherit;font-variant: inherit;line-height: inherit;font-family: inherit;font-size: 13px;vertical-align: middle\" height=\"15\">56<\/td>\n<td class=\"xl63\" style=\"margin: 0px;padding: 9px 10px;border: 0px;font-style: inherit;font-variant: inherit;line-height: inherit;font-family: inherit;font-size: 13px;vertical-align: middle\">112<\/td>\n<td class=\"xl65\" style=\"margin: 0px;padding: 9px 10px;border: 0px;font-style: inherit;font-variant: inherit;line-height: inherit;font-family: inherit;font-size: 13px;vertical-align: middle\">66<\/td>\n<\/tr>\n<tr style=\"margin: 0px;padding: 0px;border: 0px;font-style: inherit;font-variant: inherit;font-weight: inherit;line-height: inherit;font-family: inherit;vertical-align: baseline\">\n<td class=\"xl64\" style=\"margin: 0px;padding: 9px 10px;border: 0px;font-style: inherit;font-variant: inherit;line-height: inherit;font-family: inherit;font-size: 13px;vertical-align: middle\" height=\"15\">58<\/td>\n<td class=\"xl63\" style=\"margin: 0px;padding: 9px 10px;border: 0px;font-style: inherit;font-variant: inherit;line-height: inherit;font-family: inherit;font-size: 13px;vertical-align: middle\">116<\/td>\n<td class=\"xl65\" style=\"margin: 0px;padding: 9px 10px;border: 0px;font-style: inherit;font-variant: inherit;line-height: inherit;font-family: inherit;font-size: 13px;vertical-align: middle\">67<\/td>\n<\/tr>\n<tr style=\"margin: 0px;padding: 0px;border: 0px;font-style: inherit;font-variant: inherit;font-weight: inherit;line-height: inherit;font-family: inherit;vertical-align: baseline\">\n<td class=\"xl64\" style=\"margin: 0px;padding: 9px 10px;border: 0px;font-style: inherit;font-variant: inherit;line-height: inherit;font-family: inherit;font-size: 13px;vertical-align: middle\" height=\"15\">60<\/td>\n<td class=\"xl63\" style=\"margin: 0px;padding: 9px 10px;border: 0px;font-style: inherit;font-variant: inherit;line-height: inherit;font-family: inherit;font-size: 13px;vertical-align: middle\">120<\/td>\n<td class=\"xl65\" style=\"margin: 0px;padding: 9px 10px;border: 0px;font-style: inherit;font-variant: inherit;line-height: inherit;font-family: inherit;font-size: 13px;vertical-align: middle\">68<\/td>\n<\/tr>\n<tr style=\"margin: 0px;padding: 0px;border: 0px;font-style: inherit;font-variant: inherit;font-weight: inherit;line-height: inherit;font-family: inherit;vertical-align: baseline\">\n<td class=\"xl64\" style=\"margin: 0px;padding: 9px 10px;border: 0px;font-style: inherit;font-variant: inherit;line-height: inherit;font-family: inherit;font-size: 13px;vertical-align: middle\" height=\"15\">62<\/td>\n<td class=\"xl63\" style=\"margin: 0px;padding: 9px 10px;border: 0px;font-style: inherit;font-variant: inherit;line-height: inherit;font-family: inherit;font-size: 13px;vertical-align: middle\">124<\/td>\n<td class=\"xl65\" style=\"margin: 0px;padding: 9px 10px;border: 0px;font-style: inherit;font-variant: inherit;line-height: inherit;font-family: inherit;font-size: 13px;vertical-align: middle\"><\/td>\n<\/tr>\n<tr style=\"margin: 0px;padding: 0px;border: 0px;font-style: inherit;font-variant: inherit;font-weight: inherit;line-height: inherit;font-family: inherit;vertical-align: baseline\">\n<td class=\"xl66\" style=\"margin: 0px;padding: 9px 10px;border: 0px;font-style: inherit;font-variant: inherit;line-height: inherit;font-family: inherit;font-size: 13px;vertical-align: middle\" height=\"16\"><\/td>\n<td class=\"xl67\" style=\"margin: 0px;padding: 9px 10px;border: 0px;font-style: inherit;font-variant: inherit;line-height: inherit;font-family: inherit;font-size: 13px;vertical-align: middle\"><\/td>\n<td class=\"xl68\" style=\"margin: 0px;padding: 9px 10px;border: 0px;font-style: inherit;font-variant: inherit;line-height: inherit;font-family: inherit;font-size: 13px;vertical-align: middle\"><\/td>\n<\/tr>\n<\/tbody>\n<\/table>\n","protected":false},"excerpt":{"rendered":"<p>Reproduktion der legend\u00e4ren PN (Flugpersonal)-Jacke der Luftwaffe aus den 80er Jahren.<\/p>\n<p>Eine franz\u00f6sische Qualit\u00e4tsherstellung aus Lammleder wie das Original.<\/p>\n","protected":false},"featured_media":6459,"comment_status":"closed","ping_status":"closed","template":"","meta":[],"product_brand":[],"product_cat":[915,446],"product_tag":[],"marque":[],"class_list":{"0":"post-2976","1":"product","2":"type-product","3":"status-publish","4":"has-post-thumbnail","6":"product_cat-black-friday-de","7":"product_cat-hoch","8":"product_shipping_class-shipping-de","10":"first","11":"instock","12":"sale","13":"taxable","14":"shipping-taxable","15":"purchasable","16":"product-type-variable"},"aioseo_notices":[],"_links":{"self":[{"href":"https:\/\/tmandoutdoor.com\/de\/wp-json\/wp\/v2\/product\/2976","targetHints":{"allow":["GET"]}}],"collection":[{"href":"https:\/\/tmandoutdoor.com\/de\/wp-json\/wp\/v2\/product"}],"about":[{"href":"https:\/\/tmandoutdoor.com\/de\/wp-json\/wp\/v2\/types\/product"}],"replies":[{"embeddable":true,"href":"https:\/\/tmandoutdoor.com\/de\/wp-json\/wp\/v2\/comments?post=2976"}],"wp:featuredmedia":[{"embeddable":true,"href":"https:\/\/tmandoutdoor.com\/de\/wp-json\/wp\/v2\/media\/6459"}],"wp:attachment":[{"href":"https:\/\/tmandoutdoor.com\/de\/wp-json\/wp\/v2\/media?parent=2976"}],"wp:term":[{"taxonomy":"product_brand","embeddable":true,"href":"https:\/\/tmandoutdoor.com\/de\/wp-json\/wp\/v2\/product_brand?post=2976"},{"taxonomy":"product_cat","embeddable":true,"href":"https:\/\/tmandoutdoor.com\/de\/wp-json\/wp\/v2\/product_cat?post=2976"},{"taxonomy":"product_tag","embeddable":true,"href":"https:\/\/tmandoutdoor.com\/de\/wp-json\/wp\/v2\/product_tag?post=2976"},{"taxonomy":"marque","embeddable":true,"href":"https:\/\/tmandoutdoor.com\/de\/wp-json\/wp\/v2\/marque?post=2976"}],"curies":[{"name":"wp","href":"https:\/\/api.w.org\/{rel}","templated":true}]}}