{"id":29194,"date":"2025-11-29T15:42:25","date_gmt":"2025-11-29T14:42:25","guid":{"rendered":"https:\/\/tmandoutdoor.com\/produit\/commando-pullover-marineblau\/"},"modified":"2025-11-29T15:42:25","modified_gmt":"2025-11-29T14:42:25","slug":"commando-pullover-marineblau","status":"publish","type":"product","link":"https:\/\/tmandoutdoor.com\/de\/produkt\/commando-pullover-marineblau\/","title":{"rendered":"Commando Pullover (marineblau)"},"content":{"rendered":"","protected":false},"excerpt":{"rendered":"<p>Der ideale Kommandopullover f\u00fcr Ihre Kinder oder kleine Personen f\u00fcr Spazierg\u00e4nge in der Natur, am Meer oder bei den Pfadfindern.<\/p>\n<p>Gerader Schnitt<\/p>\n<p>Zusammensetzung: 50% Wolle\/50% Acryl<\/p>\n","protected":false},"featured_media":29187,"comment_status":"closed","ping_status":"closed","template":"","meta":[],"product_brand":[],"product_cat":[281,446,1883,428,418],"product_tag":[],"marque":[],"class_list":{"0":"post-29194","1":"product","2":"type-product","3":"status-publish","4":"has-post-thumbnail","6":"product_cat-frauen","7":"product_cat-hoch","8":"product_cat-kind","9":"product_cat-trends-de","10":"product_cat-was-ist-neu","12":"first","13":"instock","14":"taxable","15":"shipping-taxable","16":"purchasable","17":"product-type-variable"},"aioseo_notices":[],"_links":{"self":[{"href":"https:\/\/tmandoutdoor.com\/de\/wp-json\/wp\/v2\/product\/29194","targetHints":{"allow":["GET"]}}],"collection":[{"href":"https:\/\/tmandoutdoor.com\/de\/wp-json\/wp\/v2\/product"}],"about":[{"href":"https:\/\/tmandoutdoor.com\/de\/wp-json\/wp\/v2\/types\/product"}],"replies":[{"embeddable":true,"href":"https:\/\/tmandoutdoor.com\/de\/wp-json\/wp\/v2\/comments?post=29194"}],"wp:featuredmedia":[{"embeddable":true,"href":"https:\/\/tmandoutdoor.com\/de\/wp-json\/wp\/v2\/media\/29187"}],"wp:attachment":[{"href":"https:\/\/tmandoutdoor.com\/de\/wp-json\/wp\/v2\/media?parent=29194"}],"wp:term":[{"taxonomy":"product_brand","embeddable":true,"href":"https:\/\/tmandoutdoor.com\/de\/wp-json\/wp\/v2\/product_brand?post=29194"},{"taxonomy":"product_cat","embeddable":true,"href":"https:\/\/tmandoutdoor.com\/de\/wp-json\/wp\/v2\/product_cat?post=29194"},{"taxonomy":"product_tag","embeddable":true,"href":"https:\/\/tmandoutdoor.com\/de\/wp-json\/wp\/v2\/product_tag?post=29194"},{"taxonomy":"marque","embeddable":true,"href":"https:\/\/tmandoutdoor.com\/de\/wp-json\/wp\/v2\/marque?post=29194"}],"curies":[{"name":"wp","href":"https:\/\/api.w.org\/{rel}","templated":true}]}}