{"id":28384,"date":"2025-11-08T16:24:00","date_gmt":"2025-11-08T15:24:00","guid":{"rendered":"https:\/\/tmandoutdoor.com\/?post_type=product&#038;p=28384"},"modified":"2026-02-22T18:55:44","modified_gmt":"2026-02-22T17:55:44","slug":"marinejacke-marineblau-copie","status":"publish","type":"product","link":"https:\/\/tmandoutdoor.com\/de\/produkt\/marinejacke-marineblau-copie\/","title":{"rendered":"Wasserabweisende Jacke Marine Nationale H\u00e9ritage"},"content":{"rendered":"<p class=\"my-2 [&amp;+p]:mt-4 [&amp;_strong:has(+br)]:inline-block [&amp;_strong:has(+br)]:pb-2\">Inspiriert von den Jacken, die von den franz\u00f6sischen Matrosen in den 60\/70er Jahren getragen wurden, \u00fcbernimmt diese Marinejacke H\u00e9ritage die klassische Silhouette und die funktionellen Details des Originalmodells. Das 280 g\/m\u00b2 Baumwollgewebe mit wasserabweisender Behandlung und das 380 g\/m\u00b2 warme Futter machen sie zu einer echten Barriere gegen Wind, leichten Regen und Gischt. Mit der abnehmbaren, gef\u00fctterten Kapuze, den YKK-Rei\u00dfverschl\u00fcssen und dem &#8220;Marine Nationale&#8221;-Emblem mit Vintage-Stempel-Effekt erhalten Sie ein robustes, praktisches und zeitloses Kleidungsst\u00fcck. Die ideale Jacke f\u00fcr alle, die den Charakter eines milit\u00e4rischen Seemannskleidungsst\u00fccks wiederfinden m\u00f6chten, das an die heutigen Bed\u00fcrfnisse angepasst ist<span class=\"inline-flex\" aria-label=\"TM &amp; Outdoor - Military and Outdoor Lifestyle\" data-state=\"closed\">.<\/span>   <\/p>\n<hr class=\"bg-subtle h-px border-0\">\n<h2 id=\"usage--mer-ville-et-outdoor\" class=\"mb-2 mt-4 [.has-inline-images_&amp;]:clear-end font-editorial font-bold text-lg first:mt-0 md:text-lg [hr+&amp;]:mt-4\">Nutzung: Meer, Stadt und Outdoor<\/h2>\n<ul class=\"marker:text-quiet list-disc\">\n<li class=\"py-0 my-0 prose-p:pt-0 prose-p:mb-2 prose-p:my-0 [&amp;&gt;p]:pt-0 [&amp;&gt;p]:mb-2 [&amp;&gt;p]:my-0\">\n<p class=\"my-2 [&amp;+p]:mt-4 [&amp;_strong:has(+br)]:inline-block [&amp;_strong:has(+br)]:pb-2\">F\u00fcr die K\u00fcstenschifffahrt, zum Angeln oder f\u00fcr Ausfl\u00fcge an der K\u00fcste bei k\u00fchlem Wetter<span class=\"inline-flex\" aria-label=\"TM &amp; Outdoor - Military and Outdoor Lifestyle\" data-state=\"closed\">.<\/span><\/p>\n<\/li>\n<li class=\"py-0 my-0 prose-p:pt-0 prose-p:mb-2 prose-p:my-0 [&amp;&gt;p]:pt-0 [&amp;&gt;p]:mb-2 [&amp;&gt;p]:my-0\">\n<p class=\"my-2 [&amp;+p]:mt-4 [&amp;_strong:has(+br)]:inline-block [&amp;_strong:has(+br)]:pb-2\">F\u00fcr die t\u00e4glichen Fahrten in der Stadt, wenn der Wind weht und das Wetter sich verschlechtert<span class=\"inline-flex\" aria-label=\"TM &amp; Outdoor - Military and Outdoor Lifestyle\" data-state=\"closed\">.<\/span><\/p>\n<\/li>\n<li class=\"py-0 my-0 prose-p:pt-0 prose-p:mb-2 prose-p:my-0 [&amp;&gt;p]:pt-0 [&amp;&gt;p]:mb-2 [&amp;&gt;p]:my-0\">\n<p class=\"my-2 [&amp;+p]:mt-4 [&amp;_strong:has(+br)]:inline-block [&amp;_strong:has(+br)]:pb-2\">F\u00fcr Spazierg\u00e4nge, Beobachtungen und Outdoor-Aktivit\u00e4ten, bei denen W\u00e4rme, Schutz und Mobilit\u00e4t gefragt sind<span class=\"inline-flex\" aria-label=\"TM &amp; Outdoor - Military and Outdoor Lifestyle\" data-state=\"closed\">.<\/span><\/p>\n<\/li>\n<li class=\"py-0 my-0 prose-p:pt-0 prose-p:mb-2 prose-p:my-0 [&amp;&gt;p]:pt-0 [&amp;&gt;p]:mb-2 [&amp;&gt;p]:my-0\">\n<p class=\"my-2 [&amp;+p]:mt-4 [&amp;_strong:has(+br)]:inline-block [&amp;_strong:has(+br)]:pb-2\">F\u00fcr Liebhaber von Milit\u00e4r- und Vintage-\u00c4sthetik, die eine charaktervolle, langlebige und funktionelle Jacke suchen<span class=\"inline-flex\" aria-label=\"TM &amp; Outdoor - Military and Outdoor Lifestyle\" data-state=\"closed\">.<\/span><\/p>\n<\/li>\n<\/ul>\n<hr class=\"bg-subtle h-px border-0\">\n<h2 id=\"confort-et-protection\" class=\"mb-2 mt-4 [.has-inline-images_&amp;]:clear-end font-editorial font-bold text-lg first:mt-0 md:text-lg [hr+&amp;]:mt-4\">Komfort und Schutz<\/h2>\n<ul class=\"marker:text-quiet list-disc\">\n<li class=\"py-0 my-0 prose-p:pt-0 prose-p:mb-2 prose-p:my-0 [&amp;&gt;p]:pt-0 [&amp;&gt;p]:mb-2 [&amp;&gt;p]:my-0\">\n<p class=\"my-2 [&amp;+p]:mt-4 [&amp;_strong:has(+br)]:inline-block [&amp;_strong:has(+br)]:pb-2\">380 g\/m\u00b2 Futter auf K\u00f6rper und \u00c4rmeln f\u00fcr \u00fcberlegene W\u00e4rmeisolierung und dauerhaften Komfort<span class=\"inline-flex\" aria-label=\"TM &amp; Outdoor - Military and Outdoor Lifestyle\" data-state=\"closed\">.<\/span><\/p>\n<\/li>\n<li class=\"py-0 my-0 prose-p:pt-0 prose-p:mb-2 prose-p:my-0 [&amp;&gt;p]:pt-0 [&amp;&gt;p]:mb-2 [&amp;&gt;p]:my-0\">\n<p class=\"my-2 [&amp;+p]:mt-4 [&amp;_strong:has(+br)]:inline-block [&amp;_strong:has(+br)]:pb-2\">Abnehmbare, gef\u00fctterte Kapuze: Maximaler Schutz bei Wind und Regen, kompaktere, urbane Silhouette bei milderem Wetter<span class=\"inline-flex\" aria-label=\"TM &amp; Outdoor - Military and Outdoor Lifestyle\" data-state=\"closed\">.<\/span><\/p>\n<\/li>\n<li class=\"py-0 my-0 prose-p:pt-0 prose-p:mb-2 prose-p:my-0 [&amp;&gt;p]:pt-0 [&amp;&gt;p]:mb-2 [&amp;&gt;p]:my-0\">\n<p class=\"my-2 [&amp;+p]:mt-4 [&amp;_strong:has(+br)]:inline-block [&amp;_strong:has(+br)]:pb-2\">Robuster, zuverl\u00e4ssiger YKK-Hauptverschluss und Taschenrei\u00dfverschl\u00fcsse, die auch mit Handschuhen leicht zu bedienen sind<span class=\"inline-flex\" aria-label=\"TM &amp; Outdoor - Military and Outdoor Lifestyle\" data-state=\"closed\">.<\/span><\/p>\n<\/li>\n<li class=\"py-0 my-0 prose-p:pt-0 prose-p:mb-2 prose-p:my-0 [&amp;&gt;p]:pt-0 [&amp;&gt;p]:mb-2 [&amp;&gt;p]:my-0\">\n<p class=\"my-2 [&amp;+p]:mt-4 [&amp;_strong:has(+br)]:inline-block [&amp;_strong:has(+br)]:pb-2\">Gerippte \u00c4rmelb\u00fcndchen, Kragen und Bel\u00fcftungs\u00f6sen unter den Armen sorgen f\u00fcr ein ausgewogenes Verh\u00e4ltnis von W\u00e4rme und Atmungsaktivit\u00e4t<span class=\"inline-flex\" aria-label=\"TM &amp; Outdoor - Military and Outdoor Lifestyle\" data-state=\"closed\">.<\/span><\/p>\n<\/li>\n<\/ul>\n<hr class=\"bg-subtle h-px border-0\">\n<h2 id=\"matires-et-dtails\" class=\"mb-2 mt-4 [.has-inline-images_&amp;]:clear-end font-editorial font-bold text-lg first:mt-0 md:text-lg [hr+&amp;]:mt-4\">Materialien und Details<\/h2>\n<ul class=\"marker:text-quiet list-disc\">\n<li class=\"py-0 my-0 prose-p:pt-0 prose-p:mb-2 prose-p:my-0 [&amp;&gt;p]:pt-0 [&amp;&gt;p]:mb-2 [&amp;&gt;p]:my-0\">\n<p class=\"my-2 [&amp;+p]:mt-4 [&amp;_strong:has(+br)]:inline-block [&amp;_strong:has(+br)]:pb-2\">Obermaterial aus 280 g\/m\u00b2 Baumwolle mit wasserabweisender Ausr\u00fcstung: Wasser perlt ab und perlt ab, wodurch das Gef\u00fchl von Feuchtigkeit bei Regenschauern verringert wird<span class=\"inline-flex\" aria-label=\"TM &amp; Outdoor - Military and Outdoor Lifestyle\" data-state=\"closed\">.<\/span><\/p>\n<\/li>\n<li class=\"py-0 my-0 prose-p:pt-0 prose-p:mb-2 prose-p:my-0 [&amp;&gt;p]:pt-0 [&amp;&gt;p]:mb-2 [&amp;&gt;p]:my-0\">\n<p class=\"my-2 [&amp;+p]:mt-4 [&amp;_strong:has(+br)]:inline-block [&amp;_strong:has(+br)]:pb-2\">Warmes Innenfutter, um die W\u00e4rme am K\u00f6rper zu halten<span class=\"inline-flex\" aria-label=\"TM &amp; Outdoor - Military and Outdoor Lifestyle\" data-state=\"closed\">.<\/span><\/p>\n<\/li>\n<li class=\"py-0 my-0 prose-p:pt-0 prose-p:mb-2 prose-p:my-0 [&amp;&gt;p]:pt-0 [&amp;&gt;p]:mb-2 [&amp;&gt;p]:my-0\">\n<p class=\"my-2 [&amp;+p]:mt-4 [&amp;_strong:has(+br)]:inline-block [&amp;_strong:has(+br)]:pb-2\">3 Au\u00dfentaschen mit Rei\u00dfverschluss zur sicheren Aufbewahrung<span class=\"inline-flex\" aria-label=\"TM &amp; Outdoor - Military and Outdoor Lifestyle\" data-state=\"closed\">von<\/span> Schl\u00fcsseln, Smartphone und kleinen Accessoires.<\/p>\n<\/li>\n<li class=\"py-0 my-0 prose-p:pt-0 prose-p:mb-2 prose-p:my-0 [&amp;&gt;p]:pt-0 [&amp;&gt;p]:mb-2 [&amp;&gt;p]:my-0\">\n<p class=\"my-2 [&amp;+p]:mt-4 [&amp;_strong:has(+br)]:inline-block [&amp;_strong:has(+br)]:pb-2\">Marine-Emblem mit Vintage-Stempel-Effekt auf der Brust, eine Anspielung auf die historischen Jacken der franz\u00f6sischen Flotte<span class=\"inline-flex\" aria-label=\"TM &amp; Outdoor - Military and Outdoor Lifestyle\" data-state=\"closed\">.<\/span><\/p>\n<\/li>\n<\/ul>\n<hr class=\"bg-subtle h-px border-0\">\n<h2 id=\"taillant-et-conseils-taille\" class=\"mb-2 mt-4 [.has-inline-images_&amp;]:clear-end font-editorial font-bold text-lg first:mt-0 md:text-lg [hr+&amp;]:mt-4\">Taillant und Taillentipps<\/h2>\n<ul class=\"marker:text-quiet list-disc\">\n<li class=\"py-0 my-0 prose-p:pt-0 prose-p:mb-2 prose-p:my-0 [&amp;&gt;p]:pt-0 [&amp;&gt;p]:mb-2 [&amp;&gt;p]:my-0\">\n<p class=\"my-2 [&amp;+p]:mt-4 [&amp;_strong:has(+br)]:inline-block [&amp;_strong:has(+br)]:pb-2\">Verf\u00fcgbare Gr\u00f6\u00dfen: S bis XXL (anpassen, wenn sich Ihr Bestand \u00e4ndert)<span class=\"inline-flex\" aria-label=\"TM &amp; Outdoor - Military and Outdoor Lifestyle\" data-state=\"closed\">.<\/span><\/p>\n<\/li>\n<li class=\"py-0 my-0 prose-p:pt-0 prose-p:mb-2 prose-p:my-0 [&amp;&gt;p]:pt-0 [&amp;&gt;p]:mb-2 [&amp;&gt;p]:my-0\">\n<p class=\"my-2 [&amp;+p]:mt-4 [&amp;_strong:has(+br)]:inline-block [&amp;_strong:has(+br)]:pb-2\">W\u00e4hlen Sie Ihre normale Gr\u00f6\u00dfe oder eine Nummer gr\u00f6\u00dfer, wenn Sie es sehr bequem m\u00f6gen oder mehrere Schichten \u00fcbereinander tragen m\u00f6chten<span class=\"inline-flex\" aria-label=\"TM &amp; Outdoor - Military and Outdoor Lifestyle\" data-state=\"closed\">.<\/span><\/p>\n<\/li>\n<li class=\"py-0 my-0 prose-p:pt-0 prose-p:mb-2 prose-p:my-0 [&amp;&gt;p]:pt-0 [&amp;&gt;p]:mb-2 [&amp;&gt;p]:my-0\">\n<p class=\"my-2 [&amp;+p]:mt-4 [&amp;_strong:has(+br)]:inline-block [&amp;_strong:has(+br)]:pb-2\">Wenn Sie sich nicht sicher sind, messen Sie Ihren Brustumfang und kontaktieren Sie uns, damit wir Sie entsprechend Ihrer Morphologie und Ihrer Verwendung (Meer, Stadt, Outdoor usw.) beraten k\u00f6nnen<span class=\"inline-flex\" aria-label=\"TM &amp; Outdoor - Military and Outdoor Lifestyle\" data-state=\"closed\">.<\/span><\/p>\n<\/li>\n<\/ul>\n<hr class=\"bg-subtle h-px border-0\">\n<h2 id=\"entretien\" class=\"mb-2 mt-4 [.has-inline-images_&amp;]:clear-end font-editorial font-bold text-lg first:mt-0 md:text-lg [hr+&amp;]:mt-4\">Pflege<\/h2>\n<ul class=\"marker:text-quiet list-disc\">\n<li class=\"py-0 my-0 prose-p:pt-0 prose-p:mb-2 prose-p:my-0 [&amp;&gt;p]:pt-0 [&amp;&gt;p]:mb-2 [&amp;&gt;p]:my-0\">\n<p class=\"my-2 [&amp;+p]:mt-4 [&amp;_strong:has(+br)]:inline-block [&amp;_strong:has(+br)]:pb-2\">Maschinenw\u00e4sche bei 30 \u00b0C, auf links gedreht, mit einem herk\u00f6mmlichen Waschmittel und ohne Weichsp\u00fcler, um die wasserabweisende Eigenschaft der Baumwolle zu erhalten<span class=\"inline-flex\" aria-label=\"TM &amp; Outdoor - Military and Outdoor Lifestyle\" data-state=\"closed\">.<\/span><\/p>\n<\/li>\n<li class=\"py-0 my-0 prose-p:pt-0 prose-p:mb-2 prose-p:my-0 [&amp;&gt;p]:pt-0 [&amp;&gt;p]:mb-2 [&amp;&gt;p]:my-0\">\n<p class=\"my-2 [&amp;+p]:mt-4 [&amp;_strong:has(+br)]:inline-block [&amp;_strong:has(+br)]:pb-2\">An der Luft trocknen, nicht in der N\u00e4he einer direkten W\u00e4rmequelle<span class=\"inline-flex\" aria-label=\"TM &amp; Outdoor - Military and Outdoor Lifestyle\" data-state=\"closed\">.<\/span><\/p>\n<\/li>\n<li class=\"py-0 my-0 prose-p:pt-0 prose-p:mb-2 prose-p:my-0 [&amp;&gt;p]:pt-0 [&amp;&gt;p]:mb-2 [&amp;&gt;p]:my-0\">\n<p class=\"my-2 [&amp;+p]:mt-4 [&amp;_strong:has(+br)]:inline-block [&amp;_strong:has(+br)]:pb-2\">Durch sanftes B\u00fcgeln auf der Au\u00dfenseite kann die wasserabweisende Behandlung teilweise reaktiviert werden<span class=\"inline-flex\" aria-label=\"TM &amp; Outdoor - Military and Outdoor Lifestyle\" data-state=\"closed\">.<\/span><\/p>\n<\/li>\n<\/ul>\n<hr class=\"bg-subtle h-px border-0\">\n<h2 id=\"pourquoi-choisir-le-blouson-hritage-chez-tm--outdo\" class=\"mb-2 mt-4 [.has-inline-images_&amp;]:clear-end font-editorial font-bold text-lg first:mt-0 md:text-lg [hr+&amp;]:mt-4\"><a href=\"https:\/\/tmandoutdoor.com\/2026\/01\/03\/veste-de-quart-marine-nationale\/\">Warum sollten Sie sich f\u00fcr die Jacke Heritage bei TM &amp; Outdoor entscheiden<\/a>?<\/h2>\n<ul class=\"marker:text-quiet list-disc\">\n<li class=\"py-0 my-0 prose-p:pt-0 prose-p:mb-2 prose-p:my-0 [&amp;&gt;p]:pt-0 [&amp;&gt;p]:mb-2 [&amp;&gt;p]:my-0\">\n<p class=\"my-2 [&amp;+p]:mt-4 [&amp;_strong:has(+br)]:inline-block [&amp;_strong:has(+br)]:pb-2\">Die Auswahl wurde von TM &amp; Outdoor getroffen, einem Fachgesch\u00e4ft f\u00fcr Milit\u00e4rbekleidung und Outdoor-Ausr\u00fcstung mit Ladengesch\u00e4ft in Tours und pers\u00f6nlicher Beratung<span class=\"inline-flex\" aria-label=\"TM &amp; Outdoor - Military and Outdoor Lifestyle\" data-state=\"closed\">.<\/span><\/p>\n<\/li>\n<li class=\"py-0 my-0 prose-p:pt-0 prose-p:mb-2 prose-p:my-0 [&amp;&gt;p]:pt-0 [&amp;&gt;p]:mb-2 [&amp;&gt;p]:my-0\">\n<p class=\"my-2 [&amp;+p]:mt-4 [&amp;_strong:has(+br)]:inline-block [&amp;_strong:has(+br)]:pb-2\">Ein Modell, das den Geist der historischen Marinejacken bewahrt und gleichzeitig moderne Verbesserungen in Bezug auf Komfort und Haltbarkeit bietet<span class=\"inline-flex\" aria-label=\"TM &amp; Outdoor - Military and Outdoor Lifestyle\" data-state=\"closed\">.<\/span><\/p>\n<\/li>\n<li class=\"py-0 my-0 prose-p:pt-0 prose-p:mb-2 prose-p:my-0 [&amp;&gt;p]:pt-0 [&amp;&gt;p]:mb-2 [&amp;&gt;p]:my-0\">\n<p class=\"my-2 [&amp;+p]:mt-4 [&amp;_strong:has(+br)]:inline-block [&amp;_strong:has(+br)]:pb-2\">Schneller Versand aus Frankreich, sichere Zahlung und R\u00fcckgabe innerhalb von 14 Tagen f\u00fcr eine Bestellung in vollem Vertrauen<span class=\"inline-flex\" aria-label=\"TM &amp; Outdoor - Military and Outdoor Lifestyle\" data-state=\"closed\">.<\/span><\/p>\n<\/li>\n<\/ul>\n<hr class=\"bg-subtle h-px border-0\">\n<h2 id=\"minifaq--ajouter-sous-la-description\" class=\"mb-2 mt-4 [.has-inline-images_&amp;]:clear-end font-editorial font-bold text-lg first:mt-0 md:text-lg [hr+&amp;]:mt-4\">Mini-FAQ unter der Beschreibung hinzuf\u00fcgen<\/h2>\n<p class=\"my-2 [&amp;+p]:mt-4 [&amp;_strong:has(+br)]:inline-block [&amp;_strong:has(+br)]:pb-2\"><strong>Ist diese Jacke wirklich warm?<\/strong><br \/>\nJa, das 380 g\/m\u00b2 Futter auf dem K\u00f6rper und den \u00c4rmeln bietet eine effektive W\u00e4rmeisolierung, um K\u00e4lte, Wind und N\u00e4sse zu trotzen<span class=\"inline-flex\" aria-label=\"TM &amp; Outdoor - Military and Outdoor Lifestyle\" data-state=\"closed\">.<\/span><\/p>\n<p class=\"my-2 [&amp;+p]:mt-4 [&amp;_strong:has(+br)]:inline-block [&amp;_strong:has(+br)]:pb-2\"><strong>Ist Baumwolle wasserdicht?<\/strong><br \/>\nDer 280 g\/m\u00b2 Baumwollstoff ist wasserabweisend behandelt: Er weist Wasser und Gischt ab, ideal f\u00fcr feuchtes Wetter, aber kein Ersatz f\u00fcr eine 100% wasserdichte Jacke bei sehr starkem und lang anhaltendem Regen<span class=\"inline-flex\" aria-label=\"TM &amp; Outdoor - Military and Outdoor Lifestyle\" data-state=\"closed\">.<\/span><\/p>\n<p class=\"my-2 [&amp;+p]:mt-4 [&amp;_strong:has(+br)]:inline-block [&amp;_strong:has(+br)]:pb-2\"><strong>Ist die Kapuze abnehmbar?<\/strong><br \/>\nJa, die gef\u00fctterte Kapuze ist abnehmbar, so dass Sie die Jacke an das Wetter und den Stil anpassen k\u00f6nnen, den Sie suchen<span class=\"inline-flex\" aria-label=\"TM &amp; Outdoor - Military and Outdoor Lifestyle\" data-state=\"closed\">.<\/span><\/p>\n<p class=\"my-2 [&amp;+p]:mt-4 [&amp;_strong:has(+br)]:inline-block [&amp;_strong:has(+br)]:pb-2\"><strong>Wie w\u00e4hle ich meine Gr\u00f6\u00dfe?<\/strong><br \/>\nW\u00e4hlen Sie Ihre normale Jackengr\u00f6\u00dfe, wenn Sie nur einen Pullover oder ein Fleece darunter tragen. Wenn Sie zwischen zwei Gr\u00f6\u00dfen schwanken oder mehrere Schichten tragen, w\u00e4hlen Sie die gr\u00f6\u00dfere Gr\u00f6\u00dfe<span class=\"inline-flex\" aria-label=\"TM &amp; Outdoor - Military and Outdoor Lifestyle\" data-state=\"closed\">.<\/span> <\/p>\n<p class=\"my-2 [&amp;+p]:mt-4 [&amp;_strong:has(+br)]:inline-block [&amp;_strong:has(+br)]:pb-2\"><strong>Kann ich<\/strong> die Jacke <strong>im Gesch\u00e4ft anprobieren?<\/strong><br \/>\nJa, Sie k\u00f6nnen die Jacke in unserem TM &amp; Outdoor-Gesch\u00e4ft in Tours, 16 rue de Hollande, anprobieren<span class=\"inline-flex\" aria-label=\"TM &amp; Outdoor - Military and Outdoor Lifestyle\" data-state=\"closed\">.<\/span><\/p>\n<p>&nbsp;<\/p>\n","protected":false},"excerpt":{"rendered":"<p>Heritage Marine Quart Jacke: 280 g\/m\u00b2 wasserabweisende Baumwolle, 380 g\/m\u00b2 Futter, abnehmbare gef\u00fctterte Kapuze und 3 Rei\u00dfverschlusstaschen f\u00fcr einen authentischen Marinestil und warmen Komfort im Alltag.<\/p>\n","protected":false},"featured_media":28702,"comment_status":"closed","ping_status":"closed","template":"","meta":[],"product_brand":[1296],"product_cat":[915,446,282,428,418,248],"product_tag":[1340,1329],"marque":[],"class_list":{"0":"post-28384","1":"product","2":"type-product","3":"status-publish","4":"has-post-thumbnail","6":"product_brand-first-division-marine","7":"product_cat-black-friday-de","8":"product_cat-hoch","9":"product_cat-mann","10":"product_cat-trends-de","11":"product_cat-was-ist-neu","12":"product_cat-werbeaktionen","13":"product_tag-first-division-marine-de","14":"product_tag-nationale-marine","15":"product_shipping_class-shipping-de","17":"first","18":"instock","19":"taxable","20":"shipping-taxable","21":"purchasable","22":"product-type-variable","23":"has-default-attributes"},"aioseo_notices":[],"_links":{"self":[{"href":"https:\/\/tmandoutdoor.com\/de\/wp-json\/wp\/v2\/product\/28384","targetHints":{"allow":["GET"]}}],"collection":[{"href":"https:\/\/tmandoutdoor.com\/de\/wp-json\/wp\/v2\/product"}],"about":[{"href":"https:\/\/tmandoutdoor.com\/de\/wp-json\/wp\/v2\/types\/product"}],"replies":[{"embeddable":true,"href":"https:\/\/tmandoutdoor.com\/de\/wp-json\/wp\/v2\/comments?post=28384"}],"wp:featuredmedia":[{"embeddable":true,"href":"https:\/\/tmandoutdoor.com\/de\/wp-json\/wp\/v2\/media\/28702"}],"wp:attachment":[{"href":"https:\/\/tmandoutdoor.com\/de\/wp-json\/wp\/v2\/media?parent=28384"}],"wp:term":[{"taxonomy":"product_brand","embeddable":true,"href":"https:\/\/tmandoutdoor.com\/de\/wp-json\/wp\/v2\/product_brand?post=28384"},{"taxonomy":"product_cat","embeddable":true,"href":"https:\/\/tmandoutdoor.com\/de\/wp-json\/wp\/v2\/product_cat?post=28384"},{"taxonomy":"product_tag","embeddable":true,"href":"https:\/\/tmandoutdoor.com\/de\/wp-json\/wp\/v2\/product_tag?post=28384"},{"taxonomy":"marque","embeddable":true,"href":"https:\/\/tmandoutdoor.com\/de\/wp-json\/wp\/v2\/marque?post=28384"}],"curies":[{"name":"wp","href":"https:\/\/api.w.org\/{rel}","templated":true}]}}