{"id":28184,"date":"2025-10-18T18:09:01","date_gmt":"2025-10-18T16:09:01","guid":{"rendered":"https:\/\/tmandoutdoor.com\/?post_type=product&#038;p=28184"},"modified":"2026-03-02T11:41:42","modified_gmt":"2026-03-02T10:41:42","slug":"haix-schuhe-mit-warmem-klima-franzosische-armee-copie","status":"publish","type":"product","link":"https:\/\/tmandoutdoor.com\/de\/produkt\/haix-schuhe-mit-warmem-klima-franzosische-armee-copie\/","title":{"rendered":"Meindl Schuhe gem\u00e4\u00dfigtes Klima Gore-Tex &#8211; Wandern"},"content":{"rendered":"<h2 id=\"chaussures-de-combat-et-randonnee-pour-climat-tempere\">Kampf- und Wanderschuhe f\u00fcr gem\u00e4\u00dfigtes Klima<\/h2>\n<p>Die Meindl-Schuhe f\u00fcr die franz\u00f6sische Armee sind f\u00fcr Eins\u00e4tze und Ausfl\u00fcge in anspruchsvollem Gel\u00e4nde konzipiert. Diese Einsatzschuhe bieten Schutz, Komfort und Stabilit\u00e4t beim Wandern und bei Outdoor-Aktivit\u00e4ten in gem\u00e4\u00dfigtem Klima. <\/p>\n<h3 id=\"caracteristiques-de-la-chaussure-et-protection-du-pied\">Eigenschaften des Schuhs und Schutz des Fu\u00dfes<\/h3>\n<ul>\n<li>Textilteil &#8211; Optimale Atmungsaktivit\u00e4t mit <strong>atmungsaktivem Gore-Tex-Futter<\/strong>, das Ihren Fu\u00df trocken h\u00e4lt.<\/li>\n<li>Schnellschn\u00fcrung f\u00fcr eine optimale Passform in Sekundenschnelle<\/li>\n<li>Komfortabler Schaumstoff mit Formged\u00e4chtnis, der sich der Form Ihres Fu\u00dfes anpasst.<\/li>\n<li>Leicht und robust &#8211; Geringes Gewicht ohne Kompromisse bei der Stabilit\u00e4t<\/li>\n<li>Antistatische und \u00f6lbest\u00e4ndige Au\u00dfensohle &#8211; Schutz in schwierigem Gel\u00e4nde<\/li>\n<li>Ergonomische Einlegesohle f\u00fcr optimalen Halt den ganzen Tag \u00fcber<\/li>\n<\/ul>\n<h3 id=\"ajustement-optimal-et-confort-du-pied\">Optimale Passform und Komfort f\u00fcr den Fu\u00df<\/h3>\n<p>Die Schnellschn\u00fcrung erm\u00f6glicht eine optimale Anpassung in Sekundenschnelle. Der Komfortschaum mit Formged\u00e4chtnis passt sich der Morphologie Ihres Fu\u00dfes an und sorgt f\u00fcr erm\u00fcdungsfreien Halt, auch bei langen Wanderungen in den Bergen oder bei Eins\u00e4tzen. <\/p>\n<h3 id=\"qualite-militaire-pour-terrain-varie\">Milit\u00e4rqualit\u00e4t f\u00fcr abwechslungsreiches Gel\u00e4nde<\/h3>\n<p>Diese f\u00fcr die franz\u00f6sische Armee entworfenen Kampf- und Wanderschuhe bieten bew\u00e4hrte Robustheit in schwierigem Gel\u00e4nde. Das geringe Gewicht in Verbindung mit der robusten Sohle erm\u00f6glicht Ihnen schnelle Bewegungen ohne Kompromisse bei Schutz und Stabilit\u00e4t. <\/p>\n<p>&nbsp;<\/p>\n","protected":false},"excerpt":{"rendered":"<p>Meindl-Schuhe f\u00fcr die franz\u00f6sische Armee. Entwickelt f\u00fcr gem\u00e4\u00dfigtes Klima, schwieriges Gel\u00e4nde und Wandern. Gore-Tex-Futter, Schnellschn\u00fcrung, robuste und antistatische Sohle.  <\/p>\n","protected":false},"featured_media":28201,"comment_status":"closed","ping_status":"closed","template":"","meta":[],"product_brand":[1880],"product_cat":[195,428,418,248],"product_tag":[],"marque":[],"class_list":{"0":"post-28184","1":"product","2":"type-product","3":"status-publish","4":"has-post-thumbnail","6":"product_brand-meindl","7":"product_cat-schuhe-marbot-compagnie","8":"product_cat-trends-de","9":"product_cat-was-ist-neu","10":"product_cat-werbeaktionen","12":"first","13":"instock","14":"sale","15":"taxable","16":"shipping-taxable","17":"purchasable","18":"product-type-variable"},"aioseo_notices":[],"_links":{"self":[{"href":"https:\/\/tmandoutdoor.com\/de\/wp-json\/wp\/v2\/product\/28184","targetHints":{"allow":["GET"]}}],"collection":[{"href":"https:\/\/tmandoutdoor.com\/de\/wp-json\/wp\/v2\/product"}],"about":[{"href":"https:\/\/tmandoutdoor.com\/de\/wp-json\/wp\/v2\/types\/product"}],"replies":[{"embeddable":true,"href":"https:\/\/tmandoutdoor.com\/de\/wp-json\/wp\/v2\/comments?post=28184"}],"wp:featuredmedia":[{"embeddable":true,"href":"https:\/\/tmandoutdoor.com\/de\/wp-json\/wp\/v2\/media\/28201"}],"wp:attachment":[{"href":"https:\/\/tmandoutdoor.com\/de\/wp-json\/wp\/v2\/media?parent=28184"}],"wp:term":[{"taxonomy":"product_brand","embeddable":true,"href":"https:\/\/tmandoutdoor.com\/de\/wp-json\/wp\/v2\/product_brand?post=28184"},{"taxonomy":"product_cat","embeddable":true,"href":"https:\/\/tmandoutdoor.com\/de\/wp-json\/wp\/v2\/product_cat?post=28184"},{"taxonomy":"product_tag","embeddable":true,"href":"https:\/\/tmandoutdoor.com\/de\/wp-json\/wp\/v2\/product_tag?post=28184"},{"taxonomy":"marque","embeddable":true,"href":"https:\/\/tmandoutdoor.com\/de\/wp-json\/wp\/v2\/marque?post=28184"}],"curies":[{"name":"wp","href":"https:\/\/api.w.org\/{rel}","templated":true}]}}