{"id":27655,"date":"2025-09-27T16:48:18","date_gmt":"2025-09-27T14:48:18","guid":{"rendered":"https:\/\/tmandoutdoor.com\/?post_type=product&#038;p=27655"},"modified":"2026-01-05T07:55:51","modified_gmt":"2026-01-05T06:55:51","slug":"fd-marine-modularer-wasserdichter-rucksack-20-40l-grau-copie","status":"publish","type":"product","link":"https:\/\/tmandoutdoor.com\/de\/produkt\/fd-marine-modularer-wasserdichter-rucksack-20-40l-grau-copie\/","title":{"rendered":"Wasserdichter Rucksack FD Marine 20-40 L: Modular, wasserdicht und f\u00fcr alle Ihre Abenteuer."},"content":{"rendered":"<h2 id=\"pourquoi-choisir-ce-sac-etanche-fd-marine\">Warum sollten Sie sich f\u00fcr diese wasserdichte Tasche von FD Marine entscheiden?<\/h2>\n<p>Weil er alle Kriterien f\u00fcr eine erfolgreiche Wahl eines wasserdichten Rucksacks erf\u00fcllt: <strong>IPX6-Wasserdichtigkeit<\/strong>, anpassbares Volumen, Tragekomfort und taktisches Zubeh\u00f6r. Er wurde f\u00fcr Kajak, <strong>Boot<\/strong>, Wandern oder <strong>Reisen<\/strong> entworfen, h\u00e4lt Ihre Sachen <strong>trocken<\/strong> und folgt Ihnen \u00fcberall hin. <\/p>\n<h2 id=\"sac-etanche-un-niveau-de-protection-ipx6-a-toute-epreuve\">Wasserdichte Tasche: IPX6-Schutz f\u00fcr alle F\u00e4lle<\/h2>\n<p>Mit seinem IPX6-zertifizierten wasserdichten Gewebe h\u00e4lt dieser wasserdichte <strong>Dryback-Rucksack<\/strong> starken Wasserstrahlen, Gischt und Regen stand. Der <strong>wasserdichte<\/strong>, versiegelte Rei\u00dfverschluss sch\u00fctzt Ihre elektronischen Ger\u00e4te. Selbst wenn Sie den Rucksack f\u00fcr ein paar Minuten unter Wasser tauchen, bleibt der Inhalt intakt: ein echter <strong>wasserdichter<\/strong> Rucksack.  <\/p>\n<h2 id=\"sac-etanche-modularite-20-l-40-l\">Wasserdichte Tasche: Modularit\u00e4t 20 L \u2192 40 L<\/h2>\n<p>Im kompakten 20 L Modus konkurriert sie mit einer wasserdichten <strong>Tasche<\/strong> oder einem wasserdichten Beutel, im 40 L Modus wird sie zu einer wasserdichten Reisetasche oder einer wasserdichten Sporttasche. Ein internes Etikett erinnert an die Markierung <strong>25 L wasserdicht<\/strong>, dann 30 L wasserdicht und schlie\u00dflich 40 L wasserdicht, um die Aufbewahrung zu optimieren. <\/p>\n<h3 id=\"sacs-a-dos-etanches-fixation-molle-et-organisation-tactique\">Wasserdichte Rucks\u00e4cke: MOLLE-Befestigung und taktische Organisation<\/h3>\n<ol>\n<li>Externe MOLLE-Streifen f\u00fcr Erste-Hilfe-Kasten, Feldflasche oder Lampe.<\/li>\n<li>Seitliche Netztasche und herausnehmbarer <strong>wasserdichter Innenschlauchbeutel<\/strong>, um sauberes von nassem Material zu trennen.<\/li>\n<li>Ringe zum Karabinerhaken eines <strong>wasserdichten tropischen R<\/strong> ucksacks oder einer <strong>wasserdichten Duffle<\/strong>.<\/li>\n<\/ol>\n<h3 id=\"dos-etanche-ergonomie-et-confort-longue-distance\">Wasserdichter R\u00fccken: Ergonomie und Komfort \u00fcber lange Strecken<\/h3>\n<p>Der gepolsterte, bel\u00fcftete und verstellbare <strong>wasserdichte R\u00fccken<\/strong> verteilt das Gewicht und ist auch bei voller Beladung noch strapazierf\u00e4hig. Eine Variante mit einem wasserdichten <strong>R\u00fccken 25 L<\/strong> und einem wasserdichten R\u00fccken 30 L ist auf dem Lendengurt angegeben, um die H\u00f6he an die Belastung anzupassen. <\/p>\n<h2 id=\"caracteristiques-cles-et-benefices\">Schl\u00fcsselmerkmale und Vorteile<\/h2>\n<ol>\n<li>Adaptives Volumen 20 \u2192 40 L: eine einzige Tasche f\u00fcr alle Ihre <strong>Aktivit\u00e4ten auf dem Wasser<\/strong> oder in der Stadt.<\/li>\n<li>IPX6: <strong>Premium-Schutz<\/strong> gegen Wasser, Schlamm und Sand.<\/li>\n<li>Reflektierende Streifen: erh\u00f6hte Sicherheit im <strong>wasserdichten Fahrradrucksack<\/strong>.<\/li>\n<li>Individuell gestaltbare Klettverschlussbereiche und Schnellverschl\u00fcsse, um Ihr Setup zu erweitern.<\/li>\n<li>Kontrolliertes Gewicht: 2 kg Leergewicht, perfekt als <strong>wasserdichte Duffle Bag<\/strong>.<\/li>\n<\/ol>\n<h3 id=\"conseils-d-utilisation-et-d-entretien\">Tipps zur Nutzung und Pflege<\/h3>\n<p>Sp\u00fclen Sie Ihre <strong>wasserdichte Tasche<\/strong> nach jedem Ausflug mit S\u00fc\u00dfwasser aus und lassen Sie sie mit der \u00d6ffnung nach unten abtropfen, um die Wasserdichtigkeit zu erhalten. F\u00fcr eine gr\u00fcndliche Reinigung entfernen Sie das Innenfutter, waschen es kalt ab und lassen es trocknen. <\/p>\n<h2 id=\"questions-frequentes-sur-les-sacs-etanches\">H\u00e4ufig gestellte Fragen zu wasserdichten Taschen<\/h2>\n<p><strong>Wasserdichte Tasche<\/strong> oder wasserdichter Rucksack? Der Unterschied liegt vor allem im Tragekomfort; unser Modell kombiniert das Beste von beidem. Kann es eine <strong>wasserdichte Duffle<\/strong> ersetzen? Ja, dank des seitlichen Griffs. Ist er f\u00fcr tropische Gebiete geeignet? Seine UV-Beschichtung macht ihn zu einem ausgezeichneten wasserdichten Rucksack f\u00fcr die Tropen.     <\/p>\n<h3 id=\"pret-a-partir\">Sind Sie bereit zu gehen?<\/h3>\n<p>Ob Sie eine Bergtour, eine Flussfahrt oder einen St\u00e4dtetrip planen, diese <strong>wasserdichte<\/strong> IPX6-Tasche bietet Ihnen den Schutz, den Sie brauchen. Legen Sie sie jetzt in Ihren Warenkorb und machen Sie sich auf den Weg! <\/p>\n<p><\/p>\n","protected":false},"excerpt":{"rendered":"<p>Entdecken Sie den wasserdichten Rucksack FD Marine 20-40 L: einstellbares Volumen, bequemer wasserdichter R\u00fccken, MOLLE-Befestigung, IPX6 wasserdicht. Ideal f\u00fcr Boot, Kajak, Wandern, Radfahren oder Reisen, halten Sie Ihre Sachen \u00fcberall trocken. <\/p>\n","protected":false},"featured_media":27662,"comment_status":"closed","ping_status":"closed","template":"","meta":[],"product_brand":[1296],"product_cat":[427,418,248],"product_tag":[1871],"marque":[390],"class_list":{"0":"post-27655","1":"product","2":"type-product","3":"status-publish","4":"has-post-thumbnail","6":"product_brand-first-division-marine","7":"product_cat-rucksack","8":"product_cat-was-ist-neu","9":"product_cat-werbeaktionen","10":"product_tag-wasserdichter-rucksack","11":"marque-first-division-marine","13":"first","14":"instock","15":"sale","16":"taxable","17":"shipping-taxable","18":"purchasable","19":"product-type-simple"},"aioseo_notices":[],"_links":{"self":[{"href":"https:\/\/tmandoutdoor.com\/de\/wp-json\/wp\/v2\/product\/27655","targetHints":{"allow":["GET"]}}],"collection":[{"href":"https:\/\/tmandoutdoor.com\/de\/wp-json\/wp\/v2\/product"}],"about":[{"href":"https:\/\/tmandoutdoor.com\/de\/wp-json\/wp\/v2\/types\/product"}],"replies":[{"embeddable":true,"href":"https:\/\/tmandoutdoor.com\/de\/wp-json\/wp\/v2\/comments?post=27655"}],"wp:featuredmedia":[{"embeddable":true,"href":"https:\/\/tmandoutdoor.com\/de\/wp-json\/wp\/v2\/media\/27662"}],"wp:attachment":[{"href":"https:\/\/tmandoutdoor.com\/de\/wp-json\/wp\/v2\/media?parent=27655"}],"wp:term":[{"taxonomy":"product_brand","embeddable":true,"href":"https:\/\/tmandoutdoor.com\/de\/wp-json\/wp\/v2\/product_brand?post=27655"},{"taxonomy":"product_cat","embeddable":true,"href":"https:\/\/tmandoutdoor.com\/de\/wp-json\/wp\/v2\/product_cat?post=27655"},{"taxonomy":"product_tag","embeddable":true,"href":"https:\/\/tmandoutdoor.com\/de\/wp-json\/wp\/v2\/product_tag?post=27655"},{"taxonomy":"marque","embeddable":true,"href":"https:\/\/tmandoutdoor.com\/de\/wp-json\/wp\/v2\/marque?post=27655"}],"curies":[{"name":"wp","href":"https:\/\/api.w.org\/{rel}","templated":true}]}}