{"id":27554,"date":"2025-09-22T15:09:17","date_gmt":"2025-09-22T13:09:17","guid":{"rendered":"https:\/\/tmandoutdoor.com\/?post_type=product&#038;p=27554"},"modified":"2025-09-22T15:22:29","modified_gmt":"2025-09-22T13:22:29","slug":"fd-marine-modularer-wasserdichter-rucksack-20-40l-khaki-copie","status":"publish","type":"product","link":"https:\/\/tmandoutdoor.com\/de\/produkt\/fd-marine-modularer-wasserdichter-rucksack-20-40l-khaki-copie\/","title":{"rendered":"FD Marine Modularer wasserdichter Rucksack 20\/40L (blau)"},"content":{"rendered":"<p>Verstellbares Kabinenvolumen von 30 L bis 40 L: kompakt f\u00fcr Reisen, ger\u00e4umig f\u00fcr Ihre Abenteuer.<\/p>\n<p>\ud83d\udca7 Best\u00e4ndig gegen Regen, Gischt und St\u00fcrze ins Wasser.<\/p>\n<p>\ud83d\udce6 Wasserdichte Fronttasche + Telefontasche, verst\u00e4rkter, schmutzabweisender Boden.<\/p>\n<p>\ud83d\udd17 Interne\/externe MOLLE Riemen und Befestigungen zum Aufh\u00e4ngen Ihres Zubeh\u00f6rs.<\/p>\n<p>\ud83c\udf19 Reflektierende Streifen f\u00fcr mehr Sicherheit beim Radfahren oder in der Stadt.<\/p>\n<p>\ud83e\uddf3 Bequemes Tragen: gepolsterter R\u00fccken, verstellbare Gurte, H\u00fcftgurt, Brustgurt.<\/p>\n<p>\ud83d\udee0\ufe0f <strong>Outdoor und Indoor Befestigungssystem <\/strong> &#8211; Drei taktische B\u00e4nder (MOLLE), zwei Seitenb\u00e4nder, ein Ring, um Taschen und wichtige Accessoires (Pinzette, Schere, etc.) zu befestigen.<\/p>\n<p>\ud83d\udca7 <strong>Intelligente Aufbewahrung : <\/strong> <\/p>\n<p>\u2714 S <strong>eitliche Netztasche<\/strong> f\u00fcr Feldflasche oder Wasserflasche.<br \/>\n\u2714 <strong>Au\u00dfenliegende Rei\u00dfverschlusstasche<\/strong> ideal f\u00fcr Telefon und pers\u00f6nliche Gegenst\u00e4nde.<br \/>\n\u2714 <strong>Personalisierbarer Bereich<\/strong> mit Klettverschluss f\u00fcr Aufn\u00e4her.<\/p>\n","protected":false},"excerpt":{"rendered":"<h3>Wasserdichter Rucksack First Division Marine.<\/h3>\n<h4>Franz\u00f6sisches Design von Meeresfachleuten.<\/h4>\n<h4>Perfekt f\u00fcr Wassersport (Boot, Kajak, Paddle&#8230;) und Outdoor-Aktivit\u00e4ten (Wandern, Angeln, Jagd&#8230;).<\/h4>\n<h4>Er ist auch f\u00fcr den t\u00e4glichen Gebrauch in der Stadt (Motorrad, Fahrrad&#8230;) geeignet.<\/h4>\n<h4>Die Befestigungen sind so konzipiert, dass sie sich leicht an einem Boot, Paddel oder Kajak befestigen lassen.<\/h4>\n<h4>Modularer Rucksack 20\/40L.<\/h4>\n<h4><strong>100 % wasserdicht &#8211; IPX6-Zertifizierung<\/strong> &#8211;<strong>.<\/strong> <\/h4>\n<p>Fotos nicht vertraglich bindend (Zubeh\u00f6r, Taschen optional)<\/p>\n<p>&nbsp;<\/p>\n","protected":false},"featured_media":27563,"comment_status":"closed","ping_status":"closed","template":"","meta":[],"product_brand":[1296],"product_cat":[427,418,248],"product_tag":[],"marque":[],"class_list":{"0":"post-27554","1":"product","2":"type-product","3":"status-publish","4":"has-post-thumbnail","6":"product_brand-first-division-marine","7":"product_cat-rucksack","8":"product_cat-was-ist-neu","9":"product_cat-werbeaktionen","11":"first","12":"instock","13":"sale","14":"taxable","15":"shipping-taxable","16":"purchasable","17":"product-type-simple"},"aioseo_notices":[],"_links":{"self":[{"href":"https:\/\/tmandoutdoor.com\/de\/wp-json\/wp\/v2\/product\/27554","targetHints":{"allow":["GET"]}}],"collection":[{"href":"https:\/\/tmandoutdoor.com\/de\/wp-json\/wp\/v2\/product"}],"about":[{"href":"https:\/\/tmandoutdoor.com\/de\/wp-json\/wp\/v2\/types\/product"}],"replies":[{"embeddable":true,"href":"https:\/\/tmandoutdoor.com\/de\/wp-json\/wp\/v2\/comments?post=27554"}],"wp:featuredmedia":[{"embeddable":true,"href":"https:\/\/tmandoutdoor.com\/de\/wp-json\/wp\/v2\/media\/27563"}],"wp:attachment":[{"href":"https:\/\/tmandoutdoor.com\/de\/wp-json\/wp\/v2\/media?parent=27554"}],"wp:term":[{"taxonomy":"product_brand","embeddable":true,"href":"https:\/\/tmandoutdoor.com\/de\/wp-json\/wp\/v2\/product_brand?post=27554"},{"taxonomy":"product_cat","embeddable":true,"href":"https:\/\/tmandoutdoor.com\/de\/wp-json\/wp\/v2\/product_cat?post=27554"},{"taxonomy":"product_tag","embeddable":true,"href":"https:\/\/tmandoutdoor.com\/de\/wp-json\/wp\/v2\/product_tag?post=27554"},{"taxonomy":"marque","embeddable":true,"href":"https:\/\/tmandoutdoor.com\/de\/wp-json\/wp\/v2\/marque?post=27554"}],"curies":[{"name":"wp","href":"https:\/\/api.w.org\/{rel}","templated":true}]}}