{"id":26821,"date":"2025-08-24T16:30:44","date_gmt":"2025-08-24T14:30:44","guid":{"rendered":"https:\/\/tmandoutdoor.com\/produit\/marine-t-shirt-marineblau-small\/"},"modified":"2025-08-29T07:18:53","modified_gmt":"2025-08-29T05:18:53","slug":"marine-t-shirt-marineblau-small","status":"publish","type":"product","link":"https:\/\/tmandoutdoor.com\/de\/produkt\/marine-t-shirt-marineblau-small\/","title":{"rendered":"Marine T-Shirt (marineblau)"},"content":{"rendered":"<ul style=\"margin: 0px 0px 9px;padding: 0px 0px 0px 15px;border: 0px;line-height: inherit;font-family: Arial, Helvetica, sans-serif;font-size: 13px;vertical-align: baseline\">\n<li style=\"margin: 0px;padding: 0px;border: 0px;font-style: inherit;font-variant: inherit;font-weight: inherit;line-height: inherit;font-family: inherit;vertical-align: baseline\"><span style=\"color: #000000\">Herrenschnitt<\/span><\/li>\n<li style=\"margin: 0px;padding: 0px;border: 0px;font-style: inherit;font-variant: inherit;font-weight: inherit;line-height: inherit;font-family: inherit;vertical-align: baseline\"><span style=\"color: #000000\">Farbe: das Blau der Nationalmarine<\/span><\/li>\n<li style=\"margin: 0px;padding: 0px;border: 0px;font-style: inherit;font-variant: inherit;font-weight: inherit;line-height: inherit;font-family: inherit;vertical-align: baseline\"><span style=\"color: #000000\">Durchmesser des Drucks: 25 cm<\/span><\/li>\n<li style=\"margin: 0px;padding: 0px;border: 0px;font-style: inherit;font-variant: inherit;font-weight: inherit;line-height: inherit;font-family: inherit;vertical-align: baseline\"><span style=\"color: #000000\">Zusammensetzung: 100% halbgek\u00e4mmte <strong style=\"margin: 0px;padding: 0px;border: 0px;font-style: inherit;font-variant: inherit;line-height: inherit;font-family: inherit;vertical-align: baseline\">Ringspun-Baumwolle<\/strong>.<\/span><\/li>\n<li style=\"margin: 0px;padding: 0px;border: 0px;font-style: inherit;font-variant: inherit;font-weight: inherit;line-height: inherit;font-family: inherit;vertical-align: baseline\"><span style=\"color: #000000\">Gewicht von 190 g\/m\u00b2.<\/span><\/li>\n<li style=\"margin: 0px;padding: 0px;border: 0px;font-style: inherit;font-variant: inherit;font-weight: inherit;line-height: inherit;font-family: inherit;vertical-align: baseline\"><span style=\"color: #000000\"><span style=\"margin: 0px;padding: 0px;border: 0px;font-style: inherit;font-variant: inherit;font-weight: inherit;line-height: inherit;font-family: inherit;vertical-align: baseline\">Der <\/span><strong style=\"margin: 0px;padding: 0px;border: 0px;font-style: inherit;font-variant: inherit;line-height: inherit;font-family: inherit;vertical-align: baseline\">100-Standard von OEKO-TEX<\/strong><span style=\"margin: 0px;padding: 0px;border: 0px;font-style: inherit;font-variant: inherit;font-weight: inherit;line-height: inherit;font-family: inherit;vertical-align: baseline\"> garantiert, dass das Endprodukt keine der Produkte enth\u00e4lt, die als gesundheitssch\u00e4dlich f\u00fcr den Tr\u00e4ger des Kleidungsst\u00fccks identifiziert wurden, kontrolliert und auditiert von <\/span><strong style=\"margin: 0px;padding: 0px;border: 0px;font-style: inherit;font-variant: inherit;line-height: inherit;font-family: inherit;vertical-align: baseline\">IFTH<\/strong><span style=\"margin: 0px;padding: 0px;border: 0px;font-style: inherit;font-variant: inherit;font-weight: inherit;line-height: inherit;font-family: inherit;vertical-align: baseline\">.<\/span><\/span><\/li>\n<li style=\"margin: 0px;padding: 0px;border: 0px;font-style: inherit;font-variant: inherit;font-weight: inherit;line-height: inherit;font-family: inherit;vertical-align: baseline\"><span style=\"color: #000000\">Sauberkeitsband am Kragen.<\/span><\/li>\n<li style=\"margin: 0px;padding: 0px;border: 0px;font-style: inherit;font-variant: inherit;font-weight: inherit;line-height: inherit;font-family: inherit;vertical-align: baseline\"><span style=\"color: #000000\"><span style=\"margin: 0px;padding: 0px;border: 0px;font-style: inherit;font-variant: inherit;font-weight: inherit;line-height: inherit;font-family: inherit;vertical-align: baseline\" title=\"Kleidungsst\u00fcck mit einem runden, eher locker sitzenden Kragen.\">Rundhalsausschnitt <\/span>mit Elasthan-Rippstrickb\u00fcndchen.<\/span><\/li>\n<li style=\"margin: 0px;padding: 0px;border: 0px;font-style: inherit;font-variant: inherit;font-weight: inherit;line-height: inherit;font-family: inherit;vertical-align: baseline\"><span style=\"color: #000000\">Klassischer, r\u00f6hrenf\u00f6rmiger Schnitt.<\/span><\/li>\n<li style=\"margin: 0px;padding: 0px;border: 0px;font-style: inherit;font-variant: inherit;font-weight: inherit;line-height: inherit;font-family: inherit;vertical-align: baseline\"><span style=\"color: #000000\">Kurze \u00c4rmel.<\/span><\/li>\n<\/ul>\n<ul style=\"margin: 0px 0px 9px;padding: 0px 0px 0px 15px;border: 0px;line-height: inherit;font-family: Arial, Helvetica, sans-serif;font-size: 13px;vertical-align: baseline\">\n<li style=\"margin: 0px;padding: 0px;border: 0px;font-style: inherit;font-variant: inherit;font-weight: inherit;line-height: inherit;font-family: inherit;vertical-align: baseline\"><strong style=\"margin: 0px;padding: 0px;border: 0px;font-style: inherit;font-variant: inherit;line-height: inherit;font-family: inherit;vertical-align: baseline\">Gr\u00f6\u00dfen: (L\u00e4nge in cm-Brust in cm)<\/strong><\/li>\n<\/ul>\n<div style=\"margin: 0px;padding: 0px;border: 0px;line-height: inherit;font-family: Arial, Helvetica, sans-serif;font-size: 13px;vertical-align: baseline\">  XS (62cm-49cm)<\/div>\n<div style=\"margin: 0px;padding: 0px;border: 0px;line-height: inherit;font-family: Arial, Helvetica, sans-serif;font-size: 13px;vertical-align: baseline\">  S (69cm-50cm)<\/div>\n<div style=\"margin: 0px;padding: 0px;border: 0px;line-height: inherit;font-family: Arial, Helvetica, sans-serif;font-size: 13px;vertical-align: baseline\">  M (72cm-53cm)<\/div>\n<div style=\"margin: 0px;padding: 0px;border: 0px;line-height: inherit;font-family: Arial, Helvetica, sans-serif;font-size: 13px;vertical-align: baseline\">  L (74cm-56cm)<\/div>\n<div style=\"margin: 0px;padding: 0px;border: 0px;line-height: inherit;font-family: Arial, Helvetica, sans-serif;font-size: 13px;vertical-align: baseline\">  XL (76cm-58cm)<\/div>\n<div style=\"margin: 0px;padding: 0px;border: 0px;line-height: inherit;font-family: Arial, Helvetica, sans-serif;font-size: 13px;vertical-align: baseline\">  XXL (78cm-62cm)<\/div>\n","protected":false},"excerpt":{"rendered":"<p>Reproduktion des legend\u00e4ren Marine-T-Shirts aus den 80er Jahren.<\/p>\n<p style=\"margin: 0px 0px 1em;padding: 0px;border: 0px;line-height: inherit;font-family: Arial, Helvetica, sans-serif;font-size: 13px;vertical-align: baseline;min-height: 1px\"><span style=\"margin: 0px;padding: 0px;border: 0px;font-style: inherit;font-variant: inherit;font-weight: inherit;line-height: inherit;font-family: inherit;vertical-align: baseline\">Dieses T-Shirt<\/span><span style=\"margin: 0px;padding: 0px;border: 0px;font-style: inherit;font-variant: inherit;font-weight: inherit;line-height: inherit;font-family: inherit;vertical-align: baseline\"> besteht aus Baumwolle<\/span><span style=\"margin: 0px;padding: 0px;border: 0px;font-style: inherit;font-variant: inherit;font-weight: inherit;line-height: inherit;font-family: inherit;vertical-align: baseline\">  mit einer dicken Grammatur (190 gr\/m2). Dank dessen ist es strapazierf\u00e4hig und immer angenehm zu tragen.<\/span><\/p>\n<p style=\"margin: 0px 0px 1em;padding: 0px;border: 0px;line-height: inherit;font-family: Arial, Helvetica, sans-serif;font-size: 13px;vertical-align: baseline;min-height: 1px\"><span style=\"margin: 0px;padding: 0px;border: 0px;font-style: inherit;font-variant: inherit;font-weight: inherit;line-height: inherit;font-family: inherit;vertical-align: baseline\">Der Rundhalsausschnitt <\/span><span style=\"margin: 0px;padding: 0px;border: 0px;font-style: inherit;font-variant: inherit;font-weight: inherit;line-height: inherit;font-family: inherit;vertical-align: baseline\">mit Elasthan sorgt f\u00fcr eine gute Passform und mehr Komfort.<\/span><\/p>\n<p style=\"margin: 0px 0px 1em;padding: 0px;border: 0px;line-height: inherit;font-family: Arial, Helvetica, sans-serif;font-size: 13px;vertical-align: baseline;min-height: 1px\"><span style=\"margin: 0px;padding: 0px;border: 0px;font-style: inherit;font-variant: inherit;font-weight: inherit;line-height: inherit;font-family: inherit;vertical-align: baseline\">  Mit seinen kurzen \u00c4rmeln kann es im Sommer oder in der Zwischensaison getragen werden.<\/span><\/p>\n<p style=\"margin: 0px 0px 1em;padding: 0px;border: 0px;line-height: inherit;font-family: Arial, Helvetica, sans-serif;font-size: 13px;vertical-align: baseline;min-height: 1px\"><span style=\"margin: 0px;padding: 0px;border: 0px;font-style: inherit;font-variant: inherit;font-weight: inherit;line-height: inherit;font-family: inherit;vertical-align: baseline\">Der <strong>Herrenschnitt<\/strong> ist klassisch und r\u00f6hrenf\u00f6rmig, so dass es keine Seitenn\u00e4hte gibt, die Sie st\u00f6ren k\u00f6nnten.<\/span><\/p>\n<p style=\"margin: 0px 0px 1em;padding: 0px;border: 0px;line-height: 18px;font-family: Arial, Helvetica, sans-serif;font-size: 13px;vertical-align: baseline;min-height: 1px;color: #484848\"><span style=\"color: #000000\"><strong>Die verwendeten Materialien sind nach <span style=\"background-color: #ffffff;font-family: arial, sans-serif;font-size: 14px\">OEKO-TEX\u00ae Standard 100<\/span> zertifiziert.<\/strong><\/span><\/p>\n","protected":false},"featured_media":26894,"comment_status":"closed","ping_status":"closed","template":"","meta":[],"product_brand":[1296],"product_cat":[446,418],"product_tag":[],"marque":[390],"class_list":{"0":"post-26821","1":"product","2":"type-product","3":"status-publish","4":"has-post-thumbnail","6":"product_brand-first-division-marine","7":"product_cat-hoch","8":"product_cat-was-ist-neu","9":"marque-first-division-marine","11":"first","12":"instock","13":"taxable","14":"shipping-taxable","15":"purchasable","16":"product-type-variable"},"aioseo_notices":[],"_links":{"self":[{"href":"https:\/\/tmandoutdoor.com\/de\/wp-json\/wp\/v2\/product\/26821","targetHints":{"allow":["GET"]}}],"collection":[{"href":"https:\/\/tmandoutdoor.com\/de\/wp-json\/wp\/v2\/product"}],"about":[{"href":"https:\/\/tmandoutdoor.com\/de\/wp-json\/wp\/v2\/types\/product"}],"replies":[{"embeddable":true,"href":"https:\/\/tmandoutdoor.com\/de\/wp-json\/wp\/v2\/comments?post=26821"}],"wp:featuredmedia":[{"embeddable":true,"href":"https:\/\/tmandoutdoor.com\/de\/wp-json\/wp\/v2\/media\/26894"}],"wp:attachment":[{"href":"https:\/\/tmandoutdoor.com\/de\/wp-json\/wp\/v2\/media?parent=26821"}],"wp:term":[{"taxonomy":"product_brand","embeddable":true,"href":"https:\/\/tmandoutdoor.com\/de\/wp-json\/wp\/v2\/product_brand?post=26821"},{"taxonomy":"product_cat","embeddable":true,"href":"https:\/\/tmandoutdoor.com\/de\/wp-json\/wp\/v2\/product_cat?post=26821"},{"taxonomy":"product_tag","embeddable":true,"href":"https:\/\/tmandoutdoor.com\/de\/wp-json\/wp\/v2\/product_tag?post=26821"},{"taxonomy":"marque","embeddable":true,"href":"https:\/\/tmandoutdoor.com\/de\/wp-json\/wp\/v2\/marque?post=26821"}],"curies":[{"name":"wp","href":"https:\/\/api.w.org\/{rel}","templated":true}]}}