{"id":26547,"date":"2025-08-06T10:57:47","date_gmt":"2025-08-06T08:57:47","guid":{"rendered":"https:\/\/tmandoutdoor.com\/?post_type=product&#038;p=26547"},"modified":"2025-11-09T20:16:52","modified_gmt":"2025-11-09T19:16:52","slug":"marinejacke-t-88-small-copie-2","status":"publish","type":"product","link":"https:\/\/tmandoutdoor.com\/de\/produkt\/marinejacke-t-88-small-copie-2\/","title":{"rendered":"Marinejacke (T: 88\/Small)"},"content":{"rendered":"<ul style=\"list-style-type: square\">\n<li><span style=\"color: #000000\">Farbe: khaki<\/span><\/li>\n<li>Wasserabweisendes Baumwollgewebe<\/li>\n<li><span style=\"color: #000000\">YKK-Verschl\u00fcsse<\/span><\/li>\n<li><span style=\"color: #000000\">3 Au\u00dfentaschen Zip<\/span><\/li>\n<li><span style=\"color: #000000\">Abnehmbare, gef\u00fctterte Kapuze.<\/span><\/li>\n<li><span style=\"color: #000000\">K\u00f6rper und \u00c4rmel gef\u00fcttert<\/span><\/li>\n<li><span style=\"color: #000000\">Aufgen\u00e4htes Marine-Emblem auf der Brust, das entfernt werden kann.<\/span><\/li>\n<\/ul>\n","protected":false},"excerpt":{"rendered":"<p style=\"text-align: center\"><strong>Vorbestellung: Blouson de Quart &#8211; Limitierte Auflage von 250 St\u00fcck  <\/strong><\/p>\n<p style=\"text-align: center\"><strong>Voraussichtliche Fertigstellung: Ende Dezember 2025<\/strong><\/p>\n<p>&nbsp;<\/p>\n<p style=\"text-align: center\"><strong>Hochwertige Reproduktion der legend\u00e4ren Quarter-Jacke der franz\u00f6sischen Marine.<\/strong><\/p>\n<p style=\"text-align: center\">Tauchen Sie ein in zeitlose Eleganz mit unserer Wachjacke, die entworfen wurde, um Stil, Komfort und Robustheit zu kombinieren.<\/p>\n<p dir=\"auto\" style=\"text-align: center\"><strong>Vorbestellung: Blouson de Quart &#8211; Limitierte Auflage von 250 St\u00fcck<\/strong><\/p>\n<p dir=\"auto\" style=\"text-align: center\">F\u00fcr Sie oder Ihre Lieben sollten Sie keine Zeit verlieren, denn diese <strong>Edition 2025<\/strong> ist auf nur <strong>250 St\u00fcck<\/strong> limitiert.<\/p>\n<p dir=\"auto\" style=\"text-align: center\"><strong>Vorbestellungsangebot<\/strong>: Profitieren Sie jetzt von einem <strong>au\u00dfergew\u00f6hnlichen Rabatt von 20% auf den Listenpreis 2025 und von einer bevorzugten Lieferung<\/strong>!<\/p>\n<p dir=\"auto\" style=\"text-align: center\">Bestellen Sie vor dem Ende der Kampagne, um Ihre Jacke zu einem g\u00fcnstigen Preis zu sichern.<\/p>\n<p dir=\"auto\" style=\"text-align: center\"><strong>Voraussichtliche Fertigstellung: Ende Dezember 2025<\/strong><\/p>\n<p dir=\"auto\" style=\"text-align: center\">Jedes St\u00fcck wird sorgf\u00e4ltig gefertigt, um eine hohe Qualit\u00e4t zu gew\u00e4hrleisten.<\/p>\n<p dir=\"auto\" style=\"text-align: center\"><strong>Verpassen Sie nicht die Chance, sich der Elite der 250 anzuschlie\u00dfen!<\/strong><\/p>\n<p dir=\"auto\" style=\"text-align: center\">Bestellen Sie noch heute vor und seien Sie bereit f\u00fcr den Herbst mit Stil.<\/p>\n<h5 dir=\"auto\" style=\"text-align: center\">Umtausch und R\u00fcckgabe sind m\u00f6glich, solange der Vorrat reicht.<\/h5>\n<h6 dir=\"auto\" style=\"text-align: center\"><\/h6>\n","protected":false},"featured_media":26554,"comment_status":"closed","ping_status":"closed","template":"","meta":[],"product_brand":[1296],"product_cat":[1348],"product_tag":[1340,1329],"marque":[390],"class_list":{"0":"post-26547","1":"product","2":"type-product","3":"status-publish","4":"has-post-thumbnail","6":"product_brand-first-division-marine","7":"product_cat-laufende-produktion","8":"product_tag-first-division-marine-de","9":"product_tag-nationale-marine","10":"marque-first-division-marine","12":"first","13":"pre_order","14":"sale","15":"taxable","16":"shipping-taxable","17":"purchasable","18":"product-type-simple"},"aioseo_notices":[],"_links":{"self":[{"href":"https:\/\/tmandoutdoor.com\/de\/wp-json\/wp\/v2\/product\/26547","targetHints":{"allow":["GET"]}}],"collection":[{"href":"https:\/\/tmandoutdoor.com\/de\/wp-json\/wp\/v2\/product"}],"about":[{"href":"https:\/\/tmandoutdoor.com\/de\/wp-json\/wp\/v2\/types\/product"}],"replies":[{"embeddable":true,"href":"https:\/\/tmandoutdoor.com\/de\/wp-json\/wp\/v2\/comments?post=26547"}],"wp:featuredmedia":[{"embeddable":true,"href":"https:\/\/tmandoutdoor.com\/de\/wp-json\/wp\/v2\/media\/26554"}],"wp:attachment":[{"href":"https:\/\/tmandoutdoor.com\/de\/wp-json\/wp\/v2\/media?parent=26547"}],"wp:term":[{"taxonomy":"product_brand","embeddable":true,"href":"https:\/\/tmandoutdoor.com\/de\/wp-json\/wp\/v2\/product_brand?post=26547"},{"taxonomy":"product_cat","embeddable":true,"href":"https:\/\/tmandoutdoor.com\/de\/wp-json\/wp\/v2\/product_cat?post=26547"},{"taxonomy":"product_tag","embeddable":true,"href":"https:\/\/tmandoutdoor.com\/de\/wp-json\/wp\/v2\/product_tag?post=26547"},{"taxonomy":"marque","embeddable":true,"href":"https:\/\/tmandoutdoor.com\/de\/wp-json\/wp\/v2\/marque?post=26547"}],"curies":[{"name":"wp","href":"https:\/\/api.w.org\/{rel}","templated":true}]}}