{"id":26113,"date":"2025-08-01T10:41:20","date_gmt":"2025-08-01T08:41:20","guid":{"rendered":"https:\/\/tmandoutdoor.com\/produit\/kleine-medizinische-tasche-tf-2215\/"},"modified":"2026-01-27T18:13:00","modified_gmt":"2026-01-27T17:13:00","slug":"kleine-medizinische-tasche-tf-2215","status":"publish","type":"product","link":"https:\/\/tmandoutdoor.com\/de\/produkt\/kleine-medizinische-tasche-tf-2215\/","title":{"rendered":"Kleine medizinische Tasche TF-2215: Kompakte Notfalltasche"},"content":{"rendered":"<h2 id=\"poche-de-secours-prete-a-l-action\">Sofort einsatzbereite Notfalltasche<\/h2>\n<p>Mit seinem <strong>kompakten<\/strong> Format ist dieser  <strong>Die kleine medizinische Tasche TF-2215 wird mit dem MOLLE-System an Ihrer Ausr\u00fcstung befestigt und bleibt bis zum kritischen Moment unauff\u00e4llig. Die Tasche kann im Notfall abgenommen werden, um einen schnellen Zugriff auf Ihre gesamte medizinische Ausr\u00fcstung zu erm\u00f6glichen. <\/strong><\/p>\n<h2 id=\"ouverture-complete-et-manipulation-intuitive\"><strong>Vollst\u00e4ndige \u00d6ffnung und intuitive Bedienung<\/strong><\/h2>\n<p><strong>Die vollst\u00e4ndige \u00d6ffnung erm\u00f6glicht es Ihnen, die Tasche flach zu legen, wodurch das Innere sofort zu einer gut organisierten medizinischen Tasche wird. Sie k\u00f6nnen sofort Tourniquets, Verb\u00e4nde oder andere Materialien sehen, ohne Zeit zu verlieren. <\/strong><\/p>\n<h3 id=\"systeme-de-degraffage-securise\"><strong>Sicheres Entfettungssystem<\/strong><\/h3>\n<p><strong>Ein Klettverschluss-Schnell\u00f6ffnungssystem sorgt daf\u00fcr, dass die Tasche schnell ge\u00f6ffnet werden kann, aber dennoch v\u00f6llig sicher ist, wenn Sie unterwegs sind. Dieses System, in Kombination mit dem \u00e4u\u00dferen Klettverschluss, sorgt daf\u00fcr, dass die Tasche stabil bleibt und sich mit einem Zug l\u00f6st. <\/strong><\/p>\n<h3 id=\"caracteristiques-cles\"><strong>Schl\u00fcsselmerkmale<\/strong><\/h3>\n<ul>\n<li><strong>Universelles MOLLE-System f\u00fcr Tasche, Weste oder G\u00fcrtel<\/strong><\/li>\n<li><strong>500D Cordura-Gewebe, rei\u00df- und abriebfest<\/strong><\/li>\n<li><strong>Schnelles Entfettungssystem f\u00fcr eine intuitive Entnahme<\/strong><\/li>\n<li><strong>Durchdachte Abmessungen f\u00fcr die Aufbewahrung von Tourniquets, Kompressen und Notrationen<\/strong><\/li>\n<li><strong>Unterteilter Innenraum: jede Innentasche h\u00e4lt das Material an seinem Platz<\/strong><\/li>\n<\/ul>\n<h3 id=\"pourquoi-l-adopter\"><strong>Warum sollten Sie es einf\u00fchren?<\/strong><\/h3>\n<ol>\n<li><strong>Perfekt f\u00fcr die Pflegekraft im Au\u00dfendienst, den Sicherheitsbeamten oder den Outdoor-Aktivisten.<\/strong><\/li>\n<li><strong>H\u00e4lt Ihre Pflege in Ordnung und ist f\u00fcr jeden Notfall ger\u00fcstet.<\/strong><\/li>\n<li><strong>Bietet Platz f\u00fcr ein oder zwei Tourniquets, Nitrilhandschuhe und eine kleine Notfallausr\u00fcstung.<\/strong><\/li>\n<\/ol>\n<p><strong>Ob Sie auf einer Mission, einer Wanderung oder auf einem Schie\u00dfstand sind, diese medizinische Tasche TF-2215 wird schnell zu Ihrem unentbehrlichen Verb\u00fcndeten werden, der immer bereit ist, in Notsituationen zu helfen.<\/strong><\/p>\n<p><\/p>\n","protected":false},"excerpt":{"rendered":"<p>Die Kleine Medizinische Tasche TF-2215 ist eine kompakte und sichere Tasche, die im Notfall abgenommen werden kann, um bei Ihren Outdoor-Aktivit\u00e4ten einen schnellen Zugriff auf medizinische Versorgung, Tourniquets und Erste-Hilfe-Material zu erm\u00f6glichen.<\/p>\n","protected":false},"featured_media":26075,"comment_status":"closed","ping_status":"closed","template":"","meta":[],"product_brand":[1346],"product_cat":[1204,418],"product_tag":[],"marque":[],"class_list":{"0":"post-26113","1":"product","2":"type-product","3":"status-publish","4":"has-post-thumbnail","6":"product_brand-task-force-2215","7":"product_cat-taktische-ausrustung","8":"product_cat-was-ist-neu","9":"product_shipping_class-shipping-de","11":"first","12":"instock","13":"taxable","14":"shipping-taxable","15":"purchasable","16":"product-type-variable","17":"has-default-attributes"},"aioseo_notices":[],"_links":{"self":[{"href":"https:\/\/tmandoutdoor.com\/de\/wp-json\/wp\/v2\/product\/26113","targetHints":{"allow":["GET"]}}],"collection":[{"href":"https:\/\/tmandoutdoor.com\/de\/wp-json\/wp\/v2\/product"}],"about":[{"href":"https:\/\/tmandoutdoor.com\/de\/wp-json\/wp\/v2\/types\/product"}],"replies":[{"embeddable":true,"href":"https:\/\/tmandoutdoor.com\/de\/wp-json\/wp\/v2\/comments?post=26113"}],"wp:featuredmedia":[{"embeddable":true,"href":"https:\/\/tmandoutdoor.com\/de\/wp-json\/wp\/v2\/media\/26075"}],"wp:attachment":[{"href":"https:\/\/tmandoutdoor.com\/de\/wp-json\/wp\/v2\/media?parent=26113"}],"wp:term":[{"taxonomy":"product_brand","embeddable":true,"href":"https:\/\/tmandoutdoor.com\/de\/wp-json\/wp\/v2\/product_brand?post=26113"},{"taxonomy":"product_cat","embeddable":true,"href":"https:\/\/tmandoutdoor.com\/de\/wp-json\/wp\/v2\/product_cat?post=26113"},{"taxonomy":"product_tag","embeddable":true,"href":"https:\/\/tmandoutdoor.com\/de\/wp-json\/wp\/v2\/product_tag?post=26113"},{"taxonomy":"marque","embeddable":true,"href":"https:\/\/tmandoutdoor.com\/de\/wp-json\/wp\/v2\/marque?post=26113"}],"curies":[{"name":"wp","href":"https:\/\/api.w.org\/{rel}","templated":true}]}}