{"id":25900,"date":"2025-07-30T13:10:56","date_gmt":"2025-07-30T11:10:56","guid":{"rendered":"https:\/\/tmandoutdoor.com\/?post_type=product&#038;p=25900"},"modified":"2025-07-30T14:05:26","modified_gmt":"2025-07-30T12:05:26","slug":"marinejacke-khaki-copie","status":"publish","type":"product","link":"https:\/\/tmandoutdoor.com\/de\/produkt\/marinejacke-khaki-copie\/","title":{"rendered":"Marinejacke H\u00e9ritage (khaki)"},"content":{"rendered":"<ul style=\"list-style-type: square\">\n<li><span style=\"color: #000000\">Farbe: khaki<\/span><\/li>\n<li>Wasserabweisendes Baumwollgewebe<\/li>\n<li><span style=\"color: #000000\">YKK-Verschl\u00fcsse<\/span><\/li>\n<li><span style=\"color: #000000\">3 Au\u00dfentaschen Zip<\/span><\/li>\n<li><span style=\"color: #000000\">Abnehmbare, gef\u00fctterte Kapuze.<\/span><\/li>\n<li><span style=\"color: #000000\">K\u00f6rper und \u00c4rmel gef\u00fcttert<\/span><\/li>\n<li><span style=\"color: #000000\">Marine-Emblem H\u00e9ritage auf der linken Brust.<\/span><\/li>\n<\/ul>\n<p>Nicht vertragliche Fotos<\/p>\n","protected":false},"excerpt":{"rendered":"<p><strong>Hochwertige Reproduktion der legend\u00e4ren Quarter-Jacke der franz\u00f6sischen Marine.<\/strong><\/p>\n<p>Tauchen Sie ein in zeitlose Eleganz mit unserer Wachjacke, die entworfen wurde, um Stil, Komfort und Robustheit zu kombinieren.<\/p>\n<p>&nbsp;<\/p>\n<p dir=\"auto\" style=\"text-align: center\"><strong>Vorbestellung: Blouson de Quart H\u00e9ritage &#8211; Limitierte Serie von 100 St\u00fcck<\/strong><\/p>\n<p dir=\"auto\">F\u00fcr Sie oder Ihre Lieben sollten Sie keine Zeit verlieren, denn diese <strong>Ausgabe 2025<\/strong> ist auf nur <strong>100 St\u00fcck<\/strong> limitiert.<\/p>\n<p dir=\"auto\"><strong>Vorbestellungsangebot<\/strong>: Profitieren Sie jetzt von einem <strong>au\u00dfergew\u00f6hnlichen Rabatt von 25 \u20ac auf die \u00f6ffentliche Preisliste 2025 und einer bevorzugten Lieferung<\/strong>!<\/p>\n<p dir=\"auto\">Bestellen Sie vor dem Ende der Kampagne, um Ihre Jacke zu einem g\u00fcnstigen Preis zu sichern.<\/p>\n<p dir=\"auto\"><strong>Voraussichtliche Fertigstellung<\/strong>: <strong>Herbst 2025*<\/strong>.<\/p>\n<p dir=\"auto\">Jedes St\u00fcck wird sorgf\u00e4ltig gefertigt, um eine hohe Qualit\u00e4t zu gew\u00e4hrleisten.<\/p>\n<p dir=\"auto\"><strong>Verpassen Sie nicht die Chance, sich der Elite der 100 anzuschlie\u00dfen!<\/strong><\/p>\n<p dir=\"auto\">Bestellen Sie noch heute vor und seien Sie bereit f\u00fcr den Herbst mit Stil.<\/p>\n<h5 dir=\"auto\">Umtausch und R\u00fcckgabe sind m\u00f6glich, solange der Vorrat reicht.<\/h5>\n<h6 dir=\"auto\">*Wir werden das Lieferdatum nach Abschluss der Produktion im September angeben k\u00f6nnen.<\/h6>\n","protected":false},"featured_media":25782,"comment_status":"closed","ping_status":"closed","template":"","meta":[],"product_brand":[1296],"product_cat":[915,446,282,428,418,248],"product_tag":[1340,1329],"marque":[],"class_list":{"0":"post-25900","1":"product","2":"type-product","3":"status-publish","4":"has-post-thumbnail","6":"product_brand-first-division-marine","7":"product_cat-black-friday-de","8":"product_cat-hoch","9":"product_cat-mann","10":"product_cat-trends-de","11":"product_cat-was-ist-neu","12":"product_cat-werbeaktionen","13":"product_tag-first-division-marine-de","14":"product_tag-nationale-marine","15":"product_shipping_class-shipping-de","17":"first","18":"onbackorder","19":"sale","20":"taxable","21":"shipping-taxable","22":"purchasable","23":"product-type-variable"},"aioseo_notices":[],"_links":{"self":[{"href":"https:\/\/tmandoutdoor.com\/de\/wp-json\/wp\/v2\/product\/25900","targetHints":{"allow":["GET"]}}],"collection":[{"href":"https:\/\/tmandoutdoor.com\/de\/wp-json\/wp\/v2\/product"}],"about":[{"href":"https:\/\/tmandoutdoor.com\/de\/wp-json\/wp\/v2\/types\/product"}],"replies":[{"embeddable":true,"href":"https:\/\/tmandoutdoor.com\/de\/wp-json\/wp\/v2\/comments?post=25900"}],"wp:featuredmedia":[{"embeddable":true,"href":"https:\/\/tmandoutdoor.com\/de\/wp-json\/wp\/v2\/media\/25782"}],"wp:attachment":[{"href":"https:\/\/tmandoutdoor.com\/de\/wp-json\/wp\/v2\/media?parent=25900"}],"wp:term":[{"taxonomy":"product_brand","embeddable":true,"href":"https:\/\/tmandoutdoor.com\/de\/wp-json\/wp\/v2\/product_brand?post=25900"},{"taxonomy":"product_cat","embeddable":true,"href":"https:\/\/tmandoutdoor.com\/de\/wp-json\/wp\/v2\/product_cat?post=25900"},{"taxonomy":"product_tag","embeddable":true,"href":"https:\/\/tmandoutdoor.com\/de\/wp-json\/wp\/v2\/product_tag?post=25900"},{"taxonomy":"marque","embeddable":true,"href":"https:\/\/tmandoutdoor.com\/de\/wp-json\/wp\/v2\/marque?post=25900"}],"curies":[{"name":"wp","href":"https:\/\/api.w.org\/{rel}","templated":true}]}}