{"id":25458,"date":"2025-09-13T16:08:25","date_gmt":"2025-09-13T14:08:25","guid":{"rendered":"https:\/\/tmandoutdoor.com\/?post_type=product&#038;p=25458"},"modified":"2025-09-13T16:08:27","modified_gmt":"2025-09-13T14:08:27","slug":"shocker-gloss-pink-2-000-000-v-copie","status":"publish","type":"product","link":"https:\/\/tmandoutdoor.com\/de\/produkt\/shocker-gloss-pink-2-000-000-v-copie\/","title":{"rendered":"SHOCKER GLOSS BLACK 2.000.000 V"},"content":{"rendered":"<p>W\u00e4hrend das Abwehrspray eine h\u00e4ufig gew\u00e4hlte Option ist, bevorzugen manche Menschen Elektroschocker. Diese haben den Nachteil, dass sie einen direkten Kontakt mit dem Angreifer erfordern, aber bei diesem Kontakt ist die Bestrafung blitzartig und unwiderruflich. <\/p>\n<p>Das massive und kriegerische Aussehen dieser Ger\u00e4te hat jedoch schon einige potenzielle Nutzerinnen abgeschreckt, die der Meinung waren, dass die &#8220;schwere Artillerie&#8221; f\u00fcr ihre Probleme nicht geeignet sei.<br \/>\nDeshalb wurde dieses &#8220;Lippenstift&#8221;-Modell speziell f\u00fcr das weibliche Publikum entworfen. Ohne Abstriche bei der Leistung (2.000.000 Volt) zu machen, ist er in ein metallisiertes rosafarbenes Geh\u00e4use mit Strasssteinen gekleidet. Nat\u00fcrlich ist die \u00c4hnlichkeit mit einem echten Lippenstift sehr fraglich, aber er simuliert wunderbar ein kleines Aerosol wie ein Deodorant. Dank des harmlosen Aussehens k\u00f6nnen Sie ihn in der Handtasche oder im Handschuhfach lassen, ohne die Neugier Ihrer Mitmenschen zu wecken.   <\/p>\n<p>Ein weiterer Vorteil ist, dass dieses Zubeh\u00f6rteil auch eine starke LED-Taschenlampe ist, die bei Bedarf dunkle Ecken ausleuchtet, w\u00e4hrend sie gleichzeitig in der Lage ist, sofort zu reagieren.<br \/>\nEine geniale L\u00f6sung, die wirklich sehr gut durchdacht ist.<\/p>\n<p>Leistung: 2.000.000V<br \/>\nAbmessungen: 27 x 128 mm<br \/>\nGewicht: 120 g<br \/>\nEingebaute Lampe<\/p>\n<p>IN DER PACKUNG ENTHALTENE PRODUKTE:<br \/>\nEin 2.000.000 Volt Shocker-Lampe f\u00fcr Lippenstift<br \/>\nEin Netzladeger\u00e4t<\/p>\n<p>&nbsp;<\/p>\n","protected":false},"excerpt":{"rendered":"<p>Dieser Shocker wurde f\u00fcr Frauen entwickelt. Er ist klein und \u00e4sthetisch und genauso effektiv wie ein gr\u00f6\u00dferes Modell. <\/p>\n<p>Es ist allgemein bekannt, dass Frauen eine bevorzugte Beute f\u00fcr viele Sch\u00e4dlinge sind. Wenn sie sp\u00e4t nach Hause kommen oder sich in schlecht besuchten Gebieten bewegen m\u00fcssen, haben sie oft ein Sicherheitsbed\u00fcrfnis. <\/p>\n<p style=\"text-align: center\">Verteidigungswaffe <strong>der Kategorie D, Kauf und Besitz f\u00fcr Vollj\u00e4hrige frei.<\/strong><\/p>\n<p style=\"text-align: center\"><strong>Verkauf an Minderj\u00e4hrige verboten<\/strong><\/p>\n<p>&nbsp;<\/p>\n<p style=\"text-align: center\"><img decoding=\"async\" src=\"https:\/\/www.armurerie-lavaux.com\/images\/marque\/PRAGA_Technology.webp\" alt=\"Gummikugeln Stahlkern schwarz PRAGA f\u00fcr Pistolen oder Revolver cal.50 (12.7mm) \/50 - Verteidigungsmaterial auf armurerie-lavaux.com\"><\/p>\n","protected":false},"featured_media":25465,"comment_status":"closed","ping_status":"closed","template":"","meta":[],"product_brand":[1280],"product_cat":[1276,587,1267,418],"product_tag":[],"marque":[],"class_list":{"0":"post-25458","1":"product","2":"type-product","3":"status-publish","4":"has-post-thumbnail","6":"product_brand-praga-technology","7":"product_cat-elektrischer-shocker","8":"product_cat-fur-minderjahrige-verboten","9":"product_cat-sicherheit-verteidigung","10":"product_cat-was-ist-neu","12":"first","13":"instock","14":"taxable","15":"shipping-taxable","16":"purchasable","17":"product-type-simple"},"aioseo_notices":[],"_links":{"self":[{"href":"https:\/\/tmandoutdoor.com\/de\/wp-json\/wp\/v2\/product\/25458","targetHints":{"allow":["GET"]}}],"collection":[{"href":"https:\/\/tmandoutdoor.com\/de\/wp-json\/wp\/v2\/product"}],"about":[{"href":"https:\/\/tmandoutdoor.com\/de\/wp-json\/wp\/v2\/types\/product"}],"replies":[{"embeddable":true,"href":"https:\/\/tmandoutdoor.com\/de\/wp-json\/wp\/v2\/comments?post=25458"}],"wp:featuredmedia":[{"embeddable":true,"href":"https:\/\/tmandoutdoor.com\/de\/wp-json\/wp\/v2\/media\/25465"}],"wp:attachment":[{"href":"https:\/\/tmandoutdoor.com\/de\/wp-json\/wp\/v2\/media?parent=25458"}],"wp:term":[{"taxonomy":"product_brand","embeddable":true,"href":"https:\/\/tmandoutdoor.com\/de\/wp-json\/wp\/v2\/product_brand?post=25458"},{"taxonomy":"product_cat","embeddable":true,"href":"https:\/\/tmandoutdoor.com\/de\/wp-json\/wp\/v2\/product_cat?post=25458"},{"taxonomy":"product_tag","embeddable":true,"href":"https:\/\/tmandoutdoor.com\/de\/wp-json\/wp\/v2\/product_tag?post=25458"},{"taxonomy":"marque","embeddable":true,"href":"https:\/\/tmandoutdoor.com\/de\/wp-json\/wp\/v2\/marque?post=25458"}],"curies":[{"name":"wp","href":"https:\/\/api.w.org\/{rel}","templated":true}]}}