{"id":2537,"date":"2023-11-20T18:56:09","date_gmt":"2023-11-20T17:56:09","guid":{"rendered":"https:\/\/tmandoutdoor.com\/produit\/hohe-schuhe-aus-wissart-canvas-army\/"},"modified":"2025-07-29T09:35:07","modified_gmt":"2025-07-29T07:35:07","slug":"hohe-schuhe-aus-wissart-canvas-army","status":"publish","type":"product","link":"https:\/\/tmandoutdoor.com\/de\/produkt\/hohe-schuhe-aus-wissart-canvas-army\/","title":{"rendered":"Hohe Schuhe aus Wissart\u00ae Canvas (Army)"},"content":{"rendered":"<p style=\"margin: 0px 0px 1em;font-size: 13px;background-color: #ffffff;padding: 0px;border: 0px;line-height: 18px;font-family: Arial, Helvetica, sans-serif;vertical-align: baseline;min-height: 1px;color: #484848\"><span style=\"color: #000000\">100% nat\u00fcrlicher Schaft<\/span><\/p>\n<p style=\"margin: 0px 0px 1em;font-size: 13px;background-color: #ffffff;padding: 0px;border: 0px;line-height: 18px;font-family: Arial, Helvetica, sans-serif;vertical-align: baseline;min-height: 1px;color: #484848\"><span style=\"color: #000000\">Leinwand aus Baumwolle  <\/span><\/p>\n<p style=\"margin: 0px 0px 1em;font-size: 13px;background-color: #ffffff;padding: 0px;border: 0px;line-height: 18px;font-family: Arial, Helvetica, sans-serif;vertical-align: baseline;min-height: 1px;color: #484848\"><span style=\"color: #000000\">Herausnehmbare antibakterielle &#8220;Sanitized&#8221;-Komforteinlegesohle<\/span><\/p>\n<p style=\"margin: 0px 0px 1em;font-size: 13px;background-color: #ffffff;padding: 0px;border: 0px;line-height: 18px;font-family: Arial, Helvetica, sans-serif;vertical-align: baseline;min-height: 1px;color: #484848\"><span style=\"color: #000000\">Baumwollfutter<\/span><\/p>\n<p style=\"margin: 0px 0px 1em;font-size: 13px;background-color: #ffffff;padding: 0px;border: 0px;line-height: 18px;font-family: Arial, Helvetica, sans-serif;vertical-align: baseline;min-height: 1px;color: #484848\"><span style=\"color: #000000\">Strapazierf\u00e4hige Elastomersohle<\/span><\/p>\n<p style=\"margin: 0px 0px 1em;font-size: 13px;background-color: #ffffff;padding: 0px;border: 0px;line-height: 18px;font-family: Arial, Helvetica, sans-serif;vertical-align: baseline;min-height: 1px;color: #484848\"><span style=\"color: #000000\">Steinschlagschutz<\/span><\/p>\n","protected":false},"excerpt":{"rendered":"<p style=\"margin: 0px 0px 1em;font-size: 13px;background-color: #ffffff;padding: 0px;border: 0px;line-height: 18px;font-family: Arial, Helvetica, sans-serif;vertical-align: baseline;min-height: 1px;color: #484848\">Die <span style=\"font-weight: bolder;margin: 0px;padding: 0px;border: 0px;font-style: inherit;font-variant: inherit;line-height: inherit;font-family: inherit;vertical-align: baseline\">Wissart\u00ae<\/span> Buschschuhe sind wieder da, strapazierf\u00e4hig und gel\u00e4ndeg\u00e4ngig wie eh und je.<\/p>\n<p style=\"margin: 0px 0px 1em;font-size: 13px;background-color: #ffffff;padding: 0px;border: 0px;line-height: 18px;font-family: Arial, Helvetica, sans-serif;vertical-align: baseline;min-height: 1px;color: #484848\">Diese Leinenschuhe sind von den Buschschuhen der franz\u00f6sischen Armee vom Typ &#8220;Wissart&#8221;, &#8220;Pataugas&#8221; oder &#8220;Palladium&#8221; inspiriert.<\/p>\n<p style=\"margin: 0px 0px 1em;font-size: 13px;background-color: #ffffff;padding: 0px;border: 0px;line-height: 18px;font-family: Arial, Helvetica, sans-serif;vertical-align: baseline;min-height: 1px;color: #484848\">Perfekt f\u00fcr Ihre Spazierg\u00e4nge in der Sommersaison.<\/p>\n<p style=\"margin: 0px 0px 1em;font-size: 13px;background-color: #ffffff;padding: 0px;border: 0px;line-height: 18px;font-family: Arial, Helvetica, sans-serif;vertical-align: baseline;min-height: 1px;color: #484848\"><span style=\"font-weight: bolder;margin: 0px;padding: 0px;border: 0px;font-style: inherit;font-variant: inherit;line-height: inherit;font-family: inherit;vertical-align: baseline\">Franz\u00f6sisches Design<\/span><\/p>\n<p style=\"margin: 0px 0px 1em;font-size: 13px;background-color: #ffffff;padding: 0px;border: 0px;line-height: 18px;font-family: Arial, Helvetica, sans-serif;vertical-align: baseline;min-height: 1px;color: #484848\"><span style=\"font-weight: bolder;margin: 0px;padding: 0px;border: 0px;font-style: inherit;font-variant: inherit;line-height: inherit;font-family: inherit;vertical-align: baseline\">Europ\u00e4ische Herstellung<\/span><\/p>\n","protected":false},"featured_media":11680,"comment_status":"closed","ping_status":"closed","template":"","meta":[],"product_brand":[],"product_cat":[197],"product_tag":[],"marque":[],"class_list":{"0":"post-2537","1":"product","2":"type-product","3":"status-publish","4":"has-post-thumbnail","6":"product_cat-segeltuchschuhe-wissart","7":"product_shipping_class-shipping-de","9":"first","10":"instock","11":"taxable","12":"shipping-taxable","13":"purchasable","14":"product-type-variable"},"aioseo_notices":[],"_links":{"self":[{"href":"https:\/\/tmandoutdoor.com\/de\/wp-json\/wp\/v2\/product\/2537","targetHints":{"allow":["GET"]}}],"collection":[{"href":"https:\/\/tmandoutdoor.com\/de\/wp-json\/wp\/v2\/product"}],"about":[{"href":"https:\/\/tmandoutdoor.com\/de\/wp-json\/wp\/v2\/types\/product"}],"replies":[{"embeddable":true,"href":"https:\/\/tmandoutdoor.com\/de\/wp-json\/wp\/v2\/comments?post=2537"}],"wp:featuredmedia":[{"embeddable":true,"href":"https:\/\/tmandoutdoor.com\/de\/wp-json\/wp\/v2\/media\/11680"}],"wp:attachment":[{"href":"https:\/\/tmandoutdoor.com\/de\/wp-json\/wp\/v2\/media?parent=2537"}],"wp:term":[{"taxonomy":"product_brand","embeddable":true,"href":"https:\/\/tmandoutdoor.com\/de\/wp-json\/wp\/v2\/product_brand?post=2537"},{"taxonomy":"product_cat","embeddable":true,"href":"https:\/\/tmandoutdoor.com\/de\/wp-json\/wp\/v2\/product_cat?post=2537"},{"taxonomy":"product_tag","embeddable":true,"href":"https:\/\/tmandoutdoor.com\/de\/wp-json\/wp\/v2\/product_tag?post=2537"},{"taxonomy":"marque","embeddable":true,"href":"https:\/\/tmandoutdoor.com\/de\/wp-json\/wp\/v2\/marque?post=2537"}],"curies":[{"name":"wp","href":"https:\/\/api.w.org\/{rel}","templated":true}]}}