{"id":2534,"date":"2023-11-20T18:56:10","date_gmt":"2023-11-20T17:56:10","guid":{"rendered":"https:\/\/tmandoutdoor.com\/produit\/faltbare-bivouac-picknickschaufel-schwarz\/"},"modified":"2023-11-20T18:56:10","modified_gmt":"2023-11-20T17:56:10","slug":"faltbare-bivouac-picknickschaufel-schwarz","status":"publish","type":"product","link":"https:\/\/tmandoutdoor.com\/de\/produkt\/faltbare-bivouac-picknickschaufel-schwarz\/","title":{"rendered":"Faltbare Bivouac-Picknickschaufel (schwarz)"},"content":{"rendered":"<p style=\"margin:0px 0px 1em;padding:0px;border:0px;line-height:inherit;font-family:Arial, Helvetica, sans-serif;font-size:13px;vertical-align:baseline;min-height:1px;\"><span style=\"color:#000000;\">XL-Klemmring f\u00fcr mehr Griffigkeit.<\/span><\/p>\n<p style=\"margin:0px 0px 1em;padding:0px;border:0px;line-height:inherit;font-family:Arial, Helvetica, sans-serif;font-size:13px;vertical-align:baseline;min-height:1px;\"><span style=\"color:#000000;\">S\u00e4ge auf 2 Seiten der Schaufel<\/span><br \/><span style=\"color:#000000;\">Scharfe Klinge aus rostfreiem Karbonstahl 1050 (CK50) hohe Spannungsfestigkeit, kann als Schaufel oder Spie\u00df verwendet werden<\/span><br \/><span style=\"color:#000000;\">Kann bis zu 68 kg tragen, ohne dass sich die Schaufel verformt<\/span><br \/><span style=\"color:#000000;\">Die gesamte Klinge ist w\u00e4rmebehandelt, Steifigkeit 42\u00b0 -46\u00b0.<\/span><br \/><span style=\"color:#000000;\">Aluminiumstiel, zusammenklappbar<\/span><br \/><span style=\"color:#000000;\">Hitzebehandlung des Schafts, Steifigkeit 46\u00b0 -49\u00b0.<\/span><\/p>\n<p><span style=\"color:#000000;\">EVA-Aufbewahrungstasche mit G\u00fcrtelschlaufen (Ma\u00dfe: 24,5 cm x 16 cm x 6 cm)<\/span><\/p>\n<p><span style=\"color:#000000;\">Klinge 21.5 X 15 cm<\/span><br \/><span style=\"color:#000000;\">Ge\u00f6ffnet: 58 x 15 cm<\/span><br \/><span style=\"color:#000000;\">Geschlossen: 23 x 15 cm<\/span><br \/><span style=\"color:#000000;\">Dicke der Klinge: 2,5 mm<\/span><\/p>\n<p style=\"margin:0px 0px 1em;padding:0px;border:0px;line-height:inherit;font-family:Arial, Helvetica, sans-serif;font-size:13px;vertical-align:baseline;min-height:1px;\"><span style=\"color:#000000;\">Gewicht: 1,1 kg<\/span><\/p>\n","protected":false},"excerpt":{"rendered":"<p><span style=\"color:#000000;\">Diese zuverl\u00e4ssige und strapazierf\u00e4hige Schaufel ist perfekt f\u00fcr Camping, Biwak, Wandern oder Survival.<\/span><\/p>\n<p><span style=\"color:#000000;\">Ein Werkzeug in Milit\u00e4rqualit\u00e4t, das in Ihren Rucksack oder Kofferraum passt.<\/span><\/p>\n<p><span style=\"color:#000000;\">XL-Klemmring f\u00fcr mehr Griffigkeit.<\/span><\/p>\n<p><span style=\"color:#000000;\">Aluminiumstiel, zusammenklappbar  <\/span><\/p>\n<p><span style=\"color:#000000;\">Wird in einem robusten, langlebigen Etui geliefert<\/span><\/p>\n","protected":false},"featured_media":7119,"comment_status":"closed","ping_status":"closed","template":"","meta":[],"product_brand":[],"product_cat":[245],"product_tag":[],"marque":[],"class_list":{"0":"post-2534","1":"product","2":"type-product","3":"status-publish","4":"has-post-thumbnail","6":"product_cat-werkzeuge","7":"product_shipping_class-shipping-de","9":"first","10":"outofstock","11":"taxable","12":"shipping-taxable","13":"purchasable","14":"product-type-simple"},"aioseo_notices":[],"_links":{"self":[{"href":"https:\/\/tmandoutdoor.com\/de\/wp-json\/wp\/v2\/product\/2534","targetHints":{"allow":["GET"]}}],"collection":[{"href":"https:\/\/tmandoutdoor.com\/de\/wp-json\/wp\/v2\/product"}],"about":[{"href":"https:\/\/tmandoutdoor.com\/de\/wp-json\/wp\/v2\/types\/product"}],"replies":[{"embeddable":true,"href":"https:\/\/tmandoutdoor.com\/de\/wp-json\/wp\/v2\/comments?post=2534"}],"wp:featuredmedia":[{"embeddable":true,"href":"https:\/\/tmandoutdoor.com\/de\/wp-json\/wp\/v2\/media\/7119"}],"wp:attachment":[{"href":"https:\/\/tmandoutdoor.com\/de\/wp-json\/wp\/v2\/media?parent=2534"}],"wp:term":[{"taxonomy":"product_brand","embeddable":true,"href":"https:\/\/tmandoutdoor.com\/de\/wp-json\/wp\/v2\/product_brand?post=2534"},{"taxonomy":"product_cat","embeddable":true,"href":"https:\/\/tmandoutdoor.com\/de\/wp-json\/wp\/v2\/product_cat?post=2534"},{"taxonomy":"product_tag","embeddable":true,"href":"https:\/\/tmandoutdoor.com\/de\/wp-json\/wp\/v2\/product_tag?post=2534"},{"taxonomy":"marque","embeddable":true,"href":"https:\/\/tmandoutdoor.com\/de\/wp-json\/wp\/v2\/marque?post=2534"}],"curies":[{"name":"wp","href":"https:\/\/api.w.org\/{rel}","templated":true}]}}