{"id":24861,"date":"2025-05-06T17:27:20","date_gmt":"2025-05-06T15:27:20","guid":{"rendered":"https:\/\/tmandoutdoor.com\/produit\/first-division-tactical-nylonguertel-kojote\/"},"modified":"2025-05-06T17:27:20","modified_gmt":"2025-05-06T15:27:20","slug":"first-division-tactical-nylonguertel-kojote","status":"publish","type":"product","link":"https:\/\/tmandoutdoor.com\/de\/produkt\/first-division-tactical-nylonguertel-kojote\/","title":{"rendered":"First Division Tactical Nylong\u00fcrtel (Kojote)"},"content":{"rendered":"","protected":false},"excerpt":{"rendered":"<p>G\u00fcrtel mit Stahlschnalle mit Schnellverschluss<\/p>\n<p>Dieser verstellbare G\u00fcrtel aus 100 % Nylon ist mit einer Metallclipschnalle ausgestattet, die eine schnelle und einfache einh\u00e4ndige Bedienung erm\u00f6glicht.<\/p>\n<p>L\u00e4nge bis 135 cm Breite 3,8 cm<\/p>\n<p>&nbsp;<\/p>\n<p>Bitte beachten Sie! Dieser G\u00fcrtel ist ein reines Accessoire und darf nicht zum Klettern oder zur Rettung, als Tragehilfe oder als pers\u00f6nliche Schutzausr\u00fcstung verwendet werden. <\/p>\n","protected":false},"featured_media":22783,"comment_status":"closed","ping_status":"closed","template":"","meta":[],"product_brand":[],"product_cat":[418,280],"product_tag":[],"marque":[389],"class_list":{"0":"post-24861","1":"product","2":"type-product","3":"status-publish","4":"has-post-thumbnail","6":"product_cat-was-ist-neu","7":"product_cat-zubehoer","8":"marque-first-division","10":"first","11":"instock","12":"taxable","13":"shipping-taxable","14":"purchasable","15":"product-type-simple"},"aioseo_notices":[],"_links":{"self":[{"href":"https:\/\/tmandoutdoor.com\/de\/wp-json\/wp\/v2\/product\/24861","targetHints":{"allow":["GET"]}}],"collection":[{"href":"https:\/\/tmandoutdoor.com\/de\/wp-json\/wp\/v2\/product"}],"about":[{"href":"https:\/\/tmandoutdoor.com\/de\/wp-json\/wp\/v2\/types\/product"}],"replies":[{"embeddable":true,"href":"https:\/\/tmandoutdoor.com\/de\/wp-json\/wp\/v2\/comments?post=24861"}],"wp:featuredmedia":[{"embeddable":true,"href":"https:\/\/tmandoutdoor.com\/de\/wp-json\/wp\/v2\/media\/22783"}],"wp:attachment":[{"href":"https:\/\/tmandoutdoor.com\/de\/wp-json\/wp\/v2\/media?parent=24861"}],"wp:term":[{"taxonomy":"product_brand","embeddable":true,"href":"https:\/\/tmandoutdoor.com\/de\/wp-json\/wp\/v2\/product_brand?post=24861"},{"taxonomy":"product_cat","embeddable":true,"href":"https:\/\/tmandoutdoor.com\/de\/wp-json\/wp\/v2\/product_cat?post=24861"},{"taxonomy":"product_tag","embeddable":true,"href":"https:\/\/tmandoutdoor.com\/de\/wp-json\/wp\/v2\/product_tag?post=24861"},{"taxonomy":"marque","embeddable":true,"href":"https:\/\/tmandoutdoor.com\/de\/wp-json\/wp\/v2\/marque?post=24861"}],"curies":[{"name":"wp","href":"https:\/\/api.w.org\/{rel}","templated":true}]}}