{"id":24848,"date":"2025-06-07T17:45:58","date_gmt":"2025-06-07T15:45:58","guid":{"rendered":"https:\/\/tmandoutdoor.com\/produit\/weste-first-division-tactical-v2-us-camo\/"},"modified":"2025-06-07T17:45:58","modified_gmt":"2025-06-07T15:45:58","slug":"weste-first-division-tactical-v2-us-camo","status":"publish","type":"product","link":"https:\/\/tmandoutdoor.com\/de\/produkt\/weste-first-division-tactical-v2-us-camo\/","title":{"rendered":"Weste First Division Tactical V2 (US camo)"},"content":{"rendered":"","protected":false},"excerpt":{"rendered":"<p>Diese taktische Plakettenweste bietet Schnellverschlussfunktionalit\u00e4t, Atmungsaktivit\u00e4t und Anpassungsf\u00e4higkeit.<\/p>\n<p>Diese Weste ist ausgestattet mit<\/p>\n<ul>\n<li>3 Magazinhalterungen auf der Vorderseite<\/li>\n<li>MOLLE-Oberfl\u00e4chen auf der Vorderseite, den Seiten und der R\u00fcckseite f\u00fcr zus\u00e4tzliche Ausr\u00fcstung oder Zubeh\u00f6r.<\/li>\n<li>2 Klettverschlussfl\u00e4chen an Brust und R\u00fccken.<\/li>\n<li>Schnellverschluss an Schultern und Taille.<\/li>\n<li>1 Griff zum schnellen Herausziehen<\/li>\n<li>Gewicht: ca. 1,6 kg<\/li>\n<li>Platten nicht inbegriffen<\/li>\n<\/ul>\n<p>Diese Weste ist an den Schultern und in der Taille mit Klettverschluss verstellbar (75 bis 125 cm).<\/p>\n<p>Zusammensetzung: <strong>100% Nylon 1000D<\/strong><\/p>\n","protected":false},"featured_media":22982,"comment_status":"closed","ping_status":"closed","template":"","meta":[],"product_brand":[1185],"product_cat":[1204,418],"product_tag":[],"marque":[1186],"class_list":{"0":"post-24848","1":"product","2":"type-product","3":"status-publish","4":"has-post-thumbnail","6":"product_brand-first-division-tactical","7":"product_cat-taktische-ausrustung","8":"product_cat-was-ist-neu","9":"marque-first-division-tactical","11":"first","12":"instock","13":"taxable","14":"shipping-taxable","15":"purchasable","16":"product-type-simple"},"aioseo_notices":[],"_links":{"self":[{"href":"https:\/\/tmandoutdoor.com\/de\/wp-json\/wp\/v2\/product\/24848","targetHints":{"allow":["GET"]}}],"collection":[{"href":"https:\/\/tmandoutdoor.com\/de\/wp-json\/wp\/v2\/product"}],"about":[{"href":"https:\/\/tmandoutdoor.com\/de\/wp-json\/wp\/v2\/types\/product"}],"replies":[{"embeddable":true,"href":"https:\/\/tmandoutdoor.com\/de\/wp-json\/wp\/v2\/comments?post=24848"}],"wp:featuredmedia":[{"embeddable":true,"href":"https:\/\/tmandoutdoor.com\/de\/wp-json\/wp\/v2\/media\/22982"}],"wp:attachment":[{"href":"https:\/\/tmandoutdoor.com\/de\/wp-json\/wp\/v2\/media?parent=24848"}],"wp:term":[{"taxonomy":"product_brand","embeddable":true,"href":"https:\/\/tmandoutdoor.com\/de\/wp-json\/wp\/v2\/product_brand?post=24848"},{"taxonomy":"product_cat","embeddable":true,"href":"https:\/\/tmandoutdoor.com\/de\/wp-json\/wp\/v2\/product_cat?post=24848"},{"taxonomy":"product_tag","embeddable":true,"href":"https:\/\/tmandoutdoor.com\/de\/wp-json\/wp\/v2\/product_tag?post=24848"},{"taxonomy":"marque","embeddable":true,"href":"https:\/\/tmandoutdoor.com\/de\/wp-json\/wp\/v2\/marque?post=24848"}],"curies":[{"name":"wp","href":"https:\/\/api.w.org\/{rel}","templated":true}]}}