{"id":24476,"date":"2023-11-20T18:56:04","date_gmt":"2023-11-20T17:56:04","guid":{"rendered":"https:\/\/tmandoutdoor.com\/produit\/jersey-de-botones-marinero-100-lana\/"},"modified":"2023-11-20T18:56:04","modified_gmt":"2023-11-20T17:56:04","slug":"jersey-de-botones-marinero-100-lana","status":"publish","type":"product","link":"https:\/\/tmandoutdoor.com\/de\/produkt\/jersey-de-botones-marinero-100-lana\/","title":{"rendered":"Jersey de botones marinero (100% Lana)"},"content":{"rendered":"<h3><\/h3>\n<ul style=\"list-style-type: square;\">\n<li><span style=\"color: #000000;\">Cuello redondo<\/span><\/li>\n<li><span style=\"color: #000000;\">Material: 100% Lana<\/span><\/li>\n<li><span style=\"color: #000000;\">Farbe: azul marino<\/span><\/li>\n<li><span style=\"color: #000000;\">Maschinenwaschbar im Wollprogramm<\/span><\/li>\n<li><span style=\"color: #000000;\">Resistent gegen Seewasser<\/span><\/li>\n<\/ul>\n<h3><\/h3>\n<p style=\"margin: 0px 0px 1em; padding: 0px; border: 0px; line-height: inherit; font-family: Arial, Helvetica, sans-serif; font-size: 13px; vertical-align: baseline; min-height: 1px;\"><span style=\"margin: 0px; padding: 0px; border: 0px; font-style: inherit; font-variant: inherit; font-weight: inherit; line-height: inherit; font-family: inherit; vertical-align: baseline; color: #000000;\">*Das <strong style=\"margin: 0px; padding: 0px; border: 0px; font-style: inherit; font-variant: inherit; line-height: inherit; font-family: inherit; vertical-align: baseline;\"> Oeko-Tex\u00ae Zertifikat<\/strong> garantiert, dass unsere Produkte keine gesundheitssch\u00e4dlichen Stoffe enthalten. Der Oeko-Tex\u00ae Standard 100 ist ein internationales Zertifizierungssystem und das erste Etikett, das die gesundheitliche Unbedenklichkeit von Textilprodukten garantiert. Die Oeko-Tex\u00ae Zertifizierung zeigt an, dass die Produkte gepr\u00fcft wurden und keine chemischen Substanzen oder Produkte enthalten, die f\u00fcr die Gesundheit sch\u00e4dlich sind.  <\/span><\/p>\n<h3><\/h3>\n<h2><span style=\"color: #000000;\">\u00bfWof\u00fcr sollten Sie einen hochwertigen Lana-Jersey w\u00e4hlen?  <\/span><\/h2>\n<ul style=\"color: #666666; font-family: Roboto, sans-serif, google; font-size: 15px; background-color: #f7f7f7;\">\n<li><span style=\"color: #000000;\"><span style=\"font-weight: 600;\">Z\u00e4hfl\u00fcssig<\/span>: Lana h\u00e4lt die K\u00f6rperw\u00e4rme zur\u00fcck, da es ein gro\u00dfer W\u00e4rmespender ist, auch wenn es feucht ist.<\/span><\/li>\n<li><span style=\"color: #000000;\">N\u00fctzlich <span style=\"font-weight: 600;\">das ganze Jahr \u00fcber<\/span>, sowohl wenn es k\u00fchl ist als auch wenn es sehr k\u00fchl ist, und theoretisch auch im Winter, weil die Lana auch W\u00e4rme abgibt. Es ist temperaturregulierend. <\/span><\/li>\n<li><span style=\"color: #000000;\"><span style=\"font-weight: 600;\">Gewicht<\/span>: Lana hat ein ausgezeichnetes Verh\u00e4ltnis von Gewicht und Wert.<\/span><\/li>\n<li><span style=\"color: #000000;\"><span style=\"font-weight: 600;\">Maschinenwaschbar im Wollprogramm.<\/span>  Der Zucker wird leicht entfernt.  <\/span><\/li>\n<li><span style=\"color: #000000;\">Es ist atmungsaktiv <span style=\"font-weight: 600;\">und absorbiert Feuchtigkeit<\/span>, h\u00e4lt Sie trocken. Die Entwicklung von Karkassen ist begrenzt. <\/span><\/li>\n<li><span style=\"color: #000000;\"><span style=\"font-weight: 600;\">No huele a transpiraci\u00f3n<\/span>: lana ist von Natur aus antibakteriell.<\/span><\/li>\n<li><span style=\"color: #000000;\"><span style=\"font-weight: 600;\">Sehr geringe Entflammbarkeit<\/span>: es ist nicht notwendig, chemische Produkte zu verwenden, um es feuerfest zu machen.<\/span><\/li>\n<li><span style=\"color: #000000;\"><span style=\"font-weight: 600;\">Umweltfreundlich<\/span>: Lana ist nat\u00fcrlich, biologisch abbaubar und erneuerbar.<\/span><\/li>\n<\/ul>\n","protected":false},"excerpt":{"rendered":"<p><span style=\"color: #000000;\">Ein eleganter, marineblauer Jersey aus reiner Leinenqualit\u00e4t, den Sie sowohl bei Ihren Ausfl\u00fcgen zum Strand als auch am Tag tragen k\u00f6nnen.<\/span><\/p>\n<p><span style=\"color: #000000;\">Resistent gegen Seewasser.<\/span><\/p>\n<h3><span style=\"color: #000000;\"><strong style=\"margin: 0px; padding: 0px; border: 0px; line-height: inherit; font-family: Arial, Helvetica, sans-serif; font-size: 13px; vertical-align: baseline; color: #484848;\">Oeko-Tex\u00ae 100-Zertifizierung<\/strong><\/span><\/h3>\n<p><span style=\"color: #000000;\"><strong>Fabricado en B\u00e9lgica<\/strong><\/span><\/p>\n","protected":false},"featured_media":0,"comment_status":"closed","ping_status":"closed","template":"","meta":[],"product_brand":[],"product_cat":[242],"product_tag":[],"marque":[],"class_list":{"0":"post-24476","1":"product","2":"type-product","3":"status-publish","5":"product_cat-nicht-klassifiziert","6":"product_shipping_class-shipping-de","8":"first","9":"instock","10":"taxable","11":"shipping-taxable","12":"purchasable","13":"product-type-variable"},"aioseo_notices":[],"_links":{"self":[{"href":"https:\/\/tmandoutdoor.com\/de\/wp-json\/wp\/v2\/product\/24476","targetHints":{"allow":["GET"]}}],"collection":[{"href":"https:\/\/tmandoutdoor.com\/de\/wp-json\/wp\/v2\/product"}],"about":[{"href":"https:\/\/tmandoutdoor.com\/de\/wp-json\/wp\/v2\/types\/product"}],"replies":[{"embeddable":true,"href":"https:\/\/tmandoutdoor.com\/de\/wp-json\/wp\/v2\/comments?post=24476"}],"wp:attachment":[{"href":"https:\/\/tmandoutdoor.com\/de\/wp-json\/wp\/v2\/media?parent=24476"}],"wp:term":[{"taxonomy":"product_brand","embeddable":true,"href":"https:\/\/tmandoutdoor.com\/de\/wp-json\/wp\/v2\/product_brand?post=24476"},{"taxonomy":"product_cat","embeddable":true,"href":"https:\/\/tmandoutdoor.com\/de\/wp-json\/wp\/v2\/product_cat?post=24476"},{"taxonomy":"product_tag","embeddable":true,"href":"https:\/\/tmandoutdoor.com\/de\/wp-json\/wp\/v2\/product_tag?post=24476"},{"taxonomy":"marque","embeddable":true,"href":"https:\/\/tmandoutdoor.com\/de\/wp-json\/wp\/v2\/marque?post=24476"}],"curies":[{"name":"wp","href":"https:\/\/api.w.org\/{rel}","templated":true}]}}