{"id":24376,"date":"2024-12-12T17:16:25","date_gmt":"2024-12-12T16:16:25","guid":{"rendered":"https:\/\/tmandoutdoor.com\/produit\/t3-gp-tactical-combat-jacket-270-gr-m2\/"},"modified":"2026-01-21T18:18:24","modified_gmt":"2026-01-21T17:18:24","slug":"t3-gp-tactical-combat-jacket-270-gr-m2","status":"publish","type":"product","link":"https:\/\/tmandoutdoor.com\/de\/produkt\/t3-gp-tactical-combat-jacket-270-gr-m2\/","title":{"rendered":"Kampfjacke F3 Franz\u00f6sische Armee Ripstop 270 g\/m\u00b2 &#8211; taktischer Schutz"},"content":{"rendered":"<h2 id=\"veste-militaire-f3-la-nouvelle-tenue-de-combat-homologuee-par-l-armee-francaise\">F3 Milit\u00e4rjacke: der neue Kampfanzug, der von der franz\u00f6sischen Armee zugelassen wurde<\/h2>\n<p>Diese taktische <strong>Jacke<\/strong> ist der <strong>neue Kampfanzug<\/strong>, der <strong>von der franz\u00f6sischen Armee<\/strong> bei den Operationen Barkhane und Felin eingef\u00fchrt und <strong>getragen<\/strong> wurde. Sie wurde als echte <strong>technische Jacke<\/strong> entworfen und erf\u00fcllt die strengsten Anforderungen an die Ausstattung<strong>franz\u00f6sischer Milit\u00e4rausr\u00fcstung<\/strong>. <\/p>\n<h2 id=\"confort-et-ergonomie-penses-pour-le-terrain\">Komfort und Ergonomie f\u00fcr den Einsatz im Feld<\/h2>\n<p>Dank der eng anliegenden Passform und einem Gewicht von ca. 1 kg bietet die Jacke auch im Hochsommer einen optimalen Tragekomfort. Der mit Klettverschluss verstellbare Stehkragen mit zwei Positionen optimiert die Bel\u00fcftung oder den Schutz je nach Wetterlage. Die ges\u00e4umten \u00c4rmel, die mit Klettverschluss verstellt werden k\u00f6nnen, sorgen f\u00fcr einen perfekten Sitz bis zu den Armen.  <\/p>\n<h3 id=\"capacite-de-rangement-chaque-poche-compte\">Stauraum: Jede Tasche z\u00e4hlt<\/h3>\n<ol>\n<li>2 Brusttaschen mit Rei\u00dfverschluss f\u00fcr den schnellen Zugriff auf die wichtigsten Materialien.<\/li>\n<li>2 Balgtaschen und 2 flache \u00c4rmeltaschen: insgesamt 4 Taschen zum Ausgleich der Belastung.<\/li>\n<li>Klettverschluss-Badgehalter zur Identifizierung w\u00e4hrend der Mission.<\/li>\n<\/ol>\n<p>Jede Tasche ist innen verst\u00e4rkt und mit starken N\u00e4hten versehen, die eine lange Lebensdauer und Zuverl\u00e4ssigkeit auch bei starker Beanspruchung gew\u00e4hrleisten.<\/p>\n<h2 id=\"tissu-ripstop-270-g-m-resistance-et-camouflage-certifies\">270 g\/m\u00b2 Ripstop-Gewebe: zertifizierte Widerstandsf\u00e4higkeit und Tarnf\u00e4higkeit<\/h2>\n<p>Das Baumwoll-Polyester-Ripstop-Gewebe verhindert Risse und ist pflegeleicht. Das CE-Camo-Gewebe sorgt f\u00fcr eine effektive Tarnung auf verschiedenen Einsatzgebieten, von der Stadt bis zum Waldgebiet im Sommer. <\/p>\n<h3 id=\"compatibilite-totale-avec-le-pantalon-treillis-f3\">Vollst\u00e4ndige Kompatibilit\u00e4t mit der F3 Gitterhose<\/h3>\n<p>F\u00fcr einen einheitlichen F3-Anzug kann die Jacke perfekt mit der F3-Gitterhose kombiniert werden. Die Kombination aus Jacke und Hose bildet ein zusammenh\u00e4ngendes Gitter, das bereit ist, MOLLE-Zubeh\u00f6r oder zus\u00e4tzliche Ausr\u00fcstung aufzunehmen. <\/p>\n<h2 id=\"caracteristiques-techniques-detaillees\">Detaillierte technische Daten<\/h2>\n<ol>\n<li>Sehr strapazierf\u00e4higes Gewebe aus 65% Baumwolle und 35% Polyester &#8211; 270 g\/m\u00b2.<\/li>\n<li>Integrierte Ripstop-Bindung zur Verl\u00e4ngerung der Lebensdauer.<\/li>\n<li>Front-Rei\u00dfverschluss mit doppeltem Rei\u00dfverschluss und Zugangsschutzklappe.<\/li>\n<li>Ellbogenverst\u00e4rkung f\u00fcr mehr Robustheit im Kampfanzug.<\/li>\n<li>Stehkragen mit Klettverschluss verstellbar und Halteriemen.<\/li>\n<li>Direkte Kompatibilit\u00e4t mit der milit\u00e4rischen Gitterhose F3.<\/li>\n<li>Die Gr\u00f6\u00dfen XS bis XXL passen sich jeder K\u00f6rperform an.<\/li>\n<li>Entspricht dem F3-Kampfanzug der Armee.<\/li>\n<li>Inspiriert vom legend\u00e4ren F2-Gitter, aber neu gestaltet f\u00fcr die Anforderungen von heute.<\/li>\n<\/ol>\n<h2 id=\"pourquoi-choisir-cette-veste\">Warum sollten Sie diese Jacke w\u00e4hlen?<\/h2>\n<p>Egal, ob Sie Sicherheitspersonal, Airsoft-Spieler oder Sommer-Outdoor-Aktivist sind, diese Milit\u00e4rjacke ist wie geschaffen f\u00fcr den Einsatz: Sie kombiniert Schutz, Bewegungsfreiheit und einen authentischen Armee-Look. Schlie\u00dfen Sie sich den Reihen der anspruchsvollen Benutzer an und r\u00fcsten Sie sich mit einem St\u00fcck aus, das bereits von der F3 der franz\u00f6sischen Armee in der Praxis getestet wurde. <\/p>\n<p><\/p>\n","protected":false},"excerpt":{"rendered":"<p>Die F3 Kampfjacke der franz\u00f6sischen Armee kombiniert 270 g\/m\u00b2 Ripstop-Gewebe, eine eng anliegende Passform und mehrere Taschen mit Rei\u00dfverschluss zu einem einsatzbereiten Kampfanzug, der von der franz\u00f6sischen Armee getragen wird und mit der F3 Gitterhose kompatibel ist.<\/p>\n","protected":false},"featured_media":18367,"comment_status":"closed","ping_status":"closed","template":"","meta":[],"product_brand":[],"product_cat":[446,418],"product_tag":[],"marque":[924],"class_list":{"0":"post-24376","1":"product","2":"type-product","3":"status-publish","4":"has-post-thumbnail","6":"product_cat-hoch","7":"product_cat-was-ist-neu","8":"marque-gp-tactique","10":"first","11":"instock","12":"taxable","13":"shipping-taxable","14":"purchasable","15":"product-type-variable"},"aioseo_notices":[],"_links":{"self":[{"href":"https:\/\/tmandoutdoor.com\/de\/wp-json\/wp\/v2\/product\/24376","targetHints":{"allow":["GET"]}}],"collection":[{"href":"https:\/\/tmandoutdoor.com\/de\/wp-json\/wp\/v2\/product"}],"about":[{"href":"https:\/\/tmandoutdoor.com\/de\/wp-json\/wp\/v2\/types\/product"}],"replies":[{"embeddable":true,"href":"https:\/\/tmandoutdoor.com\/de\/wp-json\/wp\/v2\/comments?post=24376"}],"wp:featuredmedia":[{"embeddable":true,"href":"https:\/\/tmandoutdoor.com\/de\/wp-json\/wp\/v2\/media\/18367"}],"wp:attachment":[{"href":"https:\/\/tmandoutdoor.com\/de\/wp-json\/wp\/v2\/media?parent=24376"}],"wp:term":[{"taxonomy":"product_brand","embeddable":true,"href":"https:\/\/tmandoutdoor.com\/de\/wp-json\/wp\/v2\/product_brand?post=24376"},{"taxonomy":"product_cat","embeddable":true,"href":"https:\/\/tmandoutdoor.com\/de\/wp-json\/wp\/v2\/product_cat?post=24376"},{"taxonomy":"product_tag","embeddable":true,"href":"https:\/\/tmandoutdoor.com\/de\/wp-json\/wp\/v2\/product_tag?post=24376"},{"taxonomy":"marque","embeddable":true,"href":"https:\/\/tmandoutdoor.com\/de\/wp-json\/wp\/v2\/marque?post=24376"}],"curies":[{"name":"wp","href":"https:\/\/api.w.org\/{rel}","templated":true}]}}