{"id":17711,"date":"2024-10-19T16:43:20","date_gmt":"2024-10-19T14:43:20","guid":{"rendered":"https:\/\/tmandoutdoor.com\/produit\/kartenhalter-mit-tasche-expedition-olivgruen\/"},"modified":"2024-10-19T16:43:20","modified_gmt":"2024-10-19T14:43:20","slug":"kartenhalter-mit-tasche-expedition-olivgruen","status":"publish","type":"product","link":"https:\/\/tmandoutdoor.com\/de\/produkt\/kartenhalter-mit-tasche-expedition-olivgruen\/","title":{"rendered":"Kartenhalter mit Tasche EXPEDITION Olivgr\u00fcn"},"content":{"rendered":"<p>FUNKTIONEN:<br \/>\n&#8211; 600D HRF Oxford Polyestergewebe mit hoher Zug- und Abriebfestigkeit<br \/>\n&#8211; wasserabweisende DWR-TECH Behandlung<br \/>\n&#8211; \u00d6ffnen\/Schlie\u00dfen der Taschen mit YKK\u00ae Rei\u00dfverschluss<br \/>\n&#8211; Rei\u00dfverschluss-Schnellzugriffssystem<br \/>\n&#8211; 1 transparentes Mittelfach f\u00fcr Karten<br \/>\n&#8211; 1 Rei\u00dfverschlussfach f\u00fcr Zubeh\u00f6r ZUSAMMENSETZUNG:<br \/>\n&#8211; PVC<br \/>\n&#8211; Polyester FARBE: Olivgr\u00fcn ABMESSUNGEN:<br \/>\n&#8211; flach: L. 53 x H. 63 cm<br \/>\n&#8211; gefaltet: L. 28 x H. 18 cm GEWICHT: 275 g Lieferung ohne Zubeh\u00f6r PFLEGEHINWEISE: Kartenhalter abb\u00fcrsten und mit einem Tuch und Seife reinigen; fern von W\u00e4rmequellen trocknen; nicht in der Maschine waschen.<\/p>\n","protected":false},"excerpt":{"rendered":"<p>Der Kartenhalter mit Tasche EXPEDITION hat zwei Taschen mit YKK\u00ae-Rei\u00dfverschluss. Die erste Tasche mit zwei gro\u00dfen, beidseitig transparenten Seiten bietet eine perfekte Lesbarkeit und die PVC-Oberfl\u00e4che sch\u00fctzt Ihre Karten vor Witterungseinfl\u00fcssen, Verschmutzung etc. Die zweite Seite besteht aus 600D HRF Polyester und bietet Platz f\u00fcr Stifte, Orientierungshilfen etc.  <\/p>\n<p><a title=\"A10-dwr-tech\"><img decoding=\"async\" src=\"https:\/\/media.a10-equipment.com\/media\/\/sync\/picto\/x74\/A10-dwr-tech.jpg\" alt=\"A10-dwr-tech\"><\/a><a title=\"A10-hrf-600d\"><img decoding=\"async\" src=\"https:\/\/media.a10-equipment.com\/media\/\/sync\/picto\/x74\/A10-hrf-600d.jpg\" alt=\"A10-hrf-600d\"><\/a><a title=\"Ykk\"><img decoding=\"async\" src=\"https:\/\/media.a10-equipment.com\/media\/\/sync\/picto\/x74\/Ykk.jpg\" alt=\"Ykk\"><\/a><\/p>\n","protected":false},"featured_media":16128,"comment_status":"closed","ping_status":"closed","template":"","meta":[],"product_brand":[],"product_cat":[447],"product_tag":[],"marque":[],"class_list":{"0":"post-17711","1":"product","2":"type-product","3":"status-publish","4":"has-post-thumbnail","6":"product_cat-zubehor-draussen","8":"first","9":"instock","10":"downloadable","11":"taxable","12":"shipping-taxable","13":"purchasable","14":"product-type-simple"},"aioseo_notices":[],"_links":{"self":[{"href":"https:\/\/tmandoutdoor.com\/de\/wp-json\/wp\/v2\/product\/17711","targetHints":{"allow":["GET"]}}],"collection":[{"href":"https:\/\/tmandoutdoor.com\/de\/wp-json\/wp\/v2\/product"}],"about":[{"href":"https:\/\/tmandoutdoor.com\/de\/wp-json\/wp\/v2\/types\/product"}],"replies":[{"embeddable":true,"href":"https:\/\/tmandoutdoor.com\/de\/wp-json\/wp\/v2\/comments?post=17711"}],"wp:featuredmedia":[{"embeddable":true,"href":"https:\/\/tmandoutdoor.com\/de\/wp-json\/wp\/v2\/media\/16128"}],"wp:attachment":[{"href":"https:\/\/tmandoutdoor.com\/de\/wp-json\/wp\/v2\/media?parent=17711"}],"wp:term":[{"taxonomy":"product_brand","embeddable":true,"href":"https:\/\/tmandoutdoor.com\/de\/wp-json\/wp\/v2\/product_brand?post=17711"},{"taxonomy":"product_cat","embeddable":true,"href":"https:\/\/tmandoutdoor.com\/de\/wp-json\/wp\/v2\/product_cat?post=17711"},{"taxonomy":"product_tag","embeddable":true,"href":"https:\/\/tmandoutdoor.com\/de\/wp-json\/wp\/v2\/product_tag?post=17711"},{"taxonomy":"marque","embeddable":true,"href":"https:\/\/tmandoutdoor.com\/de\/wp-json\/wp\/v2\/marque?post=17711"}],"curies":[{"name":"wp","href":"https:\/\/api.w.org\/{rel}","templated":true}]}}