{"id":17568,"date":"2024-10-19T15:36:58","date_gmt":"2024-10-19T13:36:58","guid":{"rendered":"https:\/\/tmandoutdoor.com\/produit\/feldplane-expedition-camo-fr-ce\/"},"modified":"2026-01-23T16:27:20","modified_gmt":"2026-01-23T15:27:20","slug":"feldplane-expedition-camo-fr-ce","status":"publish","type":"product","link":"https:\/\/tmandoutdoor.com\/de\/produkt\/feldplane-expedition-camo-fr-ce\/","title":{"rendered":"EXPEDITION camo FR\/CE Feldplane: Leichter, wasserdichter Ripstop-Schutz f\u00fcr Eins\u00e4tze"},"content":{"rendered":"<h2 id=\"pourquoi-choisir-notre-bache-terrain-expedition\">Warum sollten Sie sich f\u00fcr unsere EXPEDITION Feldplane entscheiden?<\/h2>\n<p>Wir haben diese <strong>Feldplane<\/strong> entwickelt, um einen zuverl\u00e4ssigen <strong>Wetterschutz<\/strong> zu bieten, w\u00e4hrend sie gleichzeitig leicht und einfach zu transportieren ist. Ihr vielseitiges Design erf\u00fcllt die Anforderungen von Trekking, Missionen und Biwaks, bei denen jedes Gramm z\u00e4hlt. <\/p>\n<h3 id=\"conception-ripstop-et-robustesse-terrain-expedition\">Ripstop-Design und robustes Expeditionsgel\u00e4nde<\/h3>\n<p>Die Plane besteht aus 2.5 LIGHT-SHELL 1 LAYER <strong>Ripstop-Gewebe<\/strong> und ist an den Befestigungspunkten verst\u00e4rkt, um starken Winden zu widerstehen. Die 8 Metall\u00f6sen und das <strong>zentrale Aufh\u00e4ngesystem<\/strong> machen es einfach, <u>die Plane in jedem Gel\u00e4nde zu befestigen<\/u>. <\/p>\n<h3 id=\"impermeabilite-et-durabilite\">Wasserdichtigkeit und Haltbarkeit<\/h3>\n<p>Die Beschichtung water-protect 4000 mm bildet eine wasserdichte Barriere; die N\u00e4hte sind vollst\u00e4ndig <strong>wasserdicht<\/strong>. Diese water-protect 4000 garantiert eine dauerhafte Wasserdichtigkeit, selbst bei starkem Regen. <\/p>\n<h3 id=\"tailles-poids-et-portabilite\">Gr\u00f6\u00dfe, Gewicht und Tragbarkeit<\/h3>\n<p><strong>ABMESSUNGEN (flach) :<\/strong><\/p>\n<p><strong>&#8211; Plane: 2 x 2 m<\/strong><\/p>\n<p>&#8211; Bezug: B. 22 x H. 25 cm<\/p>\n<p>&#8211; Gewicht: 380 g<\/p>\n<p>&nbsp;<\/p>\n<p><strong>&#8211; Plane: 2 x 3 m<\/strong><\/p>\n<p>&#8211; Bezug: B. 24 x H. 26 cm<\/p>\n<p>-Gewicht: 550 g<\/p>\n<p><strong>&#8211; Plane: 3 x 3 m<\/strong><\/p>\n<p>&#8211; Bezug: B. 26 x H. 28 cm<\/p>\n<p>&#8211; Gewicht: 760 g<\/p>\n<p><strong>&#8211; Plane: 3 x 4 m<\/strong><\/p>\n<p>&#8211; Bezug: B. 26 x H. 28 cm<\/p>\n<p>&#8211; Gewicht: 970 g<\/p>\n<p>Das Ganze ist sehr leicht, passt in jede Tasche und schafft Platz f\u00fcr Ihre <strong>Dienstreisetasche<\/strong>.<\/p>\n<h3 id=\"systeme-d-accroche-complet\">Komplettes Aufh\u00e4ngesystem<\/h3>\n<p>Mehrere Verankerungspunkte, \u00d6sen und Gurte (separat erh\u00e4ltlich) sorgen f\u00fcr eine schnelle und sichere Befestigung. Unabh\u00e4ngig von der Konfiguration bleibt Ihre Feldplane stabil. <\/p>\n<h2 id=\"usages-conseilles\">Empfohlene Verwendung<\/h2>\n<ol>\n<li>Erstellen Sie eine \u00dcbernachtungsm\u00f6glichkeit f\u00fcr zwei Personen mit der 3&#215;3 m gro\u00dfen Expeditionsplane.<\/li>\n<li>Sch\u00fctzen Sie das Material am Beobachtungsposten mit der 2&#215;2 m gro\u00dfen Versandplane.<\/li>\n<li>Bringen Sie bei einem l\u00e4ngeren Biwak einen Windschutz oder eine Bodenmatte an.<\/li>\n<\/ol>\n<h2 id=\"caracteristiques-techniques\">Technische Merkmale<\/h2>\n<ul>\n<li>Zusammensetzung: 100 % Nylon, enth\u00e4lt kein Polyester.<\/li>\n<li>Farbe: camo FR\/CE.<\/li>\n<li>Technologie: Hergestellt aus Ripstop-Gewebe, Waterprotect 4000, verst\u00e4rkte N\u00e4hte.<\/li>\n<li>Kompatibles Zubeh\u00f6r: Befestigungss\u00e4tze 01.202728 \/ 01.202729.<\/li>\n<\/ul>\n<p>Ob f\u00fcr eine leichte Wanderung oder eine l\u00e4ngere Mission, die Expeditionsfeldplane bietet Robustheit, zuverl\u00e4ssigen Halt und Langlebigkeit.<\/p>\n<p><img decoding=\"async\" style=\"cursor: pointer;display: block;float: unset;margin: auto\" src=\"https:\/\/media.a10-equipment.com\/media\/\/sync\/picto\/x74\/A10-ripstop-2.5.jpg\" alt=\"Ripstop-Platte oder -Muster, gewebt als Gitter, mit eckigen Rahmen um die Platte herum; Text \"RIPSTOP 2.5\" darunter.\" width=\"173\" height=\"174\"><br \/>\n<img decoding=\"async\" style=\"cursor: pointer;display: block;float: unset;margin: auto\" src=\"https:\/\/media.a10-equipment.com\/media\/\/sync\/picto\/x74\/A10-lightshell-1layer.jpg\" alt=\"LightShell 1 Layer Produktlogo mit Tarnmuster, Kapuzensymbol und stilisierten Sensoren in der Mitte.\" width=\"165\" height=\"167\"><br \/>\n<img decoding=\"async\" style=\"cursor: pointer;display: block;float: unset;margin: auto\" src=\"https:\/\/media.a10-equipment.com\/media\/\/sync\/picto\/x74\/A10-water-protect-4000.jpg\" alt=\"Spritzwasserschutz: \"Water-Protect 4000\"-Logo mit Tropfen und gepunktetem Vlies, das eine hohe Wasserbest\u00e4ndigkeit anzeigt.\" width=\"165\" height=\"166\"><\/p>\n","protected":false},"excerpt":{"rendered":"<p>Entscheiden Sie sich f\u00fcr die EXPEDITION camo FR\/CE Feldplane: Ripstop-Gewebe, Wasserschutzbeschichtung 4000, verst\u00e4rkte Metall\u00f6sen. Leicht, kompakt und vielseitig, bietet sie zuverl\u00e4ssigen Schutz bei jedem Biwak oder Einsatz. <\/p>\n","protected":false},"featured_media":15917,"comment_status":"closed","ping_status":"closed","template":"","meta":[],"product_brand":[],"product_cat":[447,1929],"product_tag":[],"marque":[],"class_list":{"0":"post-17568","1":"product","2":"type-product","3":"status-publish","4":"has-post-thumbnail","6":"product_cat-zubehor-draussen","7":"product_cat-zusammenstellung-meines-uberlebensrucksacks","9":"first","10":"instock","11":"sale","12":"taxable","13":"shipping-taxable","14":"purchasable","15":"product-type-variable"},"aioseo_notices":[],"_links":{"self":[{"href":"https:\/\/tmandoutdoor.com\/de\/wp-json\/wp\/v2\/product\/17568","targetHints":{"allow":["GET"]}}],"collection":[{"href":"https:\/\/tmandoutdoor.com\/de\/wp-json\/wp\/v2\/product"}],"about":[{"href":"https:\/\/tmandoutdoor.com\/de\/wp-json\/wp\/v2\/types\/product"}],"replies":[{"embeddable":true,"href":"https:\/\/tmandoutdoor.com\/de\/wp-json\/wp\/v2\/comments?post=17568"}],"wp:featuredmedia":[{"embeddable":true,"href":"https:\/\/tmandoutdoor.com\/de\/wp-json\/wp\/v2\/media\/15917"}],"wp:attachment":[{"href":"https:\/\/tmandoutdoor.com\/de\/wp-json\/wp\/v2\/media?parent=17568"}],"wp:term":[{"taxonomy":"product_brand","embeddable":true,"href":"https:\/\/tmandoutdoor.com\/de\/wp-json\/wp\/v2\/product_brand?post=17568"},{"taxonomy":"product_cat","embeddable":true,"href":"https:\/\/tmandoutdoor.com\/de\/wp-json\/wp\/v2\/product_cat?post=17568"},{"taxonomy":"product_tag","embeddable":true,"href":"https:\/\/tmandoutdoor.com\/de\/wp-json\/wp\/v2\/product_tag?post=17568"},{"taxonomy":"marque","embeddable":true,"href":"https:\/\/tmandoutdoor.com\/de\/wp-json\/wp\/v2\/marque?post=17568"}],"curies":[{"name":"wp","href":"https:\/\/api.w.org\/{rel}","templated":true}]}}