{"id":17547,"date":"2024-10-19T14:54:41","date_gmt":"2024-10-19T12:54:41","guid":{"rendered":"https:\/\/tmandoutdoor.com\/produit\/befestigungssatz-fuer-eine-feldplane-expedition\/"},"modified":"2024-11-15T21:31:31","modified_gmt":"2024-11-15T20:31:31","slug":"befestigungssatz-fuer-eine-feldplane-expedition","status":"publish","type":"product","link":"https:\/\/tmandoutdoor.com\/de\/produkt\/befestigungssatz-fuer-eine-feldplane-expedition\/","title":{"rendered":"Befestigungssatz f\u00fcr eine Feldplane EXPEDITION"},"content":{"rendered":"<div class=\"content std\"><strong>WIDERSTANDSF\u00c4HIGKEIT:<\/strong><br \/>\n&#8211; Nylonsaiten<br \/>\n&#8211; Profilierte Metallpfl\u00f6cke<br \/>\n&#8211; Inklusive Transporttasche<\/div>\n<div><\/div>\n<div class=\"content std\"><strong>ZUSAMMENSETZUNG<\/strong>:<br \/>\n&#8211; Seile: 100% Nylon<br \/>\n&#8211; Pf\u00e4hle: 100% ProfilmetallDIMENSIONEN:<br \/>\n&#8211; Seil: L. 4 m<br \/>\n&#8211; Pf\u00e4hle: H. 18 cm<\/div>\n<div class=\"content std\">\n<p>&nbsp;<\/p>\n<p><strong>10 St\u00fcck :  <\/strong><\/p>\n<p>&#8211; 4 Seile mit rutschfesten Doppellochschlaufen<br \/>\n&#8211; 6 Heringe<br \/>\n&#8211; inkl. Transporttasche Gewicht: 255 g<\/p>\n<p><strong>20 St\u00fcck :  <\/strong><\/p>\n<p>&#8211; 8 Seile mit rutschfesten Doppellochschlaufen<br \/>\n&#8211; 12 Heringe<br \/>\n&#8211; inkl. Transporttasche<br \/>\nGewicht: 495 g<\/p>\n<p>&nbsp;<\/p>\n<p>PFLEGEEMPFEHLUNGEN: Handw\u00e4sche<\/p>\n<\/div>\n","protected":false},"excerpt":{"rendered":"<p>Die Produktreihe EXPEDITION mit ihren vielseitigen, widerstandsf\u00e4higen, kompakten und leichten Feldplanen bietet auch eine Vielzahl von Zubeh\u00f6rteilen, die f\u00fcr Ihre Missionen und Biwaks geeignet sind.<\/p>\n<p>Das EXPEDITION-Befestigungsset erg\u00e4nzt die Feldplanen und enth\u00e4lt Seile und Heringe aus Metall, die widerstandsf\u00e4hig und f\u00fcr alle Bodenarten geeignet sind.<\/p>\n","protected":false},"featured_media":15867,"comment_status":"closed","ping_status":"closed","template":"","meta":[],"product_brand":[],"product_cat":[447],"product_tag":[],"marque":[],"class_list":{"0":"post-17547","1":"product","2":"type-product","3":"status-publish","4":"has-post-thumbnail","6":"product_cat-zubehor-draussen","8":"first","9":"instock","10":"taxable","11":"shipping-taxable","12":"purchasable","13":"product-type-variable"},"aioseo_notices":[],"_links":{"self":[{"href":"https:\/\/tmandoutdoor.com\/de\/wp-json\/wp\/v2\/product\/17547","targetHints":{"allow":["GET"]}}],"collection":[{"href":"https:\/\/tmandoutdoor.com\/de\/wp-json\/wp\/v2\/product"}],"about":[{"href":"https:\/\/tmandoutdoor.com\/de\/wp-json\/wp\/v2\/types\/product"}],"replies":[{"embeddable":true,"href":"https:\/\/tmandoutdoor.com\/de\/wp-json\/wp\/v2\/comments?post=17547"}],"wp:featuredmedia":[{"embeddable":true,"href":"https:\/\/tmandoutdoor.com\/de\/wp-json\/wp\/v2\/media\/15867"}],"wp:attachment":[{"href":"https:\/\/tmandoutdoor.com\/de\/wp-json\/wp\/v2\/media?parent=17547"}],"wp:term":[{"taxonomy":"product_brand","embeddable":true,"href":"https:\/\/tmandoutdoor.com\/de\/wp-json\/wp\/v2\/product_brand?post=17547"},{"taxonomy":"product_cat","embeddable":true,"href":"https:\/\/tmandoutdoor.com\/de\/wp-json\/wp\/v2\/product_cat?post=17547"},{"taxonomy":"product_tag","embeddable":true,"href":"https:\/\/tmandoutdoor.com\/de\/wp-json\/wp\/v2\/product_tag?post=17547"},{"taxonomy":"marque","embeddable":true,"href":"https:\/\/tmandoutdoor.com\/de\/wp-json\/wp\/v2\/marque?post=17547"}],"curies":[{"name":"wp","href":"https:\/\/api.w.org\/{rel}","templated":true}]}}