{"id":17422,"date":"2024-10-17T14:07:09","date_gmt":"2024-10-17T12:07:09","guid":{"rendered":"https:\/\/tmandoutdoor.com\/produit\/baroudeur-messer-rot\/"},"modified":"2025-08-03T21:02:37","modified_gmt":"2025-08-03T19:02:37","slug":"baroudeur-messer-rot","status":"publish","type":"product","link":"https:\/\/tmandoutdoor.com\/de\/produkt\/baroudeur-messer-rot\/","title":{"rendered":"Baroudeur\u00ae Messer &#8211; Rot"},"content":{"rendered":"<p>Die \u00c4sthetik und die Funktionalit\u00e4t dieses Messers wurden von der Armee \u00fcber den SCA (Service Central des Arm\u00e9es) weitgehend vorgegeben. TB \u00fcbernahm die Umsetzung dieser Anforderungen, sowie die mechanische Entwicklung und Herstellung unter Einhaltung eines besonders strengen Lastenheftes. Im Vergleich zum Bivouac\u00ae ist der Baroudeur\u00ae st\u00e4rker, aber auch schwerer. Das Besteck ist immer noch im Lieferumfang des Messers enthalten, aber es ist nicht mehr fest mit dem Messer verbunden. Die Verriegelung erfolgt durch einen Liner-Lock, dessen Zuverl\u00e4ssigkeit durch die pr\u00e4zise Herstellung mit Hilfe von hochpr\u00e4zisen Bearbeitungsmaschinen gew\u00e4hrleistet wird. Au\u00dferdem ist es m\u00f6glich, das Messer mit einer Hand zu \u00f6ffnen&#8230; solange Sie Rechtsh\u00e4nder sind. Baroudeur\u00ae ist das erste Messer, das mit Hilfe von CNC-Maschinen und Laserschneidemaschinen in gro\u00dfem Ma\u00dfstab mit gr\u00f6\u00dferer Regelm\u00e4\u00dfigkeit und Zuverl\u00e4ssigkeit hergestellt werden kann. Mit dem angek\u00fcndigten Ende seiner Herstellung wird Baroudeur\u00ae in die Geschichte der Soldatenausr\u00fcstung eingehen. Bis heute ist es das Messer, das unsere Soldaten am l\u00e4ngsten begleitet hat. Es ist noch Zeit, dieses St\u00fcck Geschichte zu kaufen! <\/p>\n<div class=\"feature-chart__table-row\">\n<div class=\"feature-chart__heading bold\">Sch\u00e4rfwinkel 22<\/div>\n<\/div>\n<div class=\"feature-chart__table-row\">\n<div class=\"feature-chart__heading bold\">Gewicht 197 g<\/div>\n<\/div>\n<div class=\"feature-chart__table-row\">\n<div class=\"feature-chart__heading bold\">ABS-Stiel<\/div>\n<\/div>\n<div class=\"feature-chart__table-row\">\n<div class=\"feature-chart__heading bold\">HRC 55<\/div>\n<\/div>\n","protected":false},"excerpt":{"rendered":"<p>Dieses legend\u00e4re Messer l\u00f6ste das nicht minder legend\u00e4re Bivouac\u00ae Messer ab. Es war das offizielle Feldmesser unserer Soldaten von 2001 bis 2017. W\u00e4hrend das Bivouac\u00ae durch seine einfache Konstruktion und sein patentiertes System zur Befestigung von Besteck auf beiden Seiten des Griffs ber\u00fchmt wurde, hat dieses &#8220;Couteau de Campagne&#8221;, das so genannt wurde, weil es unsere Soldaten bei allen operativen Kampagnen rund um die Welt begleitet hat, eine robustere Konstruktion. Die Klinge wird durch einen pr\u00e4zisionsgefertigten Liner Lock gesichert. Es verf\u00fcgt immer noch \u00fcber die wichtigsten Funktionen, eine Klinge mit einer in jeder Situation wirksamen Sch\u00e4rfe, einen Dosen\u00f6ffner, einen Korkenzieher, ein gro\u00dfes Besteckfach und eine Tragetasche. Baroudeur\u00ae muss sich zur\u00fcckziehen und wird nicht mehr hergestellt. Sobald die Best\u00e4nde ersch\u00f6pft sind, wird dieses Messer zu einem echten Sammlerst\u00fcck werden.    <\/p>\n","protected":false},"featured_media":15620,"comment_status":"closed","ping_status":"closed","template":"","meta":[],"product_brand":[],"product_cat":[244,418],"product_tag":[],"marque":[729],"class_list":{"0":"post-17422","1":"product","2":"type-product","3":"status-publish","4":"has-post-thumbnail","6":"product_cat-messer","7":"product_cat-was-ist-neu","8":"marque-tb-outdoor","10":"first","11":"outofstock","12":"sale","13":"taxable","14":"shipping-taxable","15":"purchasable","16":"product-type-simple"},"aioseo_notices":[],"_links":{"self":[{"href":"https:\/\/tmandoutdoor.com\/de\/wp-json\/wp\/v2\/product\/17422","targetHints":{"allow":["GET"]}}],"collection":[{"href":"https:\/\/tmandoutdoor.com\/de\/wp-json\/wp\/v2\/product"}],"about":[{"href":"https:\/\/tmandoutdoor.com\/de\/wp-json\/wp\/v2\/types\/product"}],"replies":[{"embeddable":true,"href":"https:\/\/tmandoutdoor.com\/de\/wp-json\/wp\/v2\/comments?post=17422"}],"wp:featuredmedia":[{"embeddable":true,"href":"https:\/\/tmandoutdoor.com\/de\/wp-json\/wp\/v2\/media\/15620"}],"wp:attachment":[{"href":"https:\/\/tmandoutdoor.com\/de\/wp-json\/wp\/v2\/media?parent=17422"}],"wp:term":[{"taxonomy":"product_brand","embeddable":true,"href":"https:\/\/tmandoutdoor.com\/de\/wp-json\/wp\/v2\/product_brand?post=17422"},{"taxonomy":"product_cat","embeddable":true,"href":"https:\/\/tmandoutdoor.com\/de\/wp-json\/wp\/v2\/product_cat?post=17422"},{"taxonomy":"product_tag","embeddable":true,"href":"https:\/\/tmandoutdoor.com\/de\/wp-json\/wp\/v2\/product_tag?post=17422"},{"taxonomy":"marque","embeddable":true,"href":"https:\/\/tmandoutdoor.com\/de\/wp-json\/wp\/v2\/marque?post=17422"}],"curies":[{"name":"wp","href":"https:\/\/api.w.org\/{rel}","templated":true}]}}