{"id":17308,"date":"2024-08-13T12:09:37","date_gmt":"2024-08-13T10:09:37","guid":{"rendered":"https:\/\/tmandoutdoor.com\/produit\/kolonialer-helm-us-army\/"},"modified":"2025-11-28T09:28:09","modified_gmt":"2025-11-28T08:28:09","slug":"kolonialer-helm-us-army","status":"publish","type":"product","link":"https:\/\/tmandoutdoor.com\/de\/produkt\/kolonialer-helm-us-army\/","title":{"rendered":"Kolonialer Helm US Army"},"content":{"rendered":"<p>Ein aus Kork oder Pflanzenfasern hergestellter Helm, der mit Stoff \u00fcberzogen ist, um den Kopf vor der Sonne zu sch\u00fctzen. Zentrale Bel\u00fcftung und \u00d6sen an den Seiten. Der amerikanische Helm (auch bekannt als amerikanischer Kolonialhelm, Safarihelm, Tropenhelm, Sonnenhelm, Elefantenhelm oder Helm aus gepressten Fasern) ist ein Sonnenschutzhelm, der aus gepressten Fasern hergestellt wird. Er wurde von 1934 bis heute von vielen Teilen der Streitkr\u00e4fte der Vereinigten Staaten als Kopfbedeckung verwendet. Seit 2017 wird der Helm weiterhin von den F\u00fchrungskr\u00e4ften des US Marine Corps als Ikone getragen.<\/p>\n<p>&nbsp;<\/p>\n","protected":false},"excerpt":{"rendered":"<p>Originalgetreue Reproduktion eines Kolonialhelms der US Army.<\/p>\n<p>Hergestellt in Vietnam.<\/p>\n","protected":false},"featured_media":14713,"comment_status":"closed","ping_status":"closed","template":"","meta":[],"product_brand":[],"product_cat":[280],"product_tag":[],"marque":[],"class_list":{"0":"post-17308","1":"product","2":"type-product","3":"status-publish","4":"has-post-thumbnail","6":"product_cat-zubehoer","8":"first","9":"instock","10":"taxable","11":"shipping-taxable","12":"purchasable","13":"product-type-simple"},"aioseo_notices":[],"_links":{"self":[{"href":"https:\/\/tmandoutdoor.com\/de\/wp-json\/wp\/v2\/product\/17308","targetHints":{"allow":["GET"]}}],"collection":[{"href":"https:\/\/tmandoutdoor.com\/de\/wp-json\/wp\/v2\/product"}],"about":[{"href":"https:\/\/tmandoutdoor.com\/de\/wp-json\/wp\/v2\/types\/product"}],"replies":[{"embeddable":true,"href":"https:\/\/tmandoutdoor.com\/de\/wp-json\/wp\/v2\/comments?post=17308"}],"wp:featuredmedia":[{"embeddable":true,"href":"https:\/\/tmandoutdoor.com\/de\/wp-json\/wp\/v2\/media\/14713"}],"wp:attachment":[{"href":"https:\/\/tmandoutdoor.com\/de\/wp-json\/wp\/v2\/media?parent=17308"}],"wp:term":[{"taxonomy":"product_brand","embeddable":true,"href":"https:\/\/tmandoutdoor.com\/de\/wp-json\/wp\/v2\/product_brand?post=17308"},{"taxonomy":"product_cat","embeddable":true,"href":"https:\/\/tmandoutdoor.com\/de\/wp-json\/wp\/v2\/product_cat?post=17308"},{"taxonomy":"product_tag","embeddable":true,"href":"https:\/\/tmandoutdoor.com\/de\/wp-json\/wp\/v2\/product_tag?post=17308"},{"taxonomy":"marque","embeddable":true,"href":"https:\/\/tmandoutdoor.com\/de\/wp-json\/wp\/v2\/marque?post=17308"}],"curies":[{"name":"wp","href":"https:\/\/api.w.org\/{rel}","templated":true}]}}