{"id":17261,"date":"2024-08-13T11:02:58","date_gmt":"2024-08-13T09:02:58","guid":{"rendered":"https:\/\/tmandoutdoor.com\/produit\/honor-multifunktionale-fronttasche-gm\/"},"modified":"2024-08-13T11:02:58","modified_gmt":"2024-08-13T09:02:58","slug":"honor-multifunktionale-fronttasche-gm","status":"publish","type":"product","link":"https:\/\/tmandoutdoor.com\/de\/produkt\/honor-multifunktionale-fronttasche-gm\/","title":{"rendered":"HONOR\u00ae Multifunktionale Fronttasche (GM)"},"content":{"rendered":"<p><img decoding=\"async\" src=\"https:\/\/media.cdnws.com\/_i\/350030\/658\/2675\/59\/tissu-fabric-cordura-honor.jpeg\"><\/p>\n<p><strong>Die &#8220;LORICA&#8221;-Tasche eignet sich perfekt f\u00fcr die Anbringung an der Vorderseite Ihrer Plakettenweste, an einem dreifachen Magazinhalter, z.B. als Panel Pouch Typ &#8220;K\u00e4nguru&#8221;.<br \/>\nAu\u00dferdem ist sie ideal f\u00fcr Funker, Teamleiter und alle, die eine spezielle Aufgabe haben, bei der Werkzeuge und Unterlagen ben\u00f6tigt werden. <\/strong><\/p>\n<h3><em><strong>MERKMAL :  <\/strong><\/em><\/h3>\n<p>&nbsp;<\/p>\n<p><strong>&#8211; CORDURA 500D-Gewebe (Cordura MULTICAM U.S. f\u00fcr Camo)<\/strong><\/p>\n<p><strong>&#8211; Klettverschluss auf der Vorderseite und der Innenseite der Vorderseite<\/strong><\/p>\n<p><strong>&#8211; 5 Gummib\u00e4nder f\u00fcr die interne Organisation<\/strong><\/p>\n<p><strong>&#8211; Separates Innenfach<\/strong><\/p>\n<p><strong>&#8211; Verschlussriemen auf der R\u00fcckseite mit Kletteinsatz zur Sicherung der Tasche<\/strong><\/p>\n<p><strong>&#8211; Polymere Zuglasche erleichtert die Verwendung mit Handschuhen<\/strong><\/p>\n<p><strong>&#8211; Wasserablaufloch<\/strong><\/p>\n<p><strong>&#8211; Doppelter YKK-Rei\u00dfverschluss<\/strong><\/p>\n<p><strong>&#8211; Gr\u00f6\u00dfe: 25 x 16 x 3.5cm<\/strong><\/p>\n<p><strong>&#8211; Gewicht: 140g<\/strong><\/p>\n<p><strong>Alle auf den Bildern gezeigten Ausstattungen sind im HONOR\u00ae-Katalog enthalten.<\/strong><\/p>\n<h3><em><strong>NUTZUNG :  <\/strong><\/em><\/h3>\n<p>&nbsp;<\/p>\n<p><strong>Taktische K\u00e4nguru-Tasche (Front Panel), die an der Vorderseite einer Weste befestigt wird (z.B. an dreifachen Magazinhaltern), aber auch als Seitentasche oder G\u00fcrteltasche verwendet werden kann. Ideal f\u00fcr den Transport von Werkzeugen, Dokumenten oder anderen Gegenst\u00e4nden, die f\u00fcr Ihre Mission n\u00fctzlich sind.   <\/strong><\/p>\n<h3><em><strong>CORDURA\u00ae 500D MULTICAM-GEWEBE MADE IN USA :  <\/strong><\/em><\/h3>\n<p>&nbsp;<\/p>\n<p><strong>Gewicht: 200 Gramm pro Quadratmeter<\/strong><\/p>\n<p><strong>Zugfestigkeit: \u00fcber 200 kg<\/strong><\/p>\n<p><strong>Rei\u00dffestigkeit: \u00fcber 35,95 kg<\/strong><\/p>\n<p><strong>Abrieb: Getragen f\u00fcr 1955 Zyklen<\/strong><\/p>\n<p><strong>Wasserabweisend: 100%.<\/strong><\/p>\n<p><strong>Extrem abriebfest (4 Mal mehr als normales Nylon, sogar 20 Mal mehr als Baumwolle)<\/strong><\/p>\n","protected":false},"excerpt":{"rendered":"<p>Die Fronttasche &#8220;FrontLorica&#8221; ist ideal f\u00fcr den schnellen Zugriff auf Ihre spezielle Missionsausr\u00fcstung, ohne dass Ihr Namensschildhalter und Ihre Erstausstattung \u00fcberlastet werden.<\/p>\n","protected":false},"featured_media":14674,"comment_status":"closed","ping_status":"closed","template":"","meta":[],"product_brand":[],"product_cat":[418,447],"product_tag":[],"marque":[717],"class_list":{"0":"post-17261","1":"product","2":"type-product","3":"status-publish","4":"has-post-thumbnail","6":"product_cat-was-ist-neu","7":"product_cat-zubehor-draussen","8":"marque-honor","10":"first","11":"instock","12":"taxable","13":"shipping-taxable","14":"purchasable","15":"product-type-variable"},"aioseo_notices":[],"_links":{"self":[{"href":"https:\/\/tmandoutdoor.com\/de\/wp-json\/wp\/v2\/product\/17261","targetHints":{"allow":["GET"]}}],"collection":[{"href":"https:\/\/tmandoutdoor.com\/de\/wp-json\/wp\/v2\/product"}],"about":[{"href":"https:\/\/tmandoutdoor.com\/de\/wp-json\/wp\/v2\/types\/product"}],"replies":[{"embeddable":true,"href":"https:\/\/tmandoutdoor.com\/de\/wp-json\/wp\/v2\/comments?post=17261"}],"wp:featuredmedia":[{"embeddable":true,"href":"https:\/\/tmandoutdoor.com\/de\/wp-json\/wp\/v2\/media\/14674"}],"wp:attachment":[{"href":"https:\/\/tmandoutdoor.com\/de\/wp-json\/wp\/v2\/media?parent=17261"}],"wp:term":[{"taxonomy":"product_brand","embeddable":true,"href":"https:\/\/tmandoutdoor.com\/de\/wp-json\/wp\/v2\/product_brand?post=17261"},{"taxonomy":"product_cat","embeddable":true,"href":"https:\/\/tmandoutdoor.com\/de\/wp-json\/wp\/v2\/product_cat?post=17261"},{"taxonomy":"product_tag","embeddable":true,"href":"https:\/\/tmandoutdoor.com\/de\/wp-json\/wp\/v2\/product_tag?post=17261"},{"taxonomy":"marque","embeddable":true,"href":"https:\/\/tmandoutdoor.com\/de\/wp-json\/wp\/v2\/marque?post=17261"}],"curies":[{"name":"wp","href":"https:\/\/api.w.org\/{rel}","templated":true}]}}